{"id":10012,"date":"2021-06-28T08:01:26","date_gmt":"2021-06-28T05:01:26","guid":{"rendered":"https:\/\/www.tampereenratikka.fi\/?page_id=10012"},"modified":"2025-06-27T14:25:42","modified_gmt":"2025-06-27T11:25:42","slug":"tampere-tramway-ltd","status":"publish","type":"page","link":"https:\/\/www.tampereenratikka.fi\/en\/tampere-tramway-ltd\/","title":{"rendered":"Tampere Tramway Ltd."},"content":{"rendered":"\n<figure class=\"wp-block-pullquote\"><blockquote><p>Tampere Tramway Ltd is a company owned by the City of Tampere with the City of Kangasala, the Municipality of Pirkkala and the City of Yl\u00f6j\u00e4rvi. <\/p><\/blockquote><\/figure>\n\n\n\n<h2 class=\"wp-block-heading\">Contact info<\/h2>\n\n\n\n<h3 class=\"wp-block-heading\">Tampere Tramway Ltd<\/h3>\n\n\n\n<p>info@tampereenraitiotie.fi<br>tel. +358 (0)3 7671 095<br>Weekdays from 9:30 to 15:30<br><em>Closed on public Holidays and 23.12. &amp; 31.12.2024.<\/em><\/p>\n\n\n\n<h4 class=\"wp-block-heading\">Visiting and postal addresses (appointments only)<\/h4>\n\n\n\n<p><strong>Tampere Tramway Depot<\/strong>:<\/p>\n\n\n\n<p>Tampereen Raitiotie Oy<br>Kauhakorvenkatu 2<br>FI-33720 Tampere<\/p>\n\n\n\n<p><strong>Office in the city centre<\/strong>:<\/p>\n\n\n\n<p>Tampereen Raitiotie Oy<br>H\u00e4meenkatu 6 A<br>FI- 33100 Tampere<\/p>\n\n\n\n<h4 class=\"wp-block-heading\">Management<\/h4>\n\n\n\n<p>CEO Pekka Sirvi\u00f6<br>tel. +358 40 334 5798<br>pekka.sirvio@tampereenraitiotie.fi<\/p>\n\n\n\n<div class=\"wp-block-buttons is-layout-flex wp-block-buttons-is-layout-flex\">\n<div class=\"wp-block-button\"><a class=\"wp-block-button__link wp-element-button\" href=\"https:\/\/www.tampereenratikka.fi\/en\/tampere-tramway-ltd\/personnel\/\">Personnel<\/a><\/div>\n<\/div>\n\n\n\n<p><strong>Please note!<\/strong> Give feedback on travel, routes and public transport to Nysse\u2019s customer service.<\/p>\n\n\n\n<div class=\"wp-block-buttons is-layout-flex wp-block-buttons-is-layout-flex\">\n<div class=\"wp-block-button\"><a class=\"wp-block-button__link wp-element-button\" href=\"https:\/\/www.nysse.fi\/en\/customer-service.html\" target=\"_blank\" rel=\"noreferrer noopener\">Nysse Customer Service<\/a><\/div>\n<\/div>\n\n\n\n<p><strong>Please note! <\/strong>Give feedback on tramway construction to Tampere Service Point<\/p>\n\n\n\n<div class=\"wp-block-buttons is-layout-flex wp-block-buttons-is-layout-flex\">\n<div class=\"wp-block-button\"><a class=\"wp-block-button__link wp-element-button\" href=\"https:\/\/www.tampere.fi\/en\/organisation\/tampere-service-point\" target=\"_blank\" rel=\"noreferrer noopener\">Tampere Service Point<\/a><\/div>\n<\/div>\n\n\n\n<h4 class=\"wp-block-heading\">Board of Directors<\/h4>\n\n\n\n<p>Lauri Lyly (Chair of the Board)<br>Rikard Bjurstr\u00f6m<br>Timo Hanhilahti<br>Olli Niemi<br>Markus Sj\u00f6lund<br>Jaakko Stenh\u00e4ll<br>Johanna W\u00e4re<\/p>\n","protected":false},"excerpt":{"rendered":"<p>Tampere Tramway Ltd is a company owned by the City of Tampere with the City of Kangasala, the Municipality of Pirkkala and the City of Yl\u00f6j\u00e4rvi. Contact info Tampere Tramway Ltd info@tampereenraitiotie.fitel. +358 (0)3 7671 095Weekdays from 9:30 to 15:30Closed on public Holidays and 23.12. &amp; 31.12.2024. Visiting and postal addresses (appointments only) Tampere Tramway [&hellip;]<\/p>\n","protected":false},"author":23,"featured_media":1428,"parent":0,"menu_order":0,"comment_status":"closed","ping_status":"closed","template":"","meta":{"_acf_changed":false,"footnotes":""},"class_list":["post-10012","page","type-page","status-publish","has-post-thumbnail","hentry"],"acf":[],"yoast_head":"<!-- This site is optimized with the Yoast SEO plugin v27.2 - https:\/\/yoast.com\/product\/yoast-seo-wordpress\/ -->\n<title>Tampere Tramway Ltd. | Tampereen Ratikka<\/title>\n<meta name=\"description\" content=\"Tampere Tramway Ltd is a company owned by the City of Tampere with the City of Kangasala, the Municipality of Pirkkala and the City of Yl\u00f6j\u00e4rvi.\" \/>\n<meta name=\"robots\" content=\"index, follow, max-snippet:-1, max-image-preview:large, max-video-preview:-1\" \/>\n<link rel=\"canonical\" href=\"https:\/\/www.tampereenratikka.fi\/en\/tampere-tramway-ltd\/\" \/>\n<meta property=\"og:locale\" content=\"en_US\" \/>\n<meta property=\"og:type\" content=\"article\" \/>\n<meta property=\"og:title\" content=\"Tampere Tramway Ltd. | Tampereen Ratikka\" \/>\n<meta property=\"og:description\" content=\"Tampere Tramway Ltd is a company owned by the City of Tampere with the City of Kangasala, the Municipality of Pirkkala and the City of Yl\u00f6j\u00e4rvi.\" \/>\n<meta property=\"og:url\" content=\"https:\/\/www.tampereenratikka.fi\/en\/tampere-tramway-ltd\/\" \/>\n<meta property=\"og:site_name\" content=\"Tampereen Ratikka\" \/>\n<meta property=\"article:modified_time\" content=\"2025-06-27T11:25:42+00:00\" \/>\n<meta property=\"og:image\" content=\"https:\/\/www.tampereenratikka.fi\/wp-content\/uploads\/2018\/03\/TampereenRaitiotieOy-2.jpg\" \/>\n\t<meta property=\"og:image:width\" content=\"400\" \/>\n\t<meta property=\"og:image:height\" content=\"243\" \/>\n\t<meta property=\"og:image:type\" content=\"image\/jpeg\" \/>\n<meta name=\"twitter:card\" content=\"summary_large_image\" \/>\n<meta name=\"twitter:label1\" content=\"Est. reading time\" \/>\n\t<meta name=\"twitter:data1\" content=\"1 minute\" \/>\n<script type=\"application\/ld+json\" class=\"yoast-schema-graph\">{\"@context\":\"https:\/\/schema.org\",\"@graph\":[{\"@type\":\"WebPage\",\"@id\":\"https:\/\/www.tampereenratikka.fi\/en\/tampere-tramway-ltd\/\",\"url\":\"https:\/\/www.tampereenratikka.fi\/en\/tampere-tramway-ltd\/\",\"name\":\"Tampere Tramway Ltd. | Tampereen Ratikka\",\"isPartOf\":{\"@id\":\"https:\/\/www.tampereenratikka.fi\/en\/#website\"},\"primaryImageOfPage\":{\"@id\":\"https:\/\/www.tampereenratikka.fi\/en\/tampere-tramway-ltd\/#primaryimage\"},\"image\":{\"@id\":\"https:\/\/www.tampereenratikka.fi\/en\/tampere-tramway-ltd\/#primaryimage\"},\"thumbnailUrl\":\"https:\/\/www.tampereenratikka.fi\/wp-content\/uploads\/2018\/03\/TampereenRaitiotieOy-2.jpg\",\"datePublished\":\"2021-06-28T05:01:26+00:00\",\"dateModified\":\"2025-06-27T11:25:42+00:00\",\"description\":\"Tampere Tramway Ltd is a company owned by the City of Tampere with the City of Kangasala, the Municipality of Pirkkala and the City of Yl\u00f6j\u00e4rvi.\",\"breadcrumb\":{\"@id\":\"https:\/\/www.tampereenratikka.fi\/en\/tampere-tramway-ltd\/#breadcrumb\"},\"inLanguage\":\"en-US\",\"potentialAction\":[{\"@type\":\"ReadAction\",\"target\":[\"https:\/\/www.tampereenratikka.fi\/en\/tampere-tramway-ltd\/\"]}]},{\"@type\":\"ImageObject\",\"inLanguage\":\"en-US\",\"@id\":\"https:\/\/www.tampereenratikka.fi\/en\/tampere-tramway-ltd\/#primaryimage\",\"url\":\"https:\/\/www.tampereenratikka.fi\/wp-content\/uploads\/2018\/03\/TampereenRaitiotieOy-2.jpg\",\"contentUrl\":\"https:\/\/www.tampereenratikka.fi\/wp-content\/uploads\/2018\/03\/TampereenRaitiotieOy-2.jpg\",\"width\":400,\"height\":243,\"caption\":\"Tampereen Raitiotie Oy logo\"},{\"@type\":\"BreadcrumbList\",\"@id\":\"https:\/\/www.tampereenratikka.fi\/en\/tampere-tramway-ltd\/#breadcrumb\",\"itemListElement\":[{\"@type\":\"ListItem\",\"position\":1,\"name\":\"\",\"item\":\"https:\/\/www.tampereenratikka.fi\/en\/\"},{\"@type\":\"ListItem\",\"position\":2,\"name\":\"Tampere Tramway Ltd.\"}]},{\"@type\":\"WebSite\",\"@id\":\"https:\/\/www.tampereenratikka.fi\/en\/#website\",\"url\":\"https:\/\/www.tampereenratikka.fi\/en\/\",\"name\":\"Tampereen Ratikka\",\"description\":\"\",\"potentialAction\":[{\"@type\":\"SearchAction\",\"target\":{\"@type\":\"EntryPoint\",\"urlTemplate\":\"https:\/\/www.tampereenratikka.fi\/en\/?s={search_term_string}\"},\"query-input\":{\"@type\":\"PropertyValueSpecification\",\"valueRequired\":true,\"valueName\":\"search_term_string\"}}],\"inLanguage\":\"en-US\"}]}<\/script>\n<!-- \/ Yoast SEO plugin. -->","yoast_head_json":{"title":"Tampere Tramway Ltd. | Tampereen Ratikka","description":"Tampere Tramway Ltd is a company owned by the City of Tampere with the City of Kangasala, the Municipality of Pirkkala and the City of Yl\u00f6j\u00e4rvi.","robots":{"index":"index","follow":"follow","max-snippet":"max-snippet:-1","max-image-preview":"max-image-preview:large","max-video-preview":"max-video-preview:-1"},"canonical":"https:\/\/www.tampereenratikka.fi\/en\/tampere-tramway-ltd\/","og_locale":"en_US","og_type":"article","og_title":"Tampere Tramway Ltd. | Tampereen Ratikka","og_description":"Tampere Tramway Ltd is a company owned by the City of Tampere with the City of Kangasala, the Municipality of Pirkkala and the City of Yl\u00f6j\u00e4rvi.","og_url":"https:\/\/www.tampereenratikka.fi\/en\/tampere-tramway-ltd\/","og_site_name":"Tampereen Ratikka","article_modified_time":"2025-06-27T11:25:42+00:00","og_image":[{"width":400,"height":243,"url":"https:\/\/www.tampereenratikka.fi\/wp-content\/uploads\/2018\/03\/TampereenRaitiotieOy-2.jpg","type":"image\/jpeg"}],"twitter_card":"summary_large_image","twitter_misc":{"Est. reading time":"1 minute"},"schema":{"@context":"https:\/\/schema.org","@graph":[{"@type":"WebPage","@id":"https:\/\/www.tampereenratikka.fi\/en\/tampere-tramway-ltd\/","url":"https:\/\/www.tampereenratikka.fi\/en\/tampere-tramway-ltd\/","name":"Tampere Tramway Ltd. | Tampereen Ratikka","isPartOf":{"@id":"https:\/\/www.tampereenratikka.fi\/en\/#website"},"primaryImageOfPage":{"@id":"https:\/\/www.tampereenratikka.fi\/en\/tampere-tramway-ltd\/#primaryimage"},"image":{"@id":"https:\/\/www.tampereenratikka.fi\/en\/tampere-tramway-ltd\/#primaryimage"},"thumbnailUrl":"https:\/\/www.tampereenratikka.fi\/wp-content\/uploads\/2018\/03\/TampereenRaitiotieOy-2.jpg","datePublished":"2021-06-28T05:01:26+00:00","dateModified":"2025-06-27T11:25:42+00:00","description":"Tampere Tramway Ltd is a company owned by the City of Tampere with the City of Kangasala, the Municipality of Pirkkala and the City of Yl\u00f6j\u00e4rvi.","breadcrumb":{"@id":"https:\/\/www.tampereenratikka.fi\/en\/tampere-tramway-ltd\/#breadcrumb"},"inLanguage":"en-US","potentialAction":[{"@type":"ReadAction","target":["https:\/\/www.tampereenratikka.fi\/en\/tampere-tramway-ltd\/"]}]},{"@type":"ImageObject","inLanguage":"en-US","@id":"https:\/\/www.tampereenratikka.fi\/en\/tampere-tramway-ltd\/#primaryimage","url":"https:\/\/www.tampereenratikka.fi\/wp-content\/uploads\/2018\/03\/TampereenRaitiotieOy-2.jpg","contentUrl":"https:\/\/www.tampereenratikka.fi\/wp-content\/uploads\/2018\/03\/TampereenRaitiotieOy-2.jpg","width":400,"height":243,"caption":"Tampereen Raitiotie Oy logo"},{"@type":"BreadcrumbList","@id":"https:\/\/www.tampereenratikka.fi\/en\/tampere-tramway-ltd\/#breadcrumb","itemListElement":[{"@type":"ListItem","position":1,"name":"","item":"https:\/\/www.tampereenratikka.fi\/en\/"},{"@type":"ListItem","position":2,"name":"Tampere Tramway Ltd."}]},{"@type":"WebSite","@id":"https:\/\/www.tampereenratikka.fi\/en\/#website","url":"https:\/\/www.tampereenratikka.fi\/en\/","name":"Tampereen Ratikka","description":"","potentialAction":[{"@type":"SearchAction","target":{"@type":"EntryPoint","urlTemplate":"https:\/\/www.tampereenratikka.fi\/en\/?s={search_term_string}"},"query-input":{"@type":"PropertyValueSpecification","valueRequired":true,"valueName":"search_term_string"}}],"inLanguage":"en-US"}]}},"_links":{"self":[{"href":"https:\/\/www.tampereenratikka.fi\/en\/wp-json\/wp\/v2\/pages\/10012","targetHints":{"allow":["GET"]}}],"collection":[{"href":"https:\/\/www.tampereenratikka.fi\/en\/wp-json\/wp\/v2\/pages"}],"about":[{"href":"https:\/\/www.tampereenratikka.fi\/en\/wp-json\/wp\/v2\/types\/page"}],"author":[{"embeddable":true,"href":"https:\/\/www.tampereenratikka.fi\/en\/wp-json\/wp\/v2\/users\/23"}],"replies":[{"embeddable":true,"href":"https:\/\/www.tampereenratikka.fi\/en\/wp-json\/wp\/v2\/comments?post=10012"}],"version-history":[{"count":52,"href":"https:\/\/www.tampereenratikka.fi\/en\/wp-json\/wp\/v2\/pages\/10012\/revisions"}],"predecessor-version":[{"id":25543,"href":"https:\/\/www.tampereenratikka.fi\/en\/wp-json\/wp\/v2\/pages\/10012\/revisions\/25543"}],"wp:featuredmedia":[{"embeddable":true,"href":"https:\/\/www.tampereenratikka.fi\/en\/wp-json\/wp\/v2\/media\/1428"}],"wp:attachment":[{"href":"https:\/\/www.tampereenratikka.fi\/en\/wp-json\/wp\/v2\/media?parent=10012"}],"curies":[{"name":"wp","href":"https:\/\/api.w.org\/{rel}","templated":true}]}}