{"id":17267,"date":"2023-05-24T10:09:48","date_gmt":"2023-05-24T07:09:48","guid":{"rendered":"https:\/\/www.tampereenratikka.fi\/?page_id=17267"},"modified":"2025-02-06T15:35:55","modified_gmt":"2025-02-06T13:35:55","slug":"contact-us","status":"publish","type":"page","link":"https:\/\/www.tampereenratikka.fi\/en\/lyyli-living-lab\/contact-us\/","title":{"rendered":"Contact us"},"content":{"rendered":"\n<p>The host organisation for the Lyyli Living Lab project is Tampere Tramway Ltd. The project is being implemented in cooperation with the City of Tampere, Business Tampere, Skoda, and the University of Tampere.\u00a0<\/p>\n\n\n\n<p><strong><strong>Mika Luutikivi<\/strong><\/strong><br>Head of Rolling Stock<br>Tampere Tramway Ltd.<br>tel. +358 40\u00a0353 2012<br>mika.luutikivi (at) tampereenraitiotie.fi<\/p>\n\n\n\n<p><strong>Iiro Palosara<\/strong><br>Rolling Stock Engineer<br>Tampere Tramway Ltd.<br>tel. +358 50 918 0880<br>iiro.palosara (at) tampereenraitiotie.fi<\/p>\n\n\n\n<p><strong>Olli Pihlajamaa<br><\/strong>Senior Scientist<br>VTT<br>tel.&nbsp; +358 40 506 9153<br>olli.pihlajamaa@vtt.fi<\/p>\n\n\n\n<p><strong>Markku Niemi<\/strong><br>Director, Smart City<br>Business Tampere<br>tel. +358 50 511 7341<br>markku.niemi@businesstampere.com<\/p>\n","protected":false},"excerpt":{"rendered":"<p>The host organisation for the Lyyli Living Lab project is Tampere Tramway Ltd. The project is being implemented in cooperation with the City of Tampere, Business Tampere, Skoda, and the University of Tampere.\u00a0 Mika LuutikiviHead of Rolling StockTampere Tramway Ltd.tel. +358 40\u00a0353 2012mika.luutikivi (at) tampereenraitiotie.fi Iiro PalosaraRolling Stock EngineerTampere Tramway Ltd.tel. +358 50 918 0880iiro.palosara [&hellip;]<\/p>\n","protected":false},"author":23,"featured_media":23104,"parent":17259,"menu_order":0,"comment_status":"closed","ping_status":"closed","template":"","meta":{"_acf_changed":false,"footnotes":""},"class_list":["post-17267","page","type-page","status-publish","has-post-thumbnail","hentry"],"acf":[],"yoast_head":"<!-- This site is optimized with the Yoast SEO plugin v27.2 - https:\/\/yoast.com\/product\/yoast-seo-wordpress\/ -->\n<title>Contact us | Tampereen Ratikka<\/title>\n<meta name=\"description\" content=\"The host organisation for the Lyyli Living Lab project is Tampere Tramway Ltd.\" \/>\n<meta name=\"robots\" content=\"index, follow, max-snippet:-1, max-image-preview:large, max-video-preview:-1\" \/>\n<link rel=\"canonical\" href=\"https:\/\/www.tampereenratikka.fi\/en\/lyyli-living-lab\/contact-us\/\" \/>\n<meta property=\"og:locale\" content=\"en_US\" \/>\n<meta property=\"og:type\" content=\"article\" \/>\n<meta property=\"og:title\" content=\"Contact us | Tampereen Ratikka\" \/>\n<meta property=\"og:description\" content=\"The host organisation for the Lyyli Living Lab project is Tampere Tramway Ltd.\" \/>\n<meta property=\"og:url\" content=\"https:\/\/www.tampereenratikka.fi\/en\/lyyli-living-lab\/contact-us\/\" \/>\n<meta property=\"og:site_name\" content=\"Tampereen Ratikka\" \/>\n<meta property=\"article:modified_time\" content=\"2025-02-06T13:35:55+00:00\" \/>\n<meta property=\"og:image\" content=\"https:\/\/www.tampereenratikka.fi\/wp-content\/uploads\/2024\/12\/Ratikka-talvella-2024-9-1024x683.jpg\" \/>\n\t<meta property=\"og:image:width\" content=\"1024\" \/>\n\t<meta property=\"og:image:height\" content=\"683\" \/>\n\t<meta property=\"og:image:type\" content=\"image\/jpeg\" \/>\n<meta name=\"twitter:card\" content=\"summary_large_image\" \/>\n<meta name=\"twitter:label1\" content=\"Est. reading time\" \/>\n\t<meta name=\"twitter:data1\" content=\"1 minute\" \/>\n<script type=\"application\/ld+json\" class=\"yoast-schema-graph\">{\"@context\":\"https:\/\/schema.org\",\"@graph\":[{\"@type\":\"WebPage\",\"@id\":\"https:\/\/www.tampereenratikka.fi\/en\/lyyli-living-lab\/contact-us\/\",\"url\":\"https:\/\/www.tampereenratikka.fi\/en\/lyyli-living-lab\/contact-us\/\",\"name\":\"Contact us | Tampereen Ratikka\",\"isPartOf\":{\"@id\":\"https:\/\/www.tampereenratikka.fi\/en\/#website\"},\"primaryImageOfPage\":{\"@id\":\"https:\/\/www.tampereenratikka.fi\/en\/lyyli-living-lab\/contact-us\/#primaryimage\"},\"image\":{\"@id\":\"https:\/\/www.tampereenratikka.fi\/en\/lyyli-living-lab\/contact-us\/#primaryimage\"},\"thumbnailUrl\":\"https:\/\/www.tampereenratikka.fi\/wp-content\/uploads\/2024\/12\/Ratikka-talvella-2024-9.jpg\",\"datePublished\":\"2023-05-24T07:09:48+00:00\",\"dateModified\":\"2025-02-06T13:35:55+00:00\",\"description\":\"The host organisation for the Lyyli Living Lab project is Tampere Tramway Ltd.\",\"breadcrumb\":{\"@id\":\"https:\/\/www.tampereenratikka.fi\/en\/lyyli-living-lab\/contact-us\/#breadcrumb\"},\"inLanguage\":\"en-US\",\"potentialAction\":[{\"@type\":\"ReadAction\",\"target\":[\"https:\/\/www.tampereenratikka.fi\/en\/lyyli-living-lab\/contact-us\/\"]}]},{\"@type\":\"ImageObject\",\"inLanguage\":\"en-US\",\"@id\":\"https:\/\/www.tampereenratikka.fi\/en\/lyyli-living-lab\/contact-us\/#primaryimage\",\"url\":\"https:\/\/www.tampereenratikka.fi\/wp-content\/uploads\/2024\/12\/Ratikka-talvella-2024-9.jpg\",\"contentUrl\":\"https:\/\/www.tampereenratikka.fi\/wp-content\/uploads\/2024\/12\/Ratikka-talvella-2024-9.jpg\",\"width\":5007,\"height\":3338,\"caption\":\"Lyyli - Lajinsa ensimm\u00e4inen raitiovaunu Keskustorin pys\u00e4kill\u00e4\"},{\"@type\":\"BreadcrumbList\",\"@id\":\"https:\/\/www.tampereenratikka.fi\/en\/lyyli-living-lab\/contact-us\/#breadcrumb\",\"itemListElement\":[{\"@type\":\"ListItem\",\"position\":1,\"name\":\"\",\"item\":\"https:\/\/www.tampereenratikka.fi\/en\/\"},{\"@type\":\"ListItem\",\"position\":2,\"name\":\"Lyyli Living Lab\",\"item\":\"https:\/\/www.tampereenratikka.fi\/en\/lyyli-living-lab\/\"},{\"@type\":\"ListItem\",\"position\":3,\"name\":\"Contact us\"}]},{\"@type\":\"WebSite\",\"@id\":\"https:\/\/www.tampereenratikka.fi\/en\/#website\",\"url\":\"https:\/\/www.tampereenratikka.fi\/en\/\",\"name\":\"Tampereen Ratikka\",\"description\":\"\",\"potentialAction\":[{\"@type\":\"SearchAction\",\"target\":{\"@type\":\"EntryPoint\",\"urlTemplate\":\"https:\/\/www.tampereenratikka.fi\/en\/?s={search_term_string}\"},\"query-input\":{\"@type\":\"PropertyValueSpecification\",\"valueRequired\":true,\"valueName\":\"search_term_string\"}}],\"inLanguage\":\"en-US\"}]}<\/script>\n<!-- \/ Yoast SEO plugin. -->","yoast_head_json":{"title":"Contact us | Tampereen Ratikka","description":"The host organisation for the Lyyli Living Lab project is Tampere Tramway Ltd.","robots":{"index":"index","follow":"follow","max-snippet":"max-snippet:-1","max-image-preview":"max-image-preview:large","max-video-preview":"max-video-preview:-1"},"canonical":"https:\/\/www.tampereenratikka.fi\/en\/lyyli-living-lab\/contact-us\/","og_locale":"en_US","og_type":"article","og_title":"Contact us | Tampereen Ratikka","og_description":"The host organisation for the Lyyli Living Lab project is Tampere Tramway Ltd.","og_url":"https:\/\/www.tampereenratikka.fi\/en\/lyyli-living-lab\/contact-us\/","og_site_name":"Tampereen Ratikka","article_modified_time":"2025-02-06T13:35:55+00:00","og_image":[{"width":1024,"height":683,"url":"https:\/\/www.tampereenratikka.fi\/wp-content\/uploads\/2024\/12\/Ratikka-talvella-2024-9-1024x683.jpg","type":"image\/jpeg"}],"twitter_card":"summary_large_image","twitter_misc":{"Est. reading time":"1 minute"},"schema":{"@context":"https:\/\/schema.org","@graph":[{"@type":"WebPage","@id":"https:\/\/www.tampereenratikka.fi\/en\/lyyli-living-lab\/contact-us\/","url":"https:\/\/www.tampereenratikka.fi\/en\/lyyli-living-lab\/contact-us\/","name":"Contact us | Tampereen Ratikka","isPartOf":{"@id":"https:\/\/www.tampereenratikka.fi\/en\/#website"},"primaryImageOfPage":{"@id":"https:\/\/www.tampereenratikka.fi\/en\/lyyli-living-lab\/contact-us\/#primaryimage"},"image":{"@id":"https:\/\/www.tampereenratikka.fi\/en\/lyyli-living-lab\/contact-us\/#primaryimage"},"thumbnailUrl":"https:\/\/www.tampereenratikka.fi\/wp-content\/uploads\/2024\/12\/Ratikka-talvella-2024-9.jpg","datePublished":"2023-05-24T07:09:48+00:00","dateModified":"2025-02-06T13:35:55+00:00","description":"The host organisation for the Lyyli Living Lab project is Tampere Tramway Ltd.","breadcrumb":{"@id":"https:\/\/www.tampereenratikka.fi\/en\/lyyli-living-lab\/contact-us\/#breadcrumb"},"inLanguage":"en-US","potentialAction":[{"@type":"ReadAction","target":["https:\/\/www.tampereenratikka.fi\/en\/lyyli-living-lab\/contact-us\/"]}]},{"@type":"ImageObject","inLanguage":"en-US","@id":"https:\/\/www.tampereenratikka.fi\/en\/lyyli-living-lab\/contact-us\/#primaryimage","url":"https:\/\/www.tampereenratikka.fi\/wp-content\/uploads\/2024\/12\/Ratikka-talvella-2024-9.jpg","contentUrl":"https:\/\/www.tampereenratikka.fi\/wp-content\/uploads\/2024\/12\/Ratikka-talvella-2024-9.jpg","width":5007,"height":3338,"caption":"Lyyli - Lajinsa ensimm\u00e4inen raitiovaunu Keskustorin pys\u00e4kill\u00e4"},{"@type":"BreadcrumbList","@id":"https:\/\/www.tampereenratikka.fi\/en\/lyyli-living-lab\/contact-us\/#breadcrumb","itemListElement":[{"@type":"ListItem","position":1,"name":"","item":"https:\/\/www.tampereenratikka.fi\/en\/"},{"@type":"ListItem","position":2,"name":"Lyyli Living Lab","item":"https:\/\/www.tampereenratikka.fi\/en\/lyyli-living-lab\/"},{"@type":"ListItem","position":3,"name":"Contact us"}]},{"@type":"WebSite","@id":"https:\/\/www.tampereenratikka.fi\/en\/#website","url":"https:\/\/www.tampereenratikka.fi\/en\/","name":"Tampereen Ratikka","description":"","potentialAction":[{"@type":"SearchAction","target":{"@type":"EntryPoint","urlTemplate":"https:\/\/www.tampereenratikka.fi\/en\/?s={search_term_string}"},"query-input":{"@type":"PropertyValueSpecification","valueRequired":true,"valueName":"search_term_string"}}],"inLanguage":"en-US"}]}},"_links":{"self":[{"href":"https:\/\/www.tampereenratikka.fi\/en\/wp-json\/wp\/v2\/pages\/17267","targetHints":{"allow":["GET"]}}],"collection":[{"href":"https:\/\/www.tampereenratikka.fi\/en\/wp-json\/wp\/v2\/pages"}],"about":[{"href":"https:\/\/www.tampereenratikka.fi\/en\/wp-json\/wp\/v2\/types\/page"}],"author":[{"embeddable":true,"href":"https:\/\/www.tampereenratikka.fi\/en\/wp-json\/wp\/v2\/users\/23"}],"replies":[{"embeddable":true,"href":"https:\/\/www.tampereenratikka.fi\/en\/wp-json\/wp\/v2\/comments?post=17267"}],"version-history":[{"count":5,"href":"https:\/\/www.tampereenratikka.fi\/en\/wp-json\/wp\/v2\/pages\/17267\/revisions"}],"predecessor-version":[{"id":23799,"href":"https:\/\/www.tampereenratikka.fi\/en\/wp-json\/wp\/v2\/pages\/17267\/revisions\/23799"}],"up":[{"embeddable":true,"href":"https:\/\/www.tampereenratikka.fi\/en\/wp-json\/wp\/v2\/pages\/17259"}],"wp:featuredmedia":[{"embeddable":true,"href":"https:\/\/www.tampereenratikka.fi\/en\/wp-json\/wp\/v2\/media\/23104"}],"wp:attachment":[{"href":"https:\/\/www.tampereenratikka.fi\/en\/wp-json\/wp\/v2\/media?parent=17267"}],"curies":[{"name":"wp","href":"https:\/\/api.w.org\/{rel}","templated":true}]}}