{"id":2221,"date":"2025-02-07T13:46:53","date_gmt":"2025-02-07T11:46:53","guid":{"rendered":"https:\/\/www.tampereenratikka.fi\/?page_id=2221"},"modified":"2025-02-07T13:46:54","modified_gmt":"2025-02-07T11:46:54","slug":"frequently-asked-questions-2","status":"publish","type":"page","link":"https:\/\/www.tampereenratikka.fi\/en\/frequently-asked-questions-2\/","title":{"rendered":"Frequently Asked Questions"},"content":{"rendered":"<p><!--vcv no format--><\/p>\n<div class=\"vce-row-container\">\n<div id=\"el-7eb60cd4\" class=\"vce-row vce-row--col-gap-30 vce-row-columns--top vce-row-content--top\" data-vce-do-apply=\"all el-7eb60cd4\">\n<div class=\"vce-row-content\" data-vce-element-content=\"true\">\n<div id=\"el-891a08ed\" class=\"vce-col vce-col--md-auto vce-col--xs-1 vce-col--xs-last vce-col--xs-first vce-col--sm-last vce-col--sm-first vce-col--md-last vce-col--lg-last vce-col--xl-last vce-col--md-first vce-col--lg-first vce-col--xl-first\" data-vce-do-apply=\"background border el-891a08ed\">\n<div class=\"vce-col-inner\" data-vce-element-content=\"true\" data-vce-do-apply=\"padding margin el-891a08ed\">\n<div class=\"vce-text-block\">\n<div id=\"el-2f9e48ca\" class=\"vce-text-block-wrapper vce\" data-vce-do-apply=\"all el-2f9e48ca\">\n<h1><img loading=\"lazy\" decoding=\"async\" class=\"wp-image-247 size-full aligncenter\" src=\"\/wp-content\/uploads\/2018\/03\/icon-question.png\" alt=\"Tampereen Ratikka kysymysmerkki-ikoni\" width=\"76\" height=\"112\"><\/h1>\n<h1 style=\"text-align: center;\">Frequently asked questions<\/h1>\n<p style=\"text-align: center;\">Here you will find some of the most frequently asked questions about the Tampere Tram.<\/p>\n<\/div>\n<\/div>\n<\/div>\n<\/div>\n<\/div>\n<\/div>\n<\/div>\n<p><!--vcv no format--><\/p>\n","protected":false},"excerpt":{"rendered":"<p>Frequently asked questions Here you will find some of the most frequently asked questions about the Tampere Tram.<\/p>\n","protected":false},"author":23,"featured_media":23104,"parent":0,"menu_order":0,"comment_status":"closed","ping_status":"closed","template":"templates\/faq.php","meta":{"_acf_changed":false,"footnotes":""},"class_list":["post-2221","page","type-page","status-publish","has-post-thumbnail","hentry"],"acf":[],"yoast_head":"<!-- This site is optimized with the Yoast SEO plugin v27.4 - https:\/\/yoast.com\/product\/yoast-seo-wordpress\/ -->\n<title>Frequently Asked Questions | Tampereen Ratikka<\/title>\n<meta name=\"description\" content=\"Tampereen Ratikan viralliset kotisivut. Usein kysytyt kysymykset -osiosta l\u00f6yd\u00e4t vastauksia yleisimpiin Ratikkaa koskeviin kysymyksiin liittyen mm. vaunujen suunnitteluun ja Ratikan palveluihin. Rakentamisesta saat tietoa Raitiotieallianssin sivuilta.\" \/>\n<meta name=\"robots\" content=\"index, follow, max-snippet:-1, max-image-preview:large, max-video-preview:-1\" \/>\n<link rel=\"canonical\" href=\"https:\/\/www.tampereenratikka.fi\/en\/frequently-asked-questions-2\/\" \/>\n<meta property=\"og:locale\" content=\"en_US\" \/>\n<meta property=\"og:type\" content=\"article\" \/>\n<meta property=\"og:title\" content=\"Frequently Asked Questions | Tampereen Ratikka\" \/>\n<meta property=\"og:description\" content=\"Tampereen Ratikan viralliset kotisivut. Usein kysytyt kysymykset -osiosta l\u00f6yd\u00e4t vastauksia yleisimpiin Ratikkaa koskeviin kysymyksiin liittyen mm. vaunujen suunnitteluun ja Ratikan palveluihin. Rakentamisesta saat tietoa Raitiotieallianssin sivuilta.\" \/>\n<meta property=\"og:url\" content=\"https:\/\/www.tampereenratikka.fi\/en\/frequently-asked-questions-2\/\" \/>\n<meta property=\"og:site_name\" content=\"Tampereen Ratikka\" \/>\n<meta property=\"article:modified_time\" content=\"2025-02-07T11:46:54+00:00\" \/>\n<meta property=\"og:image\" content=\"https:\/\/tampereenratikka.fi\/wp-content\/uploads\/2018\/03\/TampereenRatikka-FB-Share-Image.jpg\" \/>\n<meta name=\"twitter:card\" content=\"summary_large_image\" \/>\n<meta name=\"twitter:label1\" content=\"Est. reading time\" \/>\n\t<meta name=\"twitter:data1\" content=\"1 minute\" \/>\n<script type=\"application\/ld+json\" class=\"yoast-schema-graph\">{\"@context\":\"https:\\\/\\\/schema.org\",\"@graph\":[{\"@type\":\"WebPage\",\"@id\":\"https:\\\/\\\/www.tampereenratikka.fi\\\/en\\\/frequently-asked-questions-2\\\/\",\"url\":\"https:\\\/\\\/www.tampereenratikka.fi\\\/en\\\/frequently-asked-questions-2\\\/\",\"name\":\"Frequently Asked Questions | Tampereen Ratikka\",\"isPartOf\":{\"@id\":\"https:\\\/\\\/www.tampereenratikka.fi\\\/en\\\/#website\"},\"primaryImageOfPage\":{\"@id\":\"https:\\\/\\\/www.tampereenratikka.fi\\\/en\\\/frequently-asked-questions-2\\\/#primaryimage\"},\"image\":{\"@id\":\"https:\\\/\\\/www.tampereenratikka.fi\\\/en\\\/frequently-asked-questions-2\\\/#primaryimage\"},\"thumbnailUrl\":\"https:\\\/\\\/www.tampereenratikka.fi\\\/wp-content\\\/uploads\\\/2024\\\/12\\\/Ratikka-talvella-2024-9.jpg\",\"datePublished\":\"2025-02-07T11:46:53+00:00\",\"dateModified\":\"2025-02-07T11:46:54+00:00\",\"description\":\"Tampereen Ratikan viralliset kotisivut. Usein kysytyt kysymykset -osiosta l\u00f6yd\u00e4t vastauksia yleisimpiin Ratikkaa koskeviin kysymyksiin liittyen mm. vaunujen suunnitteluun ja Ratikan palveluihin. Rakentamisesta saat tietoa Raitiotieallianssin sivuilta.\",\"breadcrumb\":{\"@id\":\"https:\\\/\\\/www.tampereenratikka.fi\\\/en\\\/frequently-asked-questions-2\\\/#breadcrumb\"},\"inLanguage\":\"en-US\",\"potentialAction\":[{\"@type\":\"ReadAction\",\"target\":[\"https:\\\/\\\/www.tampereenratikka.fi\\\/en\\\/frequently-asked-questions-2\\\/\"]}]},{\"@type\":\"ImageObject\",\"inLanguage\":\"en-US\",\"@id\":\"https:\\\/\\\/www.tampereenratikka.fi\\\/en\\\/frequently-asked-questions-2\\\/#primaryimage\",\"url\":\"https:\\\/\\\/www.tampereenratikka.fi\\\/wp-content\\\/uploads\\\/2024\\\/12\\\/Ratikka-talvella-2024-9.jpg\",\"contentUrl\":\"https:\\\/\\\/www.tampereenratikka.fi\\\/wp-content\\\/uploads\\\/2024\\\/12\\\/Ratikka-talvella-2024-9.jpg\",\"width\":5007,\"height\":3338,\"caption\":\"Lyyli - Lajinsa ensimm\u00e4inen raitiovaunu Keskustorin pys\u00e4kill\u00e4\"},{\"@type\":\"BreadcrumbList\",\"@id\":\"https:\\\/\\\/www.tampereenratikka.fi\\\/en\\\/frequently-asked-questions-2\\\/#breadcrumb\",\"itemListElement\":[{\"@type\":\"ListItem\",\"position\":1,\"name\":\"\",\"item\":\"https:\\\/\\\/www.tampereenratikka.fi\\\/en\\\/\"},{\"@type\":\"ListItem\",\"position\":2,\"name\":\"Frequently Asked Questions\"}]},{\"@type\":\"WebSite\",\"@id\":\"https:\\\/\\\/www.tampereenratikka.fi\\\/en\\\/#website\",\"url\":\"https:\\\/\\\/www.tampereenratikka.fi\\\/en\\\/\",\"name\":\"Tampereen Ratikka\",\"description\":\"\",\"potentialAction\":[{\"@type\":\"SearchAction\",\"target\":{\"@type\":\"EntryPoint\",\"urlTemplate\":\"https:\\\/\\\/www.tampereenratikka.fi\\\/en\\\/?s={search_term_string}\"},\"query-input\":{\"@type\":\"PropertyValueSpecification\",\"valueRequired\":true,\"valueName\":\"search_term_string\"}}],\"inLanguage\":\"en-US\"}]}<\/script>\n<!-- \/ Yoast SEO plugin. -->","yoast_head_json":{"title":"Frequently Asked Questions | Tampereen Ratikka","description":"Tampereen Ratikan viralliset kotisivut. Usein kysytyt kysymykset -osiosta l\u00f6yd\u00e4t vastauksia yleisimpiin Ratikkaa koskeviin kysymyksiin liittyen mm. vaunujen suunnitteluun ja Ratikan palveluihin. Rakentamisesta saat tietoa Raitiotieallianssin sivuilta.","robots":{"index":"index","follow":"follow","max-snippet":"max-snippet:-1","max-image-preview":"max-image-preview:large","max-video-preview":"max-video-preview:-1"},"canonical":"https:\/\/www.tampereenratikka.fi\/en\/frequently-asked-questions-2\/","og_locale":"en_US","og_type":"article","og_title":"Frequently Asked Questions | Tampereen Ratikka","og_description":"Tampereen Ratikan viralliset kotisivut. Usein kysytyt kysymykset -osiosta l\u00f6yd\u00e4t vastauksia yleisimpiin Ratikkaa koskeviin kysymyksiin liittyen mm. vaunujen suunnitteluun ja Ratikan palveluihin. Rakentamisesta saat tietoa Raitiotieallianssin sivuilta.","og_url":"https:\/\/www.tampereenratikka.fi\/en\/frequently-asked-questions-2\/","og_site_name":"Tampereen Ratikka","article_modified_time":"2025-02-07T11:46:54+00:00","og_image":[{"url":"https:\/\/tampereenratikka.fi\/wp-content\/uploads\/2018\/03\/TampereenRatikka-FB-Share-Image.jpg","type":"","width":"","height":""}],"twitter_card":"summary_large_image","twitter_misc":{"Est. reading time":"1 minute"},"schema":{"@context":"https:\/\/schema.org","@graph":[{"@type":"WebPage","@id":"https:\/\/www.tampereenratikka.fi\/en\/frequently-asked-questions-2\/","url":"https:\/\/www.tampereenratikka.fi\/en\/frequently-asked-questions-2\/","name":"Frequently Asked Questions | Tampereen Ratikka","isPartOf":{"@id":"https:\/\/www.tampereenratikka.fi\/en\/#website"},"primaryImageOfPage":{"@id":"https:\/\/www.tampereenratikka.fi\/en\/frequently-asked-questions-2\/#primaryimage"},"image":{"@id":"https:\/\/www.tampereenratikka.fi\/en\/frequently-asked-questions-2\/#primaryimage"},"thumbnailUrl":"https:\/\/www.tampereenratikka.fi\/wp-content\/uploads\/2024\/12\/Ratikka-talvella-2024-9.jpg","datePublished":"2025-02-07T11:46:53+00:00","dateModified":"2025-02-07T11:46:54+00:00","description":"Tampereen Ratikan viralliset kotisivut. Usein kysytyt kysymykset -osiosta l\u00f6yd\u00e4t vastauksia yleisimpiin Ratikkaa koskeviin kysymyksiin liittyen mm. vaunujen suunnitteluun ja Ratikan palveluihin. Rakentamisesta saat tietoa Raitiotieallianssin sivuilta.","breadcrumb":{"@id":"https:\/\/www.tampereenratikka.fi\/en\/frequently-asked-questions-2\/#breadcrumb"},"inLanguage":"en-US","potentialAction":[{"@type":"ReadAction","target":["https:\/\/www.tampereenratikka.fi\/en\/frequently-asked-questions-2\/"]}]},{"@type":"ImageObject","inLanguage":"en-US","@id":"https:\/\/www.tampereenratikka.fi\/en\/frequently-asked-questions-2\/#primaryimage","url":"https:\/\/www.tampereenratikka.fi\/wp-content\/uploads\/2024\/12\/Ratikka-talvella-2024-9.jpg","contentUrl":"https:\/\/www.tampereenratikka.fi\/wp-content\/uploads\/2024\/12\/Ratikka-talvella-2024-9.jpg","width":5007,"height":3338,"caption":"Lyyli - Lajinsa ensimm\u00e4inen raitiovaunu Keskustorin pys\u00e4kill\u00e4"},{"@type":"BreadcrumbList","@id":"https:\/\/www.tampereenratikka.fi\/en\/frequently-asked-questions-2\/#breadcrumb","itemListElement":[{"@type":"ListItem","position":1,"name":"","item":"https:\/\/www.tampereenratikka.fi\/en\/"},{"@type":"ListItem","position":2,"name":"Frequently Asked Questions"}]},{"@type":"WebSite","@id":"https:\/\/www.tampereenratikka.fi\/en\/#website","url":"https:\/\/www.tampereenratikka.fi\/en\/","name":"Tampereen Ratikka","description":"","potentialAction":[{"@type":"SearchAction","target":{"@type":"EntryPoint","urlTemplate":"https:\/\/www.tampereenratikka.fi\/en\/?s={search_term_string}"},"query-input":{"@type":"PropertyValueSpecification","valueRequired":true,"valueName":"search_term_string"}}],"inLanguage":"en-US"}]}},"_links":{"self":[{"href":"https:\/\/www.tampereenratikka.fi\/en\/wp-json\/wp\/v2\/pages\/2221","targetHints":{"allow":["GET"]}}],"collection":[{"href":"https:\/\/www.tampereenratikka.fi\/en\/wp-json\/wp\/v2\/pages"}],"about":[{"href":"https:\/\/www.tampereenratikka.fi\/en\/wp-json\/wp\/v2\/types\/page"}],"author":[{"embeddable":true,"href":"https:\/\/www.tampereenratikka.fi\/en\/wp-json\/wp\/v2\/users\/23"}],"replies":[{"embeddable":true,"href":"https:\/\/www.tampereenratikka.fi\/en\/wp-json\/wp\/v2\/comments?post=2221"}],"version-history":[{"count":2,"href":"https:\/\/www.tampereenratikka.fi\/en\/wp-json\/wp\/v2\/pages\/2221\/revisions"}],"predecessor-version":[{"id":23806,"href":"https:\/\/www.tampereenratikka.fi\/en\/wp-json\/wp\/v2\/pages\/2221\/revisions\/23806"}],"wp:featuredmedia":[{"embeddable":true,"href":"https:\/\/www.tampereenratikka.fi\/en\/wp-json\/wp\/v2\/media\/23104"}],"wp:attachment":[{"href":"https:\/\/www.tampereenratikka.fi\/en\/wp-json\/wp\/v2\/media?parent=2221"}],"curies":[{"name":"wp","href":"https:\/\/api.w.org\/{rel}","templated":true}]}}