{"id":22890,"date":"2024-08-14T09:12:53","date_gmt":"2024-08-14T06:12:53","guid":{"rendered":"https:\/\/www.tampereenratikka.fi\/ratikkajuhla\/"},"modified":"2025-01-02T13:45:25","modified_gmt":"2025-01-02T11:45:25","slug":"tram-festival","status":"publish","type":"page","link":"https:\/\/www.tampereenratikka.fi\/en\/tram-festival\/","title":{"rendered":"Lent\u00e4v\u00e4nniemi Tram Festival 4.1.2025"},"content":{"rendered":"\n<h2 class=\"wp-block-heading has-text-align-center\">Welcome to the Lent\u00e4v\u00e4nniemi Tram Festival!<\/h2>\n\n\n\n<figure class=\"wp-block-pullquote\"><blockquote><p><strong>Saturday, January 4th 2025<\/strong><br><strong>15.00-19.00<br>Hiedanranta | Pyh\u00e4ll\u00f6npuisto park | Festival Trams<\/strong><br><strong>Free entry!<\/strong><\/p><\/blockquote><\/figure>\n\n\n\n<h2 class=\"wp-block-heading\">The Lent\u00e4v\u00e4nniemi Tram Festival is filled with light and music <\/h2>\n\n\n\n<p>The route of the Tampere Tram expands on Tuesday, January 7, 2025, when the service from Santalahti to Lent\u00e4v\u00e4nniemi starts. Let\u2019s celebrate the new route together at the <strong>Lent\u00e4v\u00e4nniemi Tram Festival<\/strong> on <strong>Saturday, January 4<\/strong>!<\/p>\n\n\n\n<p>The main event of the Lent\u00e4v\u00e4nniemi Tram Festival takes place in <strong>Hiedanranta<\/strong> from <strong>15.00 to 19.00<\/strong>. During the festivities, a special Festival Tram operates between the Santalahti stop and the Lent\u00e4v\u00e4nniemi Pyh\u00e4ll\u00f6npuisto stop, featuring performances onboard throughout the event. At the Pyh\u00e4ll\u00f6npuisto stop, visitors can enjoy complimentary grilled sausages.<\/p>\n\n\n\n<p><strong>The event is free of charge. Welcome!<\/strong><\/p>\n\n\n\n<p><\/p>\n\n\n\n<p><\/p>\n\n\n\n<div class=\"wp-block-media-text has-media-on-the-right is-stacked-on-mobile is-image-fill-element\"><div class=\"wp-block-media-text__content\">\n<h2 class=\"wp-block-heading\">Programme<\/h2>\n\n\n\n<p>The Lent\u00e4v\u00e4nniemi Tram Festival celebrates the launch of the new tram route to Lent\u00e4v\u00e4nniemi.<\/p>\n\n\n\n<div class=\"wp-block-buttons is-layout-flex wp-block-buttons-is-layout-flex\">\n<div class=\"wp-block-button\"><a class=\"wp-block-button__link wp-element-button\" href=\"https:\/\/www.tampereenratikka.fi\/en\/tram-festival\/programme\/\">Programme<\/a><\/div>\n<\/div>\n<\/div><figure class=\"wp-block-media-text__media\"><img loading=\"lazy\" decoding=\"async\" width=\"1024\" height=\"341\" src=\"https:\/\/www.tampereenratikka.fi\/wp-content\/uploads\/2024\/08\/Tampereen-Ratikka_24_Ratikkajuhla_header_1200x400px-1024x341.png\" alt=\"Lent\u00e4v\u00e4nniemen Ratikkajuhlaa vietet\u00e4\u00e4n 4.1.2024\" class=\"wp-image-20512 size-full\" style=\"object-position:50% 50%\" srcset=\"https:\/\/www.tampereenratikka.fi\/wp-content\/uploads\/2024\/08\/Tampereen-Ratikka_24_Ratikkajuhla_header_1200x400px-1024x341.png 1024w, https:\/\/www.tampereenratikka.fi\/wp-content\/uploads\/2024\/08\/Tampereen-Ratikka_24_Ratikkajuhla_header_1200x400px-300x100.png 300w, https:\/\/www.tampereenratikka.fi\/wp-content\/uploads\/2024\/08\/Tampereen-Ratikka_24_Ratikkajuhla_header_1200x400px-768x256.png 768w, https:\/\/www.tampereenratikka.fi\/wp-content\/uploads\/2024\/08\/Tampereen-Ratikka_24_Ratikkajuhla_header_1200x400px-720x240.png 720w, https:\/\/www.tampereenratikka.fi\/wp-content\/uploads\/2024\/08\/Tampereen-Ratikka_24_Ratikkajuhla_header_1200x400px.png 1200w\" sizes=\"auto, (max-width: 1024px) 100vw, 1024px\" \/><\/figure><\/div>\n\n\n\n<div class=\"wp-block-media-text is-stacked-on-mobile is-image-fill-element\"><figure class=\"wp-block-media-text__media\"><img loading=\"lazy\" decoding=\"async\" width=\"1024\" height=\"682\" src=\"https:\/\/www.tampereenratikka.fi\/wp-content\/uploads\/2024\/11\/Lentavanniemen-Ratikkajuhlan-mainos-1-1024x682.jpg\" alt=\"Lent\u00e4v\u00e4nniemen Ratikkajuhla\" class=\"wp-image-21537 size-full\" style=\"object-position:50% 50%\" srcset=\"https:\/\/www.tampereenratikka.fi\/wp-content\/uploads\/2024\/11\/Lentavanniemen-Ratikkajuhlan-mainos-1-1024x682.jpg 1024w, https:\/\/www.tampereenratikka.fi\/wp-content\/uploads\/2024\/11\/Lentavanniemen-Ratikkajuhlan-mainos-1-300x200.jpg 300w, https:\/\/www.tampereenratikka.fi\/wp-content\/uploads\/2024\/11\/Lentavanniemen-Ratikkajuhlan-mainos-1-768x512.jpg 768w, https:\/\/www.tampereenratikka.fi\/wp-content\/uploads\/2024\/11\/Lentavanniemen-Ratikkajuhlan-mainos-1-1536x1023.jpg 1536w, https:\/\/www.tampereenratikka.fi\/wp-content\/uploads\/2024\/11\/Lentavanniemen-Ratikkajuhlan-mainos-1-1200x800.jpg 1200w, https:\/\/www.tampereenratikka.fi\/wp-content\/uploads\/2024\/11\/Lentavanniemen-Ratikkajuhlan-mainos-1-1920x1279.jpg 1920w, https:\/\/www.tampereenratikka.fi\/wp-content\/uploads\/2024\/11\/Lentavanniemen-Ratikkajuhlan-mainos-1-720x480.jpg 720w, https:\/\/www.tampereenratikka.fi\/wp-content\/uploads\/2024\/11\/Lentavanniemen-Ratikkajuhlan-mainos-1.jpg 1969w\" sizes=\"auto, (max-width: 1024px) 100vw, 1024px\" \/><\/figure><div class=\"wp-block-media-text__content\">\n<h2 class=\"wp-block-heading\">Artists<\/h2>\n\n\n\n<p>The Tram Celebration offers a variety of program for all ages. The main performers are Bee and Ilta. You\u2019ll also get to experience a unique light and music show presented by DJ Orkidea and VJ Sellek.<\/p>\n\n\n\n<div class=\"wp-block-buttons is-layout-flex wp-block-buttons-is-layout-flex\">\n<div class=\"wp-block-button\"><a class=\"wp-block-button__link wp-element-button\" href=\"https:\/\/www.tampereenratikka.fi\/en\/tram-festival\/artists\/\">Artists<\/a><\/div>\n<\/div>\n<\/div><\/div>\n\n\n\n<div class=\"wp-block-media-text has-media-on-the-right is-stacked-on-mobile is-image-fill-element\"><div class=\"wp-block-media-text__content\">\n<h2 class=\"wp-block-heading\">Event Information<\/h2>\n\n\n\n<p><\/p>\n\n\n\n<p>Lent\u00e4v\u00e4nniemi Tram Celebration is organized by Tampere Tramway Ltd. The main event takes place in Hiedanranta. Get to know more about the event area and transportation options.<\/p>\n\n\n\n<div class=\"wp-block-buttons is-layout-flex wp-block-buttons-is-layout-flex\">\n<div class=\"wp-block-button\"><a class=\"wp-block-button__link wp-element-button\" href=\"https:\/\/www.tampereenratikka.fi\/en\/tram-festival\/info\/\">Event Information<\/a><\/div>\n<\/div>\n<\/div><figure class=\"wp-block-media-text__media\"><img loading=\"lazy\" decoding=\"async\" width=\"1024\" height=\"341\" src=\"https:\/\/www.tampereenratikka.fi\/wp-content\/uploads\/2024\/08\/Tampereen-Ratikka_24_Ratikkajuhla_header_1200x400_paiva-1024x341.png\" alt=\"Lent\u00e4v\u00e4nniemen Ratikkajuhlaa vietet\u00e4\u00e4n 4.1.2024\" class=\"wp-image-20517 size-full\" style=\"object-position:50% 50%\" srcset=\"https:\/\/www.tampereenratikka.fi\/wp-content\/uploads\/2024\/08\/Tampereen-Ratikka_24_Ratikkajuhla_header_1200x400_paiva-1024x341.png 1024w, https:\/\/www.tampereenratikka.fi\/wp-content\/uploads\/2024\/08\/Tampereen-Ratikka_24_Ratikkajuhla_header_1200x400_paiva-300x100.png 300w, https:\/\/www.tampereenratikka.fi\/wp-content\/uploads\/2024\/08\/Tampereen-Ratikka_24_Ratikkajuhla_header_1200x400_paiva-768x256.png 768w, https:\/\/www.tampereenratikka.fi\/wp-content\/uploads\/2024\/08\/Tampereen-Ratikka_24_Ratikkajuhla_header_1200x400_paiva-720x240.png 720w, https:\/\/www.tampereenratikka.fi\/wp-content\/uploads\/2024\/08\/Tampereen-Ratikka_24_Ratikkajuhla_header_1200x400_paiva.png 1200w\" sizes=\"auto, (max-width: 1024px) 100vw, 1024px\" \/><\/figure><\/div>\n\n\n\n<div class=\"wp-block-media-text is-stacked-on-mobile is-image-fill-element\"><figure class=\"wp-block-media-text__media\"><img loading=\"lazy\" decoding=\"async\" width=\"1181\" height=\"1181\" src=\"https:\/\/www.tampereenratikka.fi\/wp-content\/uploads\/2024\/08\/Juhlaratikat.png\" alt=\"Juhlaratikat Ratikkajuhlassa\" class=\"wp-image-20532 size-full\" style=\"object-position:50% 45%\" srcset=\"https:\/\/www.tampereenratikka.fi\/wp-content\/uploads\/2024\/08\/Juhlaratikat.png 1181w, https:\/\/www.tampereenratikka.fi\/wp-content\/uploads\/2024\/08\/Juhlaratikat-300x300.png 300w, https:\/\/www.tampereenratikka.fi\/wp-content\/uploads\/2024\/08\/Juhlaratikat-1024x1024.png 1024w, https:\/\/www.tampereenratikka.fi\/wp-content\/uploads\/2024\/08\/Juhlaratikat-150x150.png 150w, https:\/\/www.tampereenratikka.fi\/wp-content\/uploads\/2024\/08\/Juhlaratikat-768x768.png 768w, https:\/\/www.tampereenratikka.fi\/wp-content\/uploads\/2024\/08\/Juhlaratikat-160x160.png 160w, https:\/\/www.tampereenratikka.fi\/wp-content\/uploads\/2024\/08\/Juhlaratikat-720x720.png 720w\" sizes=\"auto, (max-width: 1181px) 100vw, 1181px\" \/><\/figure><div class=\"wp-block-media-text__content\">\n<h2 class=\"wp-block-heading\">The Festival Trams<\/h2>\n\n\n\n<p>At the Tram Festival, you&#8217;ll have the opportunity to take the tram from Santalahti to Lent\u00e4v\u00e4nniemi \u2014 three days before the actual service begins. Welcome aboard! Learn more about the Celebration Trams on the Event Information page.<\/p>\n<\/div><\/div>\n\n\n\n<h2 class=\"wp-block-heading has-text-align-center\">Latest news<\/h2>\n\n\n\n<div class=\"wp-block-columns is-layout-flex wp-container-core-columns-is-layout-9d6595d7 wp-block-columns-is-layout-flex\">\n<div class=\"wp-block-column is-layout-flow wp-block-column-is-layout-flow\">\n<figure class=\"wp-block-embed is-type-wp-embed is-provider-tampereen-ratikka wp-block-embed-tampereen-ratikka\"><div class=\"wp-block-embed__wrapper\">\n<blockquote class=\"wp-embedded-content\" data-secret=\"VkKLWYBaJS\"><a href=\"https:\/\/www.tampereenratikka.fi\/lentavanniemen-ratikkajuhlan-ohjelma-on-julkaistu\/\">Lent\u00e4v\u00e4nniemen Ratikkajuhlan ohjelma on julkaistu<\/a><\/blockquote><iframe loading=\"lazy\" class=\"wp-embedded-content\" sandbox=\"allow-scripts\" security=\"restricted\" style=\"position: absolute; visibility: hidden;\" title=\"&#8220;Lent\u00e4v\u00e4nniemen Ratikkajuhlan ohjelma on julkaistu&#8221; &#8212; Tampereen Ratikka\" src=\"https:\/\/www.tampereenratikka.fi\/lentavanniemen-ratikkajuhlan-ohjelma-on-julkaistu\/embed\/#?secret=3VHQoGhTnz#?secret=VkKLWYBaJS\" data-secret=\"VkKLWYBaJS\" width=\"500\" height=\"282\" frameborder=\"0\" marginwidth=\"0\" marginheight=\"0\" scrolling=\"no\"><\/iframe>\n<\/div><\/figure>\n<\/div>\n\n\n\n<div class=\"wp-block-column is-layout-flow wp-block-column-is-layout-flow\"><\/div>\n<\/div>\n\n\n\n<div class=\"wp-block-columns is-layout-flex wp-container-core-columns-is-layout-9d6595d7 wp-block-columns-is-layout-flex\">\n<div class=\"wp-block-column is-layout-flow wp-block-column-is-layout-flow\">\n<figure class=\"wp-block-embed is-type-wp-embed is-provider-tampereen-ratikka wp-block-embed-tampereen-ratikka\"><div class=\"wp-block-embed__wrapper\">\n<blockquote class=\"wp-embedded-content\" data-secret=\"6PbUYTn14W\"><a href=\"https:\/\/www.tampereenratikka.fi\/tampereen-ratikan-koeajot-hiedanrannasta-lentavanniemeen-valmistuivat-etuajassa-testit-onnistuivat-suunnitellusti\/\">Tampereen Ratikan koeajot Hiedanrannasta Lent\u00e4v\u00e4nniemeen valmistuivat etuajassa \u2013 testit onnistuivat suunnitellusti<\/a><\/blockquote><iframe loading=\"lazy\" class=\"wp-embedded-content\" sandbox=\"allow-scripts\" security=\"restricted\" style=\"position: absolute; visibility: hidden;\" title=\"&#8220;Tampereen Ratikan koeajot Hiedanrannasta Lent\u00e4v\u00e4nniemeen valmistuivat etuajassa \u2013 testit onnistuivat suunnitellusti&#8221; &#8212; Tampereen Ratikka\" src=\"https:\/\/www.tampereenratikka.fi\/tampereen-ratikan-koeajot-hiedanrannasta-lentavanniemeen-valmistuivat-etuajassa-testit-onnistuivat-suunnitellusti\/embed\/#?secret=YomsISvGD0#?secret=6PbUYTn14W\" data-secret=\"6PbUYTn14W\" width=\"500\" height=\"282\" frameborder=\"0\" marginwidth=\"0\" marginheight=\"0\" scrolling=\"no\"><\/iframe>\n<\/div><\/figure>\n<\/div>\n\n\n\n<div class=\"wp-block-column is-layout-flow wp-block-column-is-layout-flow\">\n<figure class=\"wp-block-embed is-type-wp-embed is-provider-tampereen-ratikka wp-block-embed-tampereen-ratikka\"><div class=\"wp-block-embed__wrapper\">\n<blockquote class=\"wp-embedded-content\" data-secret=\"p8FpbOLLJw\"><a href=\"https:\/\/www.tampereenratikka.fi\/tampereen-ratikan-koeajot-hiedanrantaan-ja-lentavanniemeen-alkavat-23-syyskuuta\/\">Tampereen Ratikan koeajot Hiedanrantaan ja Lent\u00e4v\u00e4nniemeen alkavat 23. syyskuuta<\/a><\/blockquote><iframe loading=\"lazy\" class=\"wp-embedded-content\" sandbox=\"allow-scripts\" security=\"restricted\" style=\"position: absolute; visibility: hidden;\" title=\"&#8220;Tampereen Ratikan koeajot Hiedanrantaan ja Lent\u00e4v\u00e4nniemeen alkavat 23. syyskuuta&#8221; &#8212; Tampereen Ratikka\" src=\"https:\/\/www.tampereenratikka.fi\/tampereen-ratikan-koeajot-hiedanrantaan-ja-lentavanniemeen-alkavat-23-syyskuuta\/embed\/#?secret=TqqZ2oSKfN#?secret=p8FpbOLLJw\" data-secret=\"p8FpbOLLJw\" width=\"500\" height=\"282\" frameborder=\"0\" marginwidth=\"0\" marginheight=\"0\" scrolling=\"no\"><\/iframe>\n<\/div><\/figure>\n<\/div>\n<\/div>\n\n\n\n<div class=\"wp-block-columns is-layout-flex wp-container-core-columns-is-layout-9d6595d7 wp-block-columns-is-layout-flex\">\n<div class=\"wp-block-column is-layout-flow wp-block-column-is-layout-flow\">\n<figure class=\"wp-block-embed is-type-wp-embed is-provider-tampereen-ratikka wp-block-embed-tampereen-ratikka\"><div class=\"wp-block-embed__wrapper\">\n<blockquote class=\"wp-embedded-content\" data-secret=\"w8MHSRGdQm\"><a href=\"https:\/\/www.tampereenratikka.fi\/lentavanniemen-ratikkajuhlaa-vietetaan-4-tammikuuta\/\">Lent\u00e4v\u00e4nniemen Ratikkajuhlaa vietet\u00e4\u00e4n 4. tammikuuta Hiedanrannassa \u2013 Luvassa valon ja \u00e4\u00e4nen juhlaa Ratikka-ajelun kera<\/a><\/blockquote><iframe loading=\"lazy\" class=\"wp-embedded-content\" sandbox=\"allow-scripts\" security=\"restricted\" style=\"position: absolute; visibility: hidden;\" title=\"&#8220;Lent\u00e4v\u00e4nniemen Ratikkajuhlaa vietet\u00e4\u00e4n 4. tammikuuta Hiedanrannassa \u2013 Luvassa valon ja \u00e4\u00e4nen juhlaa Ratikka-ajelun kera&#8221; &#8212; Tampereen Ratikka\" src=\"https:\/\/www.tampereenratikka.fi\/lentavanniemen-ratikkajuhlaa-vietetaan-4-tammikuuta\/embed\/#?secret=mnijfVvoIq#?secret=w8MHSRGdQm\" data-secret=\"w8MHSRGdQm\" width=\"500\" height=\"282\" frameborder=\"0\" marginwidth=\"0\" marginheight=\"0\" scrolling=\"no\"><\/iframe>\n<\/div><\/figure>\n<\/div>\n\n\n\n<div class=\"wp-block-column is-layout-flow wp-block-column-is-layout-flow\">\n<figure class=\"wp-block-embed is-type-wp-embed is-provider-tampereen-ratikka wp-block-embed-tampereen-ratikka\"><div class=\"wp-block-embed__wrapper\">\n<blockquote class=\"wp-embedded-content\" data-secret=\"ngra1M0uLt\"><a href=\"https:\/\/www.tampereenratikka.fi\/tampereen-ratikka-tayttaa-kolme-vuotta-ratikalla-tehty-39-miljoonaa-matkaa\/\">Tampereen Ratikka t\u00e4ytt\u00e4\u00e4 kolme vuotta \u2013 Ratikalla tehty 39 miljoonaa matkaa<\/a><\/blockquote><iframe loading=\"lazy\" class=\"wp-embedded-content\" sandbox=\"allow-scripts\" security=\"restricted\" style=\"position: absolute; visibility: hidden;\" title=\"&#8220;Tampereen Ratikka t\u00e4ytt\u00e4\u00e4 kolme vuotta \u2013 Ratikalla tehty 39 miljoonaa matkaa&#8221; &#8212; Tampereen Ratikka\" src=\"https:\/\/www.tampereenratikka.fi\/tampereen-ratikka-tayttaa-kolme-vuotta-ratikalla-tehty-39-miljoonaa-matkaa\/embed\/#?secret=D2DKQGoZXu#?secret=ngra1M0uLt\" data-secret=\"ngra1M0uLt\" width=\"500\" height=\"282\" frameborder=\"0\" marginwidth=\"0\" marginheight=\"0\" scrolling=\"no\"><\/iframe>\n<\/div><\/figure>\n<\/div>\n<\/div>\n","protected":false},"excerpt":{"rendered":"<p>Welcome to the Lent\u00e4v\u00e4nniemi Tram Festival! Saturday, January 4th 202515.00-19.00Hiedanranta | Pyh\u00e4ll\u00f6npuisto park | Festival TramsFree entry! The Lent\u00e4v\u00e4nniemi Tram Festival is filled with light and music The route of the Tampere Tram expands on Tuesday, January 7, 2025, when the service from Santalahti to Lent\u00e4v\u00e4nniemi starts. Let\u2019s celebrate the new route together at the [&hellip;]<\/p>\n","protected":false},"author":17,"featured_media":20513,"parent":0,"menu_order":0,"comment_status":"closed","ping_status":"closed","template":"","meta":{"_acf_changed":false,"footnotes":""},"class_list":["post-22890","page","type-page","status-publish","has-post-thumbnail","hentry"],"acf":[],"yoast_head":"<!-- This site is optimized with the Yoast SEO plugin v27.2 - https:\/\/yoast.com\/product\/yoast-seo-wordpress\/ -->\n<title>Lent\u00e4v\u00e4nniemi Tram Festival 4.1.2025 | Tampereen Ratikka<\/title>\n<meta name=\"description\" content=\"Lent\u00e4v\u00e4nniemi Tram Festival is a joyful event in honor of the start of the Tram route to Lent\u00e4v\u00e4nniemi area.\" \/>\n<meta name=\"robots\" content=\"index, follow, max-snippet:-1, max-image-preview:large, max-video-preview:-1\" \/>\n<link rel=\"canonical\" href=\"https:\/\/www.tampereenratikka.fi\/en\/tram-festival\/\" \/>\n<meta property=\"og:locale\" content=\"en_US\" \/>\n<meta property=\"og:type\" content=\"article\" \/>\n<meta property=\"og:title\" content=\"Lent\u00e4v\u00e4nniemi Tram Festival 4.1.2025 | Tampereen Ratikka\" \/>\n<meta property=\"og:description\" content=\"Lent\u00e4v\u00e4nniemi Tram Festival is a joyful event in honor of the start of the Tram route to Lent\u00e4v\u00e4nniemi area.\" \/>\n<meta property=\"og:url\" content=\"https:\/\/www.tampereenratikka.fi\/en\/tram-festival\/\" \/>\n<meta property=\"og:site_name\" content=\"Tampereen Ratikka\" \/>\n<meta property=\"article:modified_time\" content=\"2025-01-02T11:45:25+00:00\" \/>\n<meta property=\"og:image\" content=\"https:\/\/www.tampereenratikka.fi\/wp-content\/uploads\/2024\/08\/Tampereen-Ratikka_24_Ratikkajuhla_header_1200x400px.png\" \/>\n\t<meta property=\"og:image:width\" content=\"1200\" \/>\n\t<meta property=\"og:image:height\" content=\"400\" \/>\n\t<meta property=\"og:image:type\" content=\"image\/png\" \/>\n<meta name=\"twitter:card\" content=\"summary_large_image\" \/>\n<meta name=\"twitter:label1\" content=\"Est. reading time\" \/>\n\t<meta name=\"twitter:data1\" content=\"3 minutes\" \/>\n<script type=\"application\/ld+json\" class=\"yoast-schema-graph\">{\"@context\":\"https:\/\/schema.org\",\"@graph\":[{\"@type\":\"WebPage\",\"@id\":\"https:\/\/www.tampereenratikka.fi\/en\/tram-festival\/\",\"url\":\"https:\/\/www.tampereenratikka.fi\/en\/tram-festival\/\",\"name\":\"Lent\u00e4v\u00e4nniemi Tram Festival 4.1.2025 | Tampereen Ratikka\",\"isPartOf\":{\"@id\":\"https:\/\/www.tampereenratikka.fi\/en\/#website\"},\"primaryImageOfPage\":{\"@id\":\"https:\/\/www.tampereenratikka.fi\/en\/tram-festival\/#primaryimage\"},\"image\":{\"@id\":\"https:\/\/www.tampereenratikka.fi\/en\/tram-festival\/#primaryimage\"},\"thumbnailUrl\":\"https:\/\/www.tampereenratikka.fi\/wp-content\/uploads\/2024\/08\/Tampereen-Ratikka_24_Ratikkajuhla_header_1200x400px.png\",\"datePublished\":\"2024-08-14T06:12:53+00:00\",\"dateModified\":\"2025-01-02T11:45:25+00:00\",\"description\":\"Lent\u00e4v\u00e4nniemi Tram Festival is a joyful event in honor of the start of the Tram route to Lent\u00e4v\u00e4nniemi area.\",\"breadcrumb\":{\"@id\":\"https:\/\/www.tampereenratikka.fi\/en\/tram-festival\/#breadcrumb\"},\"inLanguage\":\"en-US\",\"potentialAction\":[{\"@type\":\"ReadAction\",\"target\":[\"https:\/\/www.tampereenratikka.fi\/en\/tram-festival\/\"]}]},{\"@type\":\"ImageObject\",\"inLanguage\":\"en-US\",\"@id\":\"https:\/\/www.tampereenratikka.fi\/en\/tram-festival\/#primaryimage\",\"url\":\"https:\/\/www.tampereenratikka.fi\/wp-content\/uploads\/2024\/08\/Tampereen-Ratikka_24_Ratikkajuhla_header_1200x400px.png\",\"contentUrl\":\"https:\/\/www.tampereenratikka.fi\/wp-content\/uploads\/2024\/08\/Tampereen-Ratikka_24_Ratikkajuhla_header_1200x400px.png\",\"width\":1200,\"height\":400,\"caption\":\"Lent\u00e4v\u00e4nniemen Ratikkajuhlaa vietet\u00e4\u00e4n 4.1.2024\"},{\"@type\":\"BreadcrumbList\",\"@id\":\"https:\/\/www.tampereenratikka.fi\/en\/tram-festival\/#breadcrumb\",\"itemListElement\":[{\"@type\":\"ListItem\",\"position\":1,\"name\":\"\",\"item\":\"https:\/\/www.tampereenratikka.fi\/en\/\"},{\"@type\":\"ListItem\",\"position\":2,\"name\":\"Lent\u00e4v\u00e4nniemi Tram Festival 4.1.2025\"}]},{\"@type\":\"WebSite\",\"@id\":\"https:\/\/www.tampereenratikka.fi\/en\/#website\",\"url\":\"https:\/\/www.tampereenratikka.fi\/en\/\",\"name\":\"Tampereen Ratikka\",\"description\":\"\",\"potentialAction\":[{\"@type\":\"SearchAction\",\"target\":{\"@type\":\"EntryPoint\",\"urlTemplate\":\"https:\/\/www.tampereenratikka.fi\/en\/?s={search_term_string}\"},\"query-input\":{\"@type\":\"PropertyValueSpecification\",\"valueRequired\":true,\"valueName\":\"search_term_string\"}}],\"inLanguage\":\"en-US\"}]}<\/script>\n<!-- \/ Yoast SEO plugin. -->","yoast_head_json":{"title":"Lent\u00e4v\u00e4nniemi Tram Festival 4.1.2025 | Tampereen Ratikka","description":"Lent\u00e4v\u00e4nniemi Tram Festival is a joyful event in honor of the start of the Tram route to Lent\u00e4v\u00e4nniemi area.","robots":{"index":"index","follow":"follow","max-snippet":"max-snippet:-1","max-image-preview":"max-image-preview:large","max-video-preview":"max-video-preview:-1"},"canonical":"https:\/\/www.tampereenratikka.fi\/en\/tram-festival\/","og_locale":"en_US","og_type":"article","og_title":"Lent\u00e4v\u00e4nniemi Tram Festival 4.1.2025 | Tampereen Ratikka","og_description":"Lent\u00e4v\u00e4nniemi Tram Festival is a joyful event in honor of the start of the Tram route to Lent\u00e4v\u00e4nniemi area.","og_url":"https:\/\/www.tampereenratikka.fi\/en\/tram-festival\/","og_site_name":"Tampereen Ratikka","article_modified_time":"2025-01-02T11:45:25+00:00","og_image":[{"width":1200,"height":400,"url":"https:\/\/www.tampereenratikka.fi\/wp-content\/uploads\/2024\/08\/Tampereen-Ratikka_24_Ratikkajuhla_header_1200x400px.png","type":"image\/png"}],"twitter_card":"summary_large_image","twitter_misc":{"Est. reading time":"3 minutes"},"schema":{"@context":"https:\/\/schema.org","@graph":[{"@type":"WebPage","@id":"https:\/\/www.tampereenratikka.fi\/en\/tram-festival\/","url":"https:\/\/www.tampereenratikka.fi\/en\/tram-festival\/","name":"Lent\u00e4v\u00e4nniemi Tram Festival 4.1.2025 | Tampereen Ratikka","isPartOf":{"@id":"https:\/\/www.tampereenratikka.fi\/en\/#website"},"primaryImageOfPage":{"@id":"https:\/\/www.tampereenratikka.fi\/en\/tram-festival\/#primaryimage"},"image":{"@id":"https:\/\/www.tampereenratikka.fi\/en\/tram-festival\/#primaryimage"},"thumbnailUrl":"https:\/\/www.tampereenratikka.fi\/wp-content\/uploads\/2024\/08\/Tampereen-Ratikka_24_Ratikkajuhla_header_1200x400px.png","datePublished":"2024-08-14T06:12:53+00:00","dateModified":"2025-01-02T11:45:25+00:00","description":"Lent\u00e4v\u00e4nniemi Tram Festival is a joyful event in honor of the start of the Tram route to Lent\u00e4v\u00e4nniemi area.","breadcrumb":{"@id":"https:\/\/www.tampereenratikka.fi\/en\/tram-festival\/#breadcrumb"},"inLanguage":"en-US","potentialAction":[{"@type":"ReadAction","target":["https:\/\/www.tampereenratikka.fi\/en\/tram-festival\/"]}]},{"@type":"ImageObject","inLanguage":"en-US","@id":"https:\/\/www.tampereenratikka.fi\/en\/tram-festival\/#primaryimage","url":"https:\/\/www.tampereenratikka.fi\/wp-content\/uploads\/2024\/08\/Tampereen-Ratikka_24_Ratikkajuhla_header_1200x400px.png","contentUrl":"https:\/\/www.tampereenratikka.fi\/wp-content\/uploads\/2024\/08\/Tampereen-Ratikka_24_Ratikkajuhla_header_1200x400px.png","width":1200,"height":400,"caption":"Lent\u00e4v\u00e4nniemen Ratikkajuhlaa vietet\u00e4\u00e4n 4.1.2024"},{"@type":"BreadcrumbList","@id":"https:\/\/www.tampereenratikka.fi\/en\/tram-festival\/#breadcrumb","itemListElement":[{"@type":"ListItem","position":1,"name":"","item":"https:\/\/www.tampereenratikka.fi\/en\/"},{"@type":"ListItem","position":2,"name":"Lent\u00e4v\u00e4nniemi Tram Festival 4.1.2025"}]},{"@type":"WebSite","@id":"https:\/\/www.tampereenratikka.fi\/en\/#website","url":"https:\/\/www.tampereenratikka.fi\/en\/","name":"Tampereen Ratikka","description":"","potentialAction":[{"@type":"SearchAction","target":{"@type":"EntryPoint","urlTemplate":"https:\/\/www.tampereenratikka.fi\/en\/?s={search_term_string}"},"query-input":{"@type":"PropertyValueSpecification","valueRequired":true,"valueName":"search_term_string"}}],"inLanguage":"en-US"}]}},"_links":{"self":[{"href":"https:\/\/www.tampereenratikka.fi\/en\/wp-json\/wp\/v2\/pages\/22890","targetHints":{"allow":["GET"]}}],"collection":[{"href":"https:\/\/www.tampereenratikka.fi\/en\/wp-json\/wp\/v2\/pages"}],"about":[{"href":"https:\/\/www.tampereenratikka.fi\/en\/wp-json\/wp\/v2\/types\/page"}],"author":[{"embeddable":true,"href":"https:\/\/www.tampereenratikka.fi\/en\/wp-json\/wp\/v2\/users\/17"}],"replies":[{"embeddable":true,"href":"https:\/\/www.tampereenratikka.fi\/en\/wp-json\/wp\/v2\/comments?post=22890"}],"version-history":[{"count":16,"href":"https:\/\/www.tampereenratikka.fi\/en\/wp-json\/wp\/v2\/pages\/22890\/revisions"}],"predecessor-version":[{"id":23347,"href":"https:\/\/www.tampereenratikka.fi\/en\/wp-json\/wp\/v2\/pages\/22890\/revisions\/23347"}],"wp:featuredmedia":[{"embeddable":true,"href":"https:\/\/www.tampereenratikka.fi\/en\/wp-json\/wp\/v2\/media\/20513"}],"wp:attachment":[{"href":"https:\/\/www.tampereenratikka.fi\/en\/wp-json\/wp\/v2\/media?parent=22890"}],"curies":[{"name":"wp","href":"https:\/\/api.w.org\/{rel}","templated":true}]}}