{"id":22899,"date":"2024-09-17T07:49:42","date_gmt":"2024-09-17T04:49:42","guid":{"rendered":"https:\/\/www.tampereenratikka.fi\/tram-festival\/ohjelma\/"},"modified":"2025-01-02T13:35:08","modified_gmt":"2025-01-02T11:35:08","slug":"programme","status":"publish","type":"page","link":"https:\/\/www.tampereenratikka.fi\/en\/tram-festival\/programme\/","title":{"rendered":"Programme"},"content":{"rendered":"\n<div class=\"wp-block-buttons is-layout-flex wp-block-buttons-is-layout-flex\">\n<div class=\"wp-block-button\"><a class=\"wp-block-button__link wp-element-button\" href=\"\/en\/?page_id=22890\">Back to Frontpage<\/a><\/div>\n<\/div>\n\n\n\n<h1 class=\"wp-block-heading has-text-align-center\">Programme: Lent\u00e4v\u00e4nniemi Tram Festival<\/h1>\n\n\n\n<p class=\"has-text-align-center\"><strong>Let\u2019s celebrate the start of tramway traffic in Lent\u00e4v\u00e4nniemi together on Saturday, January 4th, from 15.00 to 19.00! The Lent\u00e4v\u00e4nniemi Tram Festival brings a celebration of light and music to Hiedanranta in the middle of winter! The festival offers a variety of program and activities for all ages<\/strong>.<\/p>\n\n\n\n<p><\/p>\n\n\n\n<ul class=\"wp-block-list\">\n<li>The Tram Festival is brought to life by dazzling performances from<strong> Ilta<\/strong>, one of Finland&#8217;s most talented performers, and <strong>Bee<\/strong>, a rising star among the country\u2019s most exciting new artists.<\/li>\n\n\n\n<li>You can experience a unique fusion of light and music, crafted by <strong>DJ Orkidea<\/strong>, one of the top DJs in the Nordic region, and award-winning visual artist <strong>VJ Sellek<\/strong>. The growing audiovisual spectacle will bathe the area in light and sound, with performances on the hour.<\/li>\n\n\n\n<li>Somana ry\u2019s drama-inspired play sessions invite everyone to join in on wintry fun with the magical group <strong>Talven taikojat Huurre, Hile, Tuisku <\/strong>and<strong> Pyry<\/strong>.<\/li>\n\n\n\n<li>At the Hiedanranta Verstas, you\u2019ll have the chance to chat with members of the Tampere Tram personel and test your reflexes on the reaction wall.<\/li>\n\n\n\n<li>You can mint your very own Tram Coin as a keepsake of the Festival.<\/li>\n\n\n\n<li>If you\u2019re feeling creative, head to the art station and contribute to the event&#8217;s evolving audiovisual spectacle.<\/li>\n\n\n\n<li>At the The Tram Festival, you&#8217;ll have a chance to take a ride on the new route for the first time. Enjoy performances onboard and participate in a fun-filled Tram Stop Bingo game during the day.<\/li>\n\n\n\n<li>The Tramway Alliance wraps up building the tramway in the end of this year and celebrates the completion of their work with the Tampere Tram by thanking attendees with complimentary sausages at the Pyh\u00e4ll\u00f6npuisto park.<\/li>\n\n\n\n<li>The event kicks off with a welcome speech by <strong>Kalervo Kummola<\/strong>, Mayor of the City of Tampere.<\/li>\n\n\n\n<li>The Festival is hosted by <strong>Roosa Maskonen<\/strong>, winner of the 2023 Stand-Up Newcomer Award and known to many as \u201cRatikka-Roosa\u201d from Yle Perjantai -show.<\/li>\n<\/ul>\n\n\n\n<p class=\"has-text-align-center\">The Event is free of charge!<\/p>\n\n\n\n<p class=\"has-text-align-center\"><em>&#8211; Tampere Tramway Ltd. reserves the right to make changes to the program. <\/em><\/p>\n\n\n\n<h2 class=\"wp-block-heading\">Programme and schedule<\/h2>\n\n\n\n<div class=\"wp-block-buttons is-layout-flex wp-block-buttons-is-layout-flex\">\n<div class=\"wp-block-button\"><a class=\"wp-block-button__link wp-element-button\" href=\"https:\/\/www.tampereenratikka.fi\/ratikkajuhla\/esiintyjat\/\">The Artists<\/a><\/div>\n<\/div>\n\n\n\n<h3 class=\"wp-block-heading\">Stage programme, 15.00\u201319.00 (Tehdasaukio square, Hiedanranta)<\/h3>\n\n\n\n<p><strong>15.00 Opening of the Lent\u00e4v\u00e4nniemi Tram Festival: DJ Orkidea &amp; VJ Sellek: Light and Music Show<\/strong><\/p>\n\n\n\n<p><strong>15.10 Opening speeches and interviews<\/strong><\/p>\n\n\n\n<ul class=\"wp-block-list\">\n<li>Mayor Kalervo Kummola, City of Tampere<\/li>\n\n\n\n<li>CEO Pekka Sirvi\u00f6, Tampere Tramway Ltd.<\/li>\n<\/ul>\n\n\n\n<p><strong>15.40 Somana ry entertains the whole family<\/strong><\/p>\n\n\n\n<p><strong>16.00 <strong>DJ Orkidea &amp; VJ Sellek: Light and Music Show<\/strong><\/strong><\/p>\n\n\n\n<p><strong>16.15<\/strong> <strong>Ilta<\/strong><\/p>\n\n\n\n<p><strong>17.00 <strong><strong>DJ Orkidea &amp; VJ Sellek: Light and Music Show<\/strong><\/strong><\/strong><\/p>\n\n\n\n<p><strong>17.10 Interview: Hiedanrannan Kehitys Oy<\/strong><\/p>\n\n\n\n<ul class=\"wp-block-list\">\n<li>CEO Mikko Leinonen<\/li>\n<\/ul>\n\n\n\n<p><strong>17.20 <strong>Somana ry entertains the whole family<\/strong><\/strong><\/p>\n\n\n\n<p><strong>17.50 <strong>Interview<\/strong>: Tramway Alliance<\/strong><\/p>\n\n\n\n<ul class=\"wp-block-list\">\n<li>Project Manager Timo Kuusela<\/li>\n<\/ul>\n\n\n\n<p><strong>18.00 <strong><strong>DJ Orkidea &amp; VJ Sellek: Light and Music Show<\/strong><\/strong><\/strong><\/p>\n\n\n\n<p><strong>18.15 Bee<\/strong><\/p>\n\n\n\n<p><strong>19.00 <strong><strong><strong>DJ Orkidea &amp; VJ Sellek: Light and Music Show<\/strong><\/strong><\/strong><\/strong><\/p>\n\n\n\n<h3 class=\"wp-block-heading\">Other programme, 15.00\u201319.00<\/h3>\n\n\n\n<p><strong>14.50\u201319.15 Festival Trams (2 trams) are operating between Santalahti and Pyh\u00e4ll\u00f6npuisto.<\/strong><\/p>\n\n\n\n<p>During the Tram Festival, you&#8217;ll get a chance to ride the tram to Lent\u00e4v\u00e4nniemi three days before the actual service starts! Hop on one of the Festival Trams at the Santalahti or Pyh\u00e4ll\u00f6npuisto stops during the festival. The ride on the Festival Tram is free of charge. Regular Nysse fares apply for lines 1 and 3.<\/p>\n\n\n\n<p><strong>Note<\/strong>: A lot of people are expected to attend the event and not everyone may fit on the tram at once. If that&#8217;s the case, just wait for the next Festival Tram. They run about every 20 minutes. You can also get to the Hiedanranta event area using other transport options.<\/p>\n\n\n\n<p><\/p>\n\n\n\n<ul class=\"wp-block-list\">\n<li>The Festival Trams (2 trams) will run on <strong>Saturday, January 4, 2025<\/strong>, from <strong>14.50 to 19.15<\/strong>.<\/li>\n\n\n\n<li>Throughout the event, you\u2019ll catch a variety of performances onboard in the \u2013 expect some surprises!<\/li>\n\n\n\n<li>You can spot the Festival Trams by signs that say &#8220;Ratikkajuhla.&#8221; The trams are also decorated inside.<\/li>\n\n\n\n<li>The trams will run about every 20 minutes between Santalahti and Pyh\u00e4ll\u00f6npuisto. The first tram leaves from Santalahti and Pyh\u00e4ll\u00f6npuisto at <strong>14.50<\/strong>, and the last departure from Tehdas stop (event area) to Santalahti and Pyh\u00e4ll\u00f6npuisto is at <strong>19.15<\/strong>.<\/li>\n\n\n\n<li>The Festival Trams will stop at all the new route stops: Santalahti \u2013 Hiedanranta \u2013 Tehdas (event area) \u2013 Niemen kartano \u2013 Niemenranta \u2013 Lent\u00e4v\u00e4nniemi \u2013 Pyh\u00e4ll\u00f6npuisto.<\/li>\n\n\n\n<li>You can check the tram schedule in the Nysse Reittiopas -route guide.<\/li>\n<\/ul>\n\n\n\n<p><strong>15.00\u2013 19.00 Pop-up Performances on the Festival Trams<\/strong><\/p>\n\n\n\n<p>The Festival Trams will feature performances throughout the event day. One tram will have <strong>DJ Juissi<\/strong> playing Tampere-themed music across various genres to celebrate the new tram route, while in the other tram, <strong>Kalle Ruusukallio<\/strong>&#8216;s <em>Kellot<\/em> trio will perform atmospheric jazz adaptments of well-known songs.<\/p>\n\n\n\n<p><strong>15.00\u201319.00<\/strong> <strong>Info points are open at Hiedanranta Verstas<\/strong><\/p>\n\n\n\n<p>Come and chat with the whole Tampere Tram Family: Tampere Tramway Ltd., Tampere regional transport Nysse, the Tram Alliance and the Pirkkala-Linnainmaa Alliance of Tampere Tramway&nbsp; are all available for information and chat at the Verstas. Hiedanrannan Kehitys Oy will also be showcasing their work.<\/p>\n\n\n\n<p>At the Verstas, you can let your creativity flow by taking part in creating art to be projected on the Tram Festival display wall. You can also play a reaction game and join a quiz.<\/p>\n\n\n\n<p>A communal art piece named &#8220;Creatures of Pyh\u00e4ll\u00f6npuisto\/Pyh\u00e4ll\u00f6npuiston eli\u00f6t&#8221; has been completed in Pyh\u00e4ll\u00f6npuisto. The artwork consists of 19 small creature sculptures installed in Pyh\u00e4ll\u00f6npuisto. One of the creatures will be installed inside a tram. You can vote for the name for the creature at the Verstas exhibition space.<\/p>\n\n\n\n<p><strong>15.00\u2013 19.00<\/strong> <strong>Theatrical play sessions by Somana ry at Hiedanranta<\/strong><\/p>\n\n\n\n<p>In Somana ry&#8217;s theatrical play sessions, the <strong>Talventaikojat \u2013 Huurre, Hile, Tuisku, <\/strong>and<strong> Pyry<\/strong> \u2013 will invite everyone to join in the fun of winter-themed games.<\/p>\n\n\n\n<p><strong>15.00\u201319.00<\/strong> <strong>Sausages offered by the Tram Alliance at the Pyh\u00e4ll\u00f6npuisto park<\/strong><\/p>\n\n\n\n<p>The Tram Alliance is wrapping up its work with Tampere Tram after completing the construction project by the end of this year.  To thank everyone for the journey, the Tram Alliance will be serving sausages near the Pyh\u00e4ll\u00f6npuisto stop during the Festival.<\/p>\n\n\n\n<p><strong>15.00\u201319.00<\/strong> <strong>Explore the Tram art at Pyh\u00e4ll\u00f6npuisto park<\/strong><\/p>\n\n\n\n<p>A community art piece has been created at Pyh\u00e4ll\u00f6npuisto. The art piece features creature sculptures designed by <strong>Toua Heinonen<\/strong> and <strong>Julia Kukkonen<\/strong>.<\/p>\n\n\n\n<p><strong>15.00\u201319.00 Tram Stop Bingo<\/strong><\/p>\n\n\n\n<p>During the event, you can take part in a fun game of Tram Stop Bingo. The bingo can be played without getting off the Festival Tram \u2013 you just need to spot the answers to the questions on your bingo card at each stop along the route. You can pick up your bingo card at the Tampere Tramway info point at Hiedanranta Verstas.<\/p>\n\n\n\n<p>By returning your completed card to the info point, you&#8217;ll join a raffle for a \u20ac50 Nysse gift card. There will be 3 gift cards up for grabs, and the winners will be contacted personally.<\/p>\n\n\n\n<p>During the event, you can take part in a playful stop-spotting activity. The spotting takes place aboard the Celebration Trams. At each stop along the route, you\u2019ll find a Rasse the Dog figure holding a letter. Collect the letters on a spotting card, which you can pick up from the at the event area.<\/p>\n\n\n\n<p>By returning your completed spotting card to the event area or the Santalahti tram stop, you\u2019ll have the chance to win a \u20ac50 Nysse gift card. Three gift cards will be raffled, and the winners will be contacted personally.<\/p>\n\n\n\n<p><\/p>\n\n\n\n<p><strong>15.00\u2013 19.00 Mint Your Own Tram Coin at Hiedanranta<\/strong><\/p>\n\n\n\n<p>You\u2019ll have the chance to mint your own souvenir coin from the Lent\u00e4v\u00e4nniemi Tram Festival.<\/p>\n\n\n\n<p><em>*****Tampere Tramway Ltd. reserves the right to make changes to the program.*****<\/em><\/p>\n\n\n\n<p><\/p>\n","protected":false},"excerpt":{"rendered":"<p>Programme: Lent\u00e4v\u00e4nniemi Tram Festival Let\u2019s celebrate the start of tramway traffic in Lent\u00e4v\u00e4nniemi together on Saturday, January 4th, from 15.00 to 19.00! The Lent\u00e4v\u00e4nniemi Tram Festival brings a celebration of light and music to Hiedanranta in the middle of winter! The festival offers a variety of program and activities for all ages. The Event is [&hellip;]<\/p>\n","protected":false},"author":17,"featured_media":20513,"parent":22890,"menu_order":0,"comment_status":"closed","ping_status":"closed","template":"","meta":{"_acf_changed":false,"footnotes":""},"class_list":["post-22899","page","type-page","status-publish","has-post-thumbnail","hentry"],"acf":[],"yoast_head":"<!-- This site is optimized with the Yoast SEO plugin v27.2 - https:\/\/yoast.com\/product\/yoast-seo-wordpress\/ -->\n<title>Programme | Tampereen Ratikka<\/title>\n<meta name=\"description\" content=\"Let\u2019s celebrate the start of tramway traffic in Lent\u00e4v\u00e4nniemi together at the Lent\u00e4v\u00e4nniemi Tram Festival on Saturday, January 4, 2025!\" \/>\n<meta name=\"robots\" content=\"index, follow, max-snippet:-1, max-image-preview:large, max-video-preview:-1\" \/>\n<link rel=\"canonical\" href=\"https:\/\/www.tampereenratikka.fi\/en\/tram-festival\/programme\/\" \/>\n<meta property=\"og:locale\" content=\"en_US\" \/>\n<meta property=\"og:type\" content=\"article\" \/>\n<meta property=\"og:title\" content=\"Programme | Tampereen Ratikka\" \/>\n<meta property=\"og:description\" content=\"Let\u2019s celebrate the start of tramway traffic in Lent\u00e4v\u00e4nniemi together at the Lent\u00e4v\u00e4nniemi Tram Festival on Saturday, January 4, 2025!\" \/>\n<meta property=\"og:url\" content=\"https:\/\/www.tampereenratikka.fi\/en\/tram-festival\/programme\/\" \/>\n<meta property=\"og:site_name\" content=\"Tampereen Ratikka\" \/>\n<meta property=\"article:modified_time\" content=\"2025-01-02T11:35:08+00:00\" \/>\n<meta property=\"og:image\" content=\"https:\/\/www.tampereenratikka.fi\/wp-content\/uploads\/2024\/08\/Tampereen-Ratikka_24_Ratikkajuhla_header_1200x400px.png\" \/>\n\t<meta property=\"og:image:width\" content=\"1200\" \/>\n\t<meta property=\"og:image:height\" content=\"400\" \/>\n\t<meta property=\"og:image:type\" content=\"image\/png\" \/>\n<meta name=\"twitter:card\" content=\"summary_large_image\" \/>\n<meta name=\"twitter:label1\" content=\"Est. reading time\" \/>\n\t<meta name=\"twitter:data1\" content=\"8 minutes\" \/>\n<script type=\"application\/ld+json\" class=\"yoast-schema-graph\">{\"@context\":\"https:\/\/schema.org\",\"@graph\":[{\"@type\":\"WebPage\",\"@id\":\"https:\/\/www.tampereenratikka.fi\/en\/tram-festival\/programme\/\",\"url\":\"https:\/\/www.tampereenratikka.fi\/en\/tram-festival\/programme\/\",\"name\":\"Programme | Tampereen Ratikka\",\"isPartOf\":{\"@id\":\"https:\/\/www.tampereenratikka.fi\/en\/#website\"},\"primaryImageOfPage\":{\"@id\":\"https:\/\/www.tampereenratikka.fi\/en\/tram-festival\/programme\/#primaryimage\"},\"image\":{\"@id\":\"https:\/\/www.tampereenratikka.fi\/en\/tram-festival\/programme\/#primaryimage\"},\"thumbnailUrl\":\"https:\/\/www.tampereenratikka.fi\/wp-content\/uploads\/2024\/08\/Tampereen-Ratikka_24_Ratikkajuhla_header_1200x400px.png\",\"datePublished\":\"2024-09-17T04:49:42+00:00\",\"dateModified\":\"2025-01-02T11:35:08+00:00\",\"description\":\"Let\u2019s celebrate the start of tramway traffic in Lent\u00e4v\u00e4nniemi together at the Lent\u00e4v\u00e4nniemi Tram Festival on Saturday, January 4, 2025!\",\"breadcrumb\":{\"@id\":\"https:\/\/www.tampereenratikka.fi\/en\/tram-festival\/programme\/#breadcrumb\"},\"inLanguage\":\"en-US\",\"potentialAction\":[{\"@type\":\"ReadAction\",\"target\":[\"https:\/\/www.tampereenratikka.fi\/en\/tram-festival\/programme\/\"]}]},{\"@type\":\"ImageObject\",\"inLanguage\":\"en-US\",\"@id\":\"https:\/\/www.tampereenratikka.fi\/en\/tram-festival\/programme\/#primaryimage\",\"url\":\"https:\/\/www.tampereenratikka.fi\/wp-content\/uploads\/2024\/08\/Tampereen-Ratikka_24_Ratikkajuhla_header_1200x400px.png\",\"contentUrl\":\"https:\/\/www.tampereenratikka.fi\/wp-content\/uploads\/2024\/08\/Tampereen-Ratikka_24_Ratikkajuhla_header_1200x400px.png\",\"width\":1200,\"height\":400,\"caption\":\"Lent\u00e4v\u00e4nniemen Ratikkajuhlaa vietet\u00e4\u00e4n 4.1.2024\"},{\"@type\":\"BreadcrumbList\",\"@id\":\"https:\/\/www.tampereenratikka.fi\/en\/tram-festival\/programme\/#breadcrumb\",\"itemListElement\":[{\"@type\":\"ListItem\",\"position\":1,\"name\":\"\",\"item\":\"https:\/\/www.tampereenratikka.fi\/en\/\"},{\"@type\":\"ListItem\",\"position\":2,\"name\":\"Lent\u00e4v\u00e4nniemi Tram Festival 4.1.2025\",\"item\":\"https:\/\/www.tampereenratikka.fi\/en\/tram-festival\/\"},{\"@type\":\"ListItem\",\"position\":3,\"name\":\"Programme\"}]},{\"@type\":\"WebSite\",\"@id\":\"https:\/\/www.tampereenratikka.fi\/en\/#website\",\"url\":\"https:\/\/www.tampereenratikka.fi\/en\/\",\"name\":\"Tampereen Ratikka\",\"description\":\"\",\"potentialAction\":[{\"@type\":\"SearchAction\",\"target\":{\"@type\":\"EntryPoint\",\"urlTemplate\":\"https:\/\/www.tampereenratikka.fi\/en\/?s={search_term_string}\"},\"query-input\":{\"@type\":\"PropertyValueSpecification\",\"valueRequired\":true,\"valueName\":\"search_term_string\"}}],\"inLanguage\":\"en-US\"}]}<\/script>\n<!-- \/ Yoast SEO plugin. -->","yoast_head_json":{"title":"Programme | Tampereen Ratikka","description":"Let\u2019s celebrate the start of tramway traffic in Lent\u00e4v\u00e4nniemi together at the Lent\u00e4v\u00e4nniemi Tram Festival on Saturday, January 4, 2025!","robots":{"index":"index","follow":"follow","max-snippet":"max-snippet:-1","max-image-preview":"max-image-preview:large","max-video-preview":"max-video-preview:-1"},"canonical":"https:\/\/www.tampereenratikka.fi\/en\/tram-festival\/programme\/","og_locale":"en_US","og_type":"article","og_title":"Programme | Tampereen Ratikka","og_description":"Let\u2019s celebrate the start of tramway traffic in Lent\u00e4v\u00e4nniemi together at the Lent\u00e4v\u00e4nniemi Tram Festival on Saturday, January 4, 2025!","og_url":"https:\/\/www.tampereenratikka.fi\/en\/tram-festival\/programme\/","og_site_name":"Tampereen Ratikka","article_modified_time":"2025-01-02T11:35:08+00:00","og_image":[{"width":1200,"height":400,"url":"https:\/\/www.tampereenratikka.fi\/wp-content\/uploads\/2024\/08\/Tampereen-Ratikka_24_Ratikkajuhla_header_1200x400px.png","type":"image\/png"}],"twitter_card":"summary_large_image","twitter_misc":{"Est. reading time":"8 minutes"},"schema":{"@context":"https:\/\/schema.org","@graph":[{"@type":"WebPage","@id":"https:\/\/www.tampereenratikka.fi\/en\/tram-festival\/programme\/","url":"https:\/\/www.tampereenratikka.fi\/en\/tram-festival\/programme\/","name":"Programme | Tampereen Ratikka","isPartOf":{"@id":"https:\/\/www.tampereenratikka.fi\/en\/#website"},"primaryImageOfPage":{"@id":"https:\/\/www.tampereenratikka.fi\/en\/tram-festival\/programme\/#primaryimage"},"image":{"@id":"https:\/\/www.tampereenratikka.fi\/en\/tram-festival\/programme\/#primaryimage"},"thumbnailUrl":"https:\/\/www.tampereenratikka.fi\/wp-content\/uploads\/2024\/08\/Tampereen-Ratikka_24_Ratikkajuhla_header_1200x400px.png","datePublished":"2024-09-17T04:49:42+00:00","dateModified":"2025-01-02T11:35:08+00:00","description":"Let\u2019s celebrate the start of tramway traffic in Lent\u00e4v\u00e4nniemi together at the Lent\u00e4v\u00e4nniemi Tram Festival on Saturday, January 4, 2025!","breadcrumb":{"@id":"https:\/\/www.tampereenratikka.fi\/en\/tram-festival\/programme\/#breadcrumb"},"inLanguage":"en-US","potentialAction":[{"@type":"ReadAction","target":["https:\/\/www.tampereenratikka.fi\/en\/tram-festival\/programme\/"]}]},{"@type":"ImageObject","inLanguage":"en-US","@id":"https:\/\/www.tampereenratikka.fi\/en\/tram-festival\/programme\/#primaryimage","url":"https:\/\/www.tampereenratikka.fi\/wp-content\/uploads\/2024\/08\/Tampereen-Ratikka_24_Ratikkajuhla_header_1200x400px.png","contentUrl":"https:\/\/www.tampereenratikka.fi\/wp-content\/uploads\/2024\/08\/Tampereen-Ratikka_24_Ratikkajuhla_header_1200x400px.png","width":1200,"height":400,"caption":"Lent\u00e4v\u00e4nniemen Ratikkajuhlaa vietet\u00e4\u00e4n 4.1.2024"},{"@type":"BreadcrumbList","@id":"https:\/\/www.tampereenratikka.fi\/en\/tram-festival\/programme\/#breadcrumb","itemListElement":[{"@type":"ListItem","position":1,"name":"","item":"https:\/\/www.tampereenratikka.fi\/en\/"},{"@type":"ListItem","position":2,"name":"Lent\u00e4v\u00e4nniemi Tram Festival 4.1.2025","item":"https:\/\/www.tampereenratikka.fi\/en\/tram-festival\/"},{"@type":"ListItem","position":3,"name":"Programme"}]},{"@type":"WebSite","@id":"https:\/\/www.tampereenratikka.fi\/en\/#website","url":"https:\/\/www.tampereenratikka.fi\/en\/","name":"Tampereen Ratikka","description":"","potentialAction":[{"@type":"SearchAction","target":{"@type":"EntryPoint","urlTemplate":"https:\/\/www.tampereenratikka.fi\/en\/?s={search_term_string}"},"query-input":{"@type":"PropertyValueSpecification","valueRequired":true,"valueName":"search_term_string"}}],"inLanguage":"en-US"}]}},"_links":{"self":[{"href":"https:\/\/www.tampereenratikka.fi\/en\/wp-json\/wp\/v2\/pages\/22899","targetHints":{"allow":["GET"]}}],"collection":[{"href":"https:\/\/www.tampereenratikka.fi\/en\/wp-json\/wp\/v2\/pages"}],"about":[{"href":"https:\/\/www.tampereenratikka.fi\/en\/wp-json\/wp\/v2\/types\/page"}],"author":[{"embeddable":true,"href":"https:\/\/www.tampereenratikka.fi\/en\/wp-json\/wp\/v2\/users\/17"}],"replies":[{"embeddable":true,"href":"https:\/\/www.tampereenratikka.fi\/en\/wp-json\/wp\/v2\/comments?post=22899"}],"version-history":[{"count":24,"href":"https:\/\/www.tampereenratikka.fi\/en\/wp-json\/wp\/v2\/pages\/22899\/revisions"}],"predecessor-version":[{"id":23345,"href":"https:\/\/www.tampereenratikka.fi\/en\/wp-json\/wp\/v2\/pages\/22899\/revisions\/23345"}],"up":[{"embeddable":true,"href":"https:\/\/www.tampereenratikka.fi\/en\/wp-json\/wp\/v2\/pages\/22890"}],"wp:featuredmedia":[{"embeddable":true,"href":"https:\/\/www.tampereenratikka.fi\/en\/wp-json\/wp\/v2\/media\/20513"}],"wp:attachment":[{"href":"https:\/\/www.tampereenratikka.fi\/en\/wp-json\/wp\/v2\/media?parent=22899"}],"curies":[{"name":"wp","href":"https:\/\/api.w.org\/{rel}","templated":true}]}}