{"id":22907,"date":"2024-11-13T08:05:30","date_gmt":"2024-11-13T06:05:30","guid":{"rendered":"https:\/\/www.tampereenratikka.fi\/tram-festival\/esiintyjat\/"},"modified":"2025-01-02T09:51:16","modified_gmt":"2025-01-02T07:51:16","slug":"artists","status":"publish","type":"page","link":"https:\/\/www.tampereenratikka.fi\/en\/tram-festival\/artists\/","title":{"rendered":"Artists at the Lent\u00e4v\u00e4nniemi Tram Festival"},"content":{"rendered":"\n<div class=\"wp-block-group\"><div class=\"wp-block-group__inner-container is-layout-constrained wp-block-group-is-layout-constrained\">\n<div class=\"wp-block-buttons is-layout-flex wp-block-buttons-is-layout-flex\">\n<div class=\"wp-block-button\"><a class=\"wp-block-button__link wp-element-button\" href=\"https:\/\/www.tampereenratikka.fi\/en\/?page_id=22899\">Programme of the Tram Festival<\/a><\/div>\n<\/div>\n<\/div><\/div>\n\n\n\n<div class=\"wp-block-media-text is-stacked-on-mobile is-vertically-aligned-top\" style=\"grid-template-columns:25% auto\"><figure class=\"wp-block-media-text__media\"><img loading=\"lazy\" decoding=\"async\" width=\"1024\" height=\"1024\" src=\"https:\/\/www.tampereenratikka.fi\/wp-content\/uploads\/2024\/11\/Bee_Ratikkajuhla-1024x1024.jpg\" alt=\"Bee\" class=\"wp-image-21427 size-full\" srcset=\"https:\/\/www.tampereenratikka.fi\/wp-content\/uploads\/2024\/11\/Bee_Ratikkajuhla-1024x1024.jpg 1024w, https:\/\/www.tampereenratikka.fi\/wp-content\/uploads\/2024\/11\/Bee_Ratikkajuhla-300x300.jpg 300w, https:\/\/www.tampereenratikka.fi\/wp-content\/uploads\/2024\/11\/Bee_Ratikkajuhla-150x150.jpg 150w, https:\/\/www.tampereenratikka.fi\/wp-content\/uploads\/2024\/11\/Bee_Ratikkajuhla-768x768.jpg 768w, https:\/\/www.tampereenratikka.fi\/wp-content\/uploads\/2024\/11\/Bee_Ratikkajuhla-160x160.jpg 160w, https:\/\/www.tampereenratikka.fi\/wp-content\/uploads\/2024\/11\/Bee_Ratikkajuhla-720x720.jpg 720w, https:\/\/www.tampereenratikka.fi\/wp-content\/uploads\/2024\/11\/Bee_Ratikkajuhla.jpg 1080w\" sizes=\"auto, (max-width: 1024px) 100vw, 1024px\" \/><\/figure><div class=\"wp-block-media-text__content\">\n<h2 class=\"wp-block-heading\">BEE<\/h2>\n\n\n\n<p>Bee (Bertta Sepp\u00e4l\u00e4), who\u2019s quickly becoming one of Finland&#8217;s most exciting new artists, has made her mark on both radio charts and Spotify. She mixes dark pop and soul in her music, all brought together by her incredible and unique voice. Her debut album <em>Hupsis<\/em> dropped in September 2023 and shot straight to number one on Finland\u2019s official chart in its very first week.<\/p>\n<\/div><\/div>\n\n\n\n<div class=\"wp-block-media-text is-stacked-on-mobile\" style=\"grid-template-columns:25% auto\"><figure class=\"wp-block-media-text__media\"><img loading=\"lazy\" decoding=\"async\" width=\"1024\" height=\"1024\" src=\"https:\/\/www.tampereenratikka.fi\/wp-content\/uploads\/2024\/11\/Ilta_Ratikkajuhla-1024x1024.jpg\" alt=\"\" class=\"wp-image-21430 size-full\" srcset=\"https:\/\/www.tampereenratikka.fi\/wp-content\/uploads\/2024\/11\/Ilta_Ratikkajuhla-1024x1024.jpg 1024w, https:\/\/www.tampereenratikka.fi\/wp-content\/uploads\/2024\/11\/Ilta_Ratikkajuhla-300x300.jpg 300w, https:\/\/www.tampereenratikka.fi\/wp-content\/uploads\/2024\/11\/Ilta_Ratikkajuhla-150x150.jpg 150w, https:\/\/www.tampereenratikka.fi\/wp-content\/uploads\/2024\/11\/Ilta_Ratikkajuhla-768x768.jpg 768w, https:\/\/www.tampereenratikka.fi\/wp-content\/uploads\/2024\/11\/Ilta_Ratikkajuhla-160x160.jpg 160w, https:\/\/www.tampereenratikka.fi\/wp-content\/uploads\/2024\/11\/Ilta_Ratikkajuhla-720x720.jpg 720w, https:\/\/www.tampereenratikka.fi\/wp-content\/uploads\/2024\/11\/Ilta_Ratikkajuhla.jpg 1080w\" sizes=\"auto, (max-width: 1024px) 100vw, 1024px\" \/><\/figure><div class=\"wp-block-media-text__content\">\n<h2 class=\"wp-block-heading\">ILTA<\/h2>\n\n\n\n<p>The German-Finnish artist Ilta is really taking off. Her huge hit <em>Kelle m\u00e4 soitan<\/em> shot her straight into the top ranks of Finland&#8217;s best performers. Known for her powerful and flexible voice, Ilta has also been part of the 2021 UMK and the current season of <em>Vain El\u00e4m\u00e4\u00e4<\/em>. As an artist, she wants to give her listeners what music has given her: a way to feel all kinds of emotions and work through both the highs and lows of life.<\/p>\n<\/div><\/div>\n\n\n\n<div class=\"wp-block-media-text is-stacked-on-mobile\" style=\"grid-template-columns:25% auto\"><figure class=\"wp-block-media-text__media\"><img loading=\"lazy\" decoding=\"async\" width=\"1024\" height=\"1024\" src=\"https:\/\/www.tampereenratikka.fi\/wp-content\/uploads\/2024\/11\/Dj-Orkidea_Ratikkajuhla-1024x1024.jpg\" alt=\"\" class=\"wp-image-21434 size-full\" srcset=\"https:\/\/www.tampereenratikka.fi\/wp-content\/uploads\/2024\/11\/Dj-Orkidea_Ratikkajuhla-1024x1024.jpg 1024w, https:\/\/www.tampereenratikka.fi\/wp-content\/uploads\/2024\/11\/Dj-Orkidea_Ratikkajuhla-300x300.jpg 300w, https:\/\/www.tampereenratikka.fi\/wp-content\/uploads\/2024\/11\/Dj-Orkidea_Ratikkajuhla-150x150.jpg 150w, https:\/\/www.tampereenratikka.fi\/wp-content\/uploads\/2024\/11\/Dj-Orkidea_Ratikkajuhla-768x768.jpg 768w, https:\/\/www.tampereenratikka.fi\/wp-content\/uploads\/2024\/11\/Dj-Orkidea_Ratikkajuhla-160x160.jpg 160w, https:\/\/www.tampereenratikka.fi\/wp-content\/uploads\/2024\/11\/Dj-Orkidea_Ratikkajuhla-720x720.jpg 720w, https:\/\/www.tampereenratikka.fi\/wp-content\/uploads\/2024\/11\/Dj-Orkidea_Ratikkajuhla.jpg 1080w\" sizes=\"auto, (max-width: 1024px) 100vw, 1024px\" \/><\/figure><div class=\"wp-block-media-text__content\">\n<h2 class=\"wp-block-heading\">DJ ORKIDEA &amp; VJ SELLEK<\/h2>\n\n\n\n<p>Tapio Hakanen, aka DJ Orkidea, is one of Finland\u2019s most well-known DJs. He\u2019s played at clubs around the world, and his tracks have garnered millions of streams on music platforms. Over his 30+ year career, Hakanen has also worked as a sound designer and served as the music director for YleX and the Uuden Musiikin Kilpailu (UMK).<\/p>\n\n\n\n<p>At the Tram Festival, DJ Orkidea is in charge of the event\u2019s soundscape and audiovisual performances, collaborating with video artist VJ Sellek.<\/p>\n<\/div><\/div>\n\n\n\n<div class=\"wp-block-media-text is-stacked-on-mobile\" style=\"grid-template-columns:25% auto\"><figure class=\"wp-block-media-text__media\"><img loading=\"lazy\" decoding=\"async\" width=\"1024\" height=\"1024\" src=\"https:\/\/www.tampereenratikka.fi\/wp-content\/uploads\/2024\/11\/Somana-ry-Talven-taikojat_Ratikkajuhla-1024x1024.jpg\" alt=\"\" class=\"wp-image-21446 size-full\" srcset=\"https:\/\/www.tampereenratikka.fi\/wp-content\/uploads\/2024\/11\/Somana-ry-Talven-taikojat_Ratikkajuhla-1024x1024.jpg 1024w, https:\/\/www.tampereenratikka.fi\/wp-content\/uploads\/2024\/11\/Somana-ry-Talven-taikojat_Ratikkajuhla-300x300.jpg 300w, https:\/\/www.tampereenratikka.fi\/wp-content\/uploads\/2024\/11\/Somana-ry-Talven-taikojat_Ratikkajuhla-150x150.jpg 150w, https:\/\/www.tampereenratikka.fi\/wp-content\/uploads\/2024\/11\/Somana-ry-Talven-taikojat_Ratikkajuhla-768x768.jpg 768w, https:\/\/www.tampereenratikka.fi\/wp-content\/uploads\/2024\/11\/Somana-ry-Talven-taikojat_Ratikkajuhla-160x160.jpg 160w, https:\/\/www.tampereenratikka.fi\/wp-content\/uploads\/2024\/11\/Somana-ry-Talven-taikojat_Ratikkajuhla-720x720.jpg 720w, https:\/\/www.tampereenratikka.fi\/wp-content\/uploads\/2024\/11\/Somana-ry-Talven-taikojat_Ratikkajuhla.jpg 1080w\" sizes=\"auto, (max-width: 1024px) 100vw, 1024px\" \/><\/figure><div class=\"wp-block-media-text__content\">\n<h2 class=\"wp-block-heading\">SOMANA RY\/ TALVEN TAIKOJAT<\/h2>\n\n\n\n<p>In Somana ry\u2019s theatretical play sessions, Talven taikojat Huurre, Hile, Tuisku, and Pyry invite everyone to join in the fun of winter games. Can you transform into an icicle, a dancing snowflake, or hop like a forest hare? Maybe the Talven taikojat will change shape themselves\u2014from a Snow Queen to a giant, or from a snow leopard to a snowman. All you need to join the play is a playful spirit and warm clothing.<\/p>\n<\/div><\/div>\n\n\n\n<h2 class=\"wp-block-heading\">Artists at the Festival Trams<\/h2>\n\n\n\n<div class=\"wp-block-media-text is-stacked-on-mobile\" style=\"grid-template-columns:25% auto\"><figure class=\"wp-block-media-text__media\"><img loading=\"lazy\" decoding=\"async\" width=\"1024\" height=\"1024\" src=\"https:\/\/www.tampereenratikka.fi\/wp-content\/uploads\/2024\/11\/Dj-Juissi_Ratikkajuhla-1024x1024.jpg\" alt=\"\" class=\"wp-image-21441 size-full\" srcset=\"https:\/\/www.tampereenratikka.fi\/wp-content\/uploads\/2024\/11\/Dj-Juissi_Ratikkajuhla-1024x1024.jpg 1024w, https:\/\/www.tampereenratikka.fi\/wp-content\/uploads\/2024\/11\/Dj-Juissi_Ratikkajuhla-300x300.jpg 300w, https:\/\/www.tampereenratikka.fi\/wp-content\/uploads\/2024\/11\/Dj-Juissi_Ratikkajuhla-150x150.jpg 150w, https:\/\/www.tampereenratikka.fi\/wp-content\/uploads\/2024\/11\/Dj-Juissi_Ratikkajuhla-768x768.jpg 768w, https:\/\/www.tampereenratikka.fi\/wp-content\/uploads\/2024\/11\/Dj-Juissi_Ratikkajuhla-160x160.jpg 160w, https:\/\/www.tampereenratikka.fi\/wp-content\/uploads\/2024\/11\/Dj-Juissi_Ratikkajuhla-720x720.jpg 720w, https:\/\/www.tampereenratikka.fi\/wp-content\/uploads\/2024\/11\/Dj-Juissi_Ratikkajuhla.jpg 1080w\" sizes=\"auto, (max-width: 1024px) 100vw, 1024px\" \/><\/figure><div class=\"wp-block-media-text__content\">\n<h2 class=\"wp-block-heading\">DJ JUISSI<\/h2>\n\n\n\n<p>DJ Juissi will play Tampere-themed music across various genres to celebrate the new tram route. You can expect for example N\u00e4\u00e4sville Blues, Koskipuiston kuu, Pispalan Sottiisi, Kalkun orkidea and Etel\u00e4-Hervanta. This Manse medley is not to be missed.<\/p>\n\n\n\n<p>As Kari Peitsamo would say: Rockin\u2019 All Over Tampere!<\/p>\n<\/div><\/div>\n\n\n\n<div class=\"wp-block-media-text is-stacked-on-mobile\" style=\"grid-template-columns:25% auto\"><figure class=\"wp-block-media-text__media\"><img loading=\"lazy\" decoding=\"async\" width=\"1024\" height=\"1024\" src=\"https:\/\/www.tampereenratikka.fi\/wp-content\/uploads\/2024\/11\/Trio-Kellot_Ratikkajuhla-1024x1024.jpg\" alt=\"\" class=\"wp-image-21443 size-full\" srcset=\"https:\/\/www.tampereenratikka.fi\/wp-content\/uploads\/2024\/11\/Trio-Kellot_Ratikkajuhla-1024x1024.jpg 1024w, https:\/\/www.tampereenratikka.fi\/wp-content\/uploads\/2024\/11\/Trio-Kellot_Ratikkajuhla-300x300.jpg 300w, https:\/\/www.tampereenratikka.fi\/wp-content\/uploads\/2024\/11\/Trio-Kellot_Ratikkajuhla-150x150.jpg 150w, https:\/\/www.tampereenratikka.fi\/wp-content\/uploads\/2024\/11\/Trio-Kellot_Ratikkajuhla-768x768.jpg 768w, https:\/\/www.tampereenratikka.fi\/wp-content\/uploads\/2024\/11\/Trio-Kellot_Ratikkajuhla-160x160.jpg 160w, https:\/\/www.tampereenratikka.fi\/wp-content\/uploads\/2024\/11\/Trio-Kellot_Ratikkajuhla-720x720.jpg 720w, https:\/\/www.tampereenratikka.fi\/wp-content\/uploads\/2024\/11\/Trio-Kellot_Ratikkajuhla.jpg 1080w\" sizes=\"auto, (max-width: 1024px) 100vw, 1024px\" \/><\/figure><div class=\"wp-block-media-text__content\">\n<h2 class=\"wp-block-heading\">KALLE RUUSUKALLIO&#8217;S KELLOT TRIO<\/h2>\n\n\n\n<p><em>Kellot<\/em> started in 2016 when the musicians ended up at the same gig just before Christmas. On-site, they came up with new arrangements for Christmas songs. Since then, the band has been performing every Christmas in Tampere under the name <em>Joulun Kellot<\/em> (Christmas Bells). All the members are from Tampere\u2014Ville-Veikko Petsamo, Jarno H\u00e4rm\u00e4l\u00e4, and Kalle Ikuri. Ville-Veikko Airaniemi is especially known for his work with the band <em>Arppa<\/em> and collaborations with various artists and genres. Jarno Tikka is a sought-after saxophonist, and his own band <em>OK:KO<\/em> has been nominated for both the Emma and Teosto Awards. Kalle Ruusukallio is known from TV (e.g., <em>Uusi p\u00e4iv\u00e4<\/em>), theater (TTT, HKT), and as a versatile figure in the Tampere scene.<\/p>\n\n\n\n<p>On the Tram Festival, <em>Kellot<\/em> will perform atmospheric jazz adjustments of well-known songs.<\/p>\n<\/div><\/div>\n\n\n\n<h2 class=\"wp-block-heading\">Host<\/h2>\n\n\n\n<div class=\"wp-block-media-text is-stacked-on-mobile\" style=\"grid-template-columns:25% auto\"><figure class=\"wp-block-media-text__media\"><img loading=\"lazy\" decoding=\"async\" width=\"1024\" height=\"1024\" src=\"https:\/\/www.tampereenratikka.fi\/wp-content\/uploads\/2024\/11\/Roosa-Maskonen_Ratikkajuhla-1024x1024.jpg\" alt=\"\" class=\"wp-image-21438 size-full\" srcset=\"https:\/\/www.tampereenratikka.fi\/wp-content\/uploads\/2024\/11\/Roosa-Maskonen_Ratikkajuhla-1024x1024.jpg 1024w, https:\/\/www.tampereenratikka.fi\/wp-content\/uploads\/2024\/11\/Roosa-Maskonen_Ratikkajuhla-300x300.jpg 300w, https:\/\/www.tampereenratikka.fi\/wp-content\/uploads\/2024\/11\/Roosa-Maskonen_Ratikkajuhla-150x150.jpg 150w, https:\/\/www.tampereenratikka.fi\/wp-content\/uploads\/2024\/11\/Roosa-Maskonen_Ratikkajuhla-768x768.jpg 768w, https:\/\/www.tampereenratikka.fi\/wp-content\/uploads\/2024\/11\/Roosa-Maskonen_Ratikkajuhla-160x160.jpg 160w, https:\/\/www.tampereenratikka.fi\/wp-content\/uploads\/2024\/11\/Roosa-Maskonen_Ratikkajuhla-720x720.jpg 720w, https:\/\/www.tampereenratikka.fi\/wp-content\/uploads\/2024\/11\/Roosa-Maskonen_Ratikkajuhla.jpg 1080w\" sizes=\"auto, (max-width: 1024px) 100vw, 1024px\" \/><\/figure><div class=\"wp-block-media-text__content\">\n<h2 class=\"wp-block-heading\">ROOSA MASKONEN<\/h2>\n\n\n\n<p>The Tram Festival will be hosted by Roosa Maskonen, crowned Stand-Up Newcomer of the Year 2023. Roosa is utterly charming, beloved by all, and Keuruu\u2019s gift to Finnish comedy\u2014or really, to the entire world. Despite her gentle demeanor, she often looks at the world and others from above, even though she\u2019s quite short. Her sharp insights and amazing stage presence are sure to delight and amuse. And if they don\u2019t? Well, then it\u2019s time for the audience to do some soul-searching.<\/p>\n\n\n\n<p>In 2023, Roosa became known as the Tram Reporter\u2014or \u201cRatikka-Roosa\u201d\u2014on <em>Yle Perjantai<\/em>.<\/p>\n<\/div><\/div>\n\n\n\n<div class=\"wp-block-buttons is-layout-flex wp-block-buttons-is-layout-flex\">\n<div class=\"wp-block-button\"><a class=\"wp-block-button__link wp-element-button\" href=\"\/en\/?page_id=22890\">Back to Frontpage<\/a><\/div>\n<\/div>\n\n\n\n<p><\/p>\n","protected":false},"excerpt":{"rendered":"<p>BEE Bee (Bertta Sepp\u00e4l\u00e4), who\u2019s quickly becoming one of Finland&#8217;s most exciting new artists, has made her mark on both radio charts and Spotify. She mixes dark pop and soul in her music, all brought together by her incredible and unique voice. Her debut album Hupsis dropped in September 2023 and shot straight to number [&hellip;]<\/p>\n","protected":false},"author":17,"featured_media":0,"parent":22890,"menu_order":0,"comment_status":"closed","ping_status":"closed","template":"","meta":{"_acf_changed":false,"footnotes":""},"class_list":["post-22907","page","type-page","status-publish","hentry"],"acf":[],"yoast_head":"<!-- This site is optimized with the Yoast SEO plugin v27.2 - https:\/\/yoast.com\/product\/yoast-seo-wordpress\/ -->\n<title>Artists at the Lent\u00e4v\u00e4nniemi Tram Festival | Tampereen Ratikka<\/title>\n<meta name=\"description\" content=\"Artists at the Tram Festival include Bee, Ilta, and DJ Orkidea with VJ Sellek. The performances in the Festival trams will be provided by DJ Juissi and the Kellot Trio\" \/>\n<meta name=\"robots\" content=\"index, follow, max-snippet:-1, max-image-preview:large, max-video-preview:-1\" \/>\n<link rel=\"canonical\" href=\"https:\/\/www.tampereenratikka.fi\/en\/tram-festival\/artists\/\" \/>\n<meta property=\"og:locale\" content=\"en_US\" \/>\n<meta property=\"og:type\" content=\"article\" \/>\n<meta property=\"og:title\" content=\"Artists at the Lent\u00e4v\u00e4nniemi Tram Festival | Tampereen Ratikka\" \/>\n<meta property=\"og:description\" content=\"Artists at the Tram Festival include Bee, Ilta, and DJ Orkidea with VJ Sellek. The performances in the Festival trams will be provided by DJ Juissi and the Kellot Trio\" \/>\n<meta property=\"og:url\" content=\"https:\/\/www.tampereenratikka.fi\/en\/tram-festival\/artists\/\" \/>\n<meta property=\"og:site_name\" content=\"Tampereen Ratikka\" \/>\n<meta property=\"article:modified_time\" content=\"2025-01-02T07:51:16+00:00\" \/>\n<meta property=\"og:image\" content=\"https:\/\/www.tampereenratikka.fi\/wp-content\/uploads\/2024\/11\/Bee_Ratikkajuhla.jpg\" \/>\n\t<meta property=\"og:image:width\" content=\"1080\" \/>\n\t<meta property=\"og:image:height\" content=\"1080\" \/>\n\t<meta property=\"og:image:type\" content=\"image\/jpeg\" \/>\n<meta name=\"twitter:card\" content=\"summary_large_image\" \/>\n<meta name=\"twitter:label1\" content=\"Est. reading time\" \/>\n\t<meta name=\"twitter:data1\" content=\"6 minutes\" \/>\n<script type=\"application\/ld+json\" class=\"yoast-schema-graph\">{\"@context\":\"https:\/\/schema.org\",\"@graph\":[{\"@type\":\"WebPage\",\"@id\":\"https:\/\/www.tampereenratikka.fi\/en\/tram-festival\/artists\/\",\"url\":\"https:\/\/www.tampereenratikka.fi\/en\/tram-festival\/artists\/\",\"name\":\"Artists at the Lent\u00e4v\u00e4nniemi Tram Festival | Tampereen Ratikka\",\"isPartOf\":{\"@id\":\"https:\/\/www.tampereenratikka.fi\/en\/#website\"},\"primaryImageOfPage\":{\"@id\":\"https:\/\/www.tampereenratikka.fi\/en\/tram-festival\/artists\/#primaryimage\"},\"image\":{\"@id\":\"https:\/\/www.tampereenratikka.fi\/en\/tram-festival\/artists\/#primaryimage\"},\"thumbnailUrl\":\"https:\/\/www.tampereenratikka.fi\/wp-content\/uploads\/2024\/11\/Bee_Ratikkajuhla-1024x1024.jpg\",\"datePublished\":\"2024-11-13T06:05:30+00:00\",\"dateModified\":\"2025-01-02T07:51:16+00:00\",\"description\":\"Artists at the Tram Festival include Bee, Ilta, and DJ Orkidea with VJ Sellek. The performances in the Festival trams will be provided by DJ Juissi and the Kellot Trio\",\"breadcrumb\":{\"@id\":\"https:\/\/www.tampereenratikka.fi\/en\/tram-festival\/artists\/#breadcrumb\"},\"inLanguage\":\"en-US\",\"potentialAction\":[{\"@type\":\"ReadAction\",\"target\":[\"https:\/\/www.tampereenratikka.fi\/en\/tram-festival\/artists\/\"]}]},{\"@type\":\"ImageObject\",\"inLanguage\":\"en-US\",\"@id\":\"https:\/\/www.tampereenratikka.fi\/en\/tram-festival\/artists\/#primaryimage\",\"url\":\"https:\/\/www.tampereenratikka.fi\/wp-content\/uploads\/2024\/11\/Bee_Ratikkajuhla-1024x1024.jpg\",\"contentUrl\":\"https:\/\/www.tampereenratikka.fi\/wp-content\/uploads\/2024\/11\/Bee_Ratikkajuhla-1024x1024.jpg\"},{\"@type\":\"BreadcrumbList\",\"@id\":\"https:\/\/www.tampereenratikka.fi\/en\/tram-festival\/artists\/#breadcrumb\",\"itemListElement\":[{\"@type\":\"ListItem\",\"position\":1,\"name\":\"\",\"item\":\"https:\/\/www.tampereenratikka.fi\/en\/\"},{\"@type\":\"ListItem\",\"position\":2,\"name\":\"Lent\u00e4v\u00e4nniemi Tram Festival 4.1.2025\",\"item\":\"https:\/\/www.tampereenratikka.fi\/en\/tram-festival\/\"},{\"@type\":\"ListItem\",\"position\":3,\"name\":\"Artists at the Lent\u00e4v\u00e4nniemi Tram Festival\"}]},{\"@type\":\"WebSite\",\"@id\":\"https:\/\/www.tampereenratikka.fi\/en\/#website\",\"url\":\"https:\/\/www.tampereenratikka.fi\/en\/\",\"name\":\"Tampereen Ratikka\",\"description\":\"\",\"potentialAction\":[{\"@type\":\"SearchAction\",\"target\":{\"@type\":\"EntryPoint\",\"urlTemplate\":\"https:\/\/www.tampereenratikka.fi\/en\/?s={search_term_string}\"},\"query-input\":{\"@type\":\"PropertyValueSpecification\",\"valueRequired\":true,\"valueName\":\"search_term_string\"}}],\"inLanguage\":\"en-US\"}]}<\/script>\n<!-- \/ Yoast SEO plugin. -->","yoast_head_json":{"title":"Artists at the Lent\u00e4v\u00e4nniemi Tram Festival | Tampereen Ratikka","description":"Artists at the Tram Festival include Bee, Ilta, and DJ Orkidea with VJ Sellek. The performances in the Festival trams will be provided by DJ Juissi and the Kellot Trio","robots":{"index":"index","follow":"follow","max-snippet":"max-snippet:-1","max-image-preview":"max-image-preview:large","max-video-preview":"max-video-preview:-1"},"canonical":"https:\/\/www.tampereenratikka.fi\/en\/tram-festival\/artists\/","og_locale":"en_US","og_type":"article","og_title":"Artists at the Lent\u00e4v\u00e4nniemi Tram Festival | Tampereen Ratikka","og_description":"Artists at the Tram Festival include Bee, Ilta, and DJ Orkidea with VJ Sellek. The performances in the Festival trams will be provided by DJ Juissi and the Kellot Trio","og_url":"https:\/\/www.tampereenratikka.fi\/en\/tram-festival\/artists\/","og_site_name":"Tampereen Ratikka","article_modified_time":"2025-01-02T07:51:16+00:00","og_image":[{"width":1080,"height":1080,"url":"https:\/\/www.tampereenratikka.fi\/wp-content\/uploads\/2024\/11\/Bee_Ratikkajuhla.jpg","type":"image\/jpeg"}],"twitter_card":"summary_large_image","twitter_misc":{"Est. reading time":"6 minutes"},"schema":{"@context":"https:\/\/schema.org","@graph":[{"@type":"WebPage","@id":"https:\/\/www.tampereenratikka.fi\/en\/tram-festival\/artists\/","url":"https:\/\/www.tampereenratikka.fi\/en\/tram-festival\/artists\/","name":"Artists at the Lent\u00e4v\u00e4nniemi Tram Festival | Tampereen Ratikka","isPartOf":{"@id":"https:\/\/www.tampereenratikka.fi\/en\/#website"},"primaryImageOfPage":{"@id":"https:\/\/www.tampereenratikka.fi\/en\/tram-festival\/artists\/#primaryimage"},"image":{"@id":"https:\/\/www.tampereenratikka.fi\/en\/tram-festival\/artists\/#primaryimage"},"thumbnailUrl":"https:\/\/www.tampereenratikka.fi\/wp-content\/uploads\/2024\/11\/Bee_Ratikkajuhla-1024x1024.jpg","datePublished":"2024-11-13T06:05:30+00:00","dateModified":"2025-01-02T07:51:16+00:00","description":"Artists at the Tram Festival include Bee, Ilta, and DJ Orkidea with VJ Sellek. The performances in the Festival trams will be provided by DJ Juissi and the Kellot Trio","breadcrumb":{"@id":"https:\/\/www.tampereenratikka.fi\/en\/tram-festival\/artists\/#breadcrumb"},"inLanguage":"en-US","potentialAction":[{"@type":"ReadAction","target":["https:\/\/www.tampereenratikka.fi\/en\/tram-festival\/artists\/"]}]},{"@type":"ImageObject","inLanguage":"en-US","@id":"https:\/\/www.tampereenratikka.fi\/en\/tram-festival\/artists\/#primaryimage","url":"https:\/\/www.tampereenratikka.fi\/wp-content\/uploads\/2024\/11\/Bee_Ratikkajuhla-1024x1024.jpg","contentUrl":"https:\/\/www.tampereenratikka.fi\/wp-content\/uploads\/2024\/11\/Bee_Ratikkajuhla-1024x1024.jpg"},{"@type":"BreadcrumbList","@id":"https:\/\/www.tampereenratikka.fi\/en\/tram-festival\/artists\/#breadcrumb","itemListElement":[{"@type":"ListItem","position":1,"name":"","item":"https:\/\/www.tampereenratikka.fi\/en\/"},{"@type":"ListItem","position":2,"name":"Lent\u00e4v\u00e4nniemi Tram Festival 4.1.2025","item":"https:\/\/www.tampereenratikka.fi\/en\/tram-festival\/"},{"@type":"ListItem","position":3,"name":"Artists at the Lent\u00e4v\u00e4nniemi Tram Festival"}]},{"@type":"WebSite","@id":"https:\/\/www.tampereenratikka.fi\/en\/#website","url":"https:\/\/www.tampereenratikka.fi\/en\/","name":"Tampereen Ratikka","description":"","potentialAction":[{"@type":"SearchAction","target":{"@type":"EntryPoint","urlTemplate":"https:\/\/www.tampereenratikka.fi\/en\/?s={search_term_string}"},"query-input":{"@type":"PropertyValueSpecification","valueRequired":true,"valueName":"search_term_string"}}],"inLanguage":"en-US"}]}},"_links":{"self":[{"href":"https:\/\/www.tampereenratikka.fi\/en\/wp-json\/wp\/v2\/pages\/22907","targetHints":{"allow":["GET"]}}],"collection":[{"href":"https:\/\/www.tampereenratikka.fi\/en\/wp-json\/wp\/v2\/pages"}],"about":[{"href":"https:\/\/www.tampereenratikka.fi\/en\/wp-json\/wp\/v2\/types\/page"}],"author":[{"embeddable":true,"href":"https:\/\/www.tampereenratikka.fi\/en\/wp-json\/wp\/v2\/users\/17"}],"replies":[{"embeddable":true,"href":"https:\/\/www.tampereenratikka.fi\/en\/wp-json\/wp\/v2\/comments?post=22907"}],"version-history":[{"count":11,"href":"https:\/\/www.tampereenratikka.fi\/en\/wp-json\/wp\/v2\/pages\/22907\/revisions"}],"predecessor-version":[{"id":23331,"href":"https:\/\/www.tampereenratikka.fi\/en\/wp-json\/wp\/v2\/pages\/22907\/revisions\/23331"}],"up":[{"embeddable":true,"href":"https:\/\/www.tampereenratikka.fi\/en\/wp-json\/wp\/v2\/pages\/22890"}],"wp:attachment":[{"href":"https:\/\/www.tampereenratikka.fi\/en\/wp-json\/wp\/v2\/media?parent=22907"}],"curies":[{"name":"wp","href":"https:\/\/api.w.org\/{rel}","templated":true}]}}