{"id":22917,"date":"2023-05-29T13:33:06","date_gmt":"2023-05-29T10:33:06","guid":{"rendered":"https:\/\/www.tampereenratikka.fi\/tram-festival\/tapahtumainfo\/"},"modified":"2025-01-04T11:17:58","modified_gmt":"2025-01-04T09:17:58","slug":"info","status":"publish","type":"page","link":"https:\/\/www.tampereenratikka.fi\/en\/tram-festival\/info\/","title":{"rendered":"Info"},"content":{"rendered":"\n<div class=\"wp-block-buttons is-layout-flex wp-block-buttons-is-layout-flex\">\n<div class=\"wp-block-button\"><a class=\"wp-block-button__link wp-element-button\" href=\"\/en\/?page_id=22890\">Back to Frontpage<\/a><\/div>\n<\/div>\n\n\n\n<h1 class=\"wp-block-heading has-text-align-center\">Info<\/h1>\n\n\n\n<h2 class=\"wp-block-heading\"><br>Location<\/h2>\n\n\n\n<p>The Lent\u00e4v\u00e4nniemi Tram Festival will be held on Saturday, January 4th 2025, from 15.00 to 19.00 in Hiedanranta (Tehdasaukio square, Tehdaskartanonkatu 24, 33400 Tampere). During the event, there will be a sausage serving in Pyh\u00e4ll\u00f6npuisto park, in Lent\u00e4v\u00e4nniemi. During the event, Festival Trams will operate on the new route. The name of the tram stops closest to the event area are Tehdas A and B.<\/p>\n\n\n\n<h3 class=\"wp-block-heading\">Hiedanranta<\/h3>\n\n\n\n<p><strong>The main event of the Lent\u00e4v\u00e4nniemi Tram Festival<\/strong> will be held at Hiedanranta on <strong>Saturday, January 4, 2025<\/strong>, from <strong>15.00 to 19.00<\/strong>. We recommend using the city&#8217;s public transport services to get to the event. You can find routes and timetables in the <a href=\"https:\/\/reittiopas.tampere.fi\/?locale=en\">Nysse journey planner<\/a>. During the event, a free Festival Tram will operate approximately every 15 minutes between Santalahti and the Lent\u00e4v\u00e4nniemi Pyh\u00e4ll\u00f6npuisto. You can spot the tram by the &#8220;Ratikkajuhla&#8221; sign on the destination display. Please note that normal Nysse fares apply for tram lines 1 and 3.<\/p>\n\n\n\n<p>During the event, there will be a free event parking area at Hiedanranta. There is limited parking available in Hiedanranta, and we recommend arriving by public transport. During the event, Lielahti Kartano parking area will not be in use.<\/p>\n\n\n\n<p>Please note that cycling and using electric scooters will be prohibited within the event area during the festival. There is limited parking available in Hiedanranta, and we recommend arriving by public transport. During the event, the Lielahti Manor parking area will not be in use.<\/p>\n\n\n\n<div class=\"wp-block-buttons is-layout-flex wp-block-buttons-is-layout-flex\">\n<div class=\"wp-block-button\"><a class=\"wp-block-button__link wp-element-button\" href=\"https:\/\/hiedanranta.fi\/kavijalle\/saapuminen\/\">Arriving at Hiedanranta<\/a><\/div>\n<\/div>\n\n\n\n<h3 class=\"wp-block-heading\">Event area map<\/h3>\n\n\n\n<figure class=\"wp-block-image size-large\"><img loading=\"lazy\" decoding=\"async\" width=\"935\" height=\"1024\" src=\"https:\/\/www.tampereenratikka.fi\/wp-content\/uploads\/2024\/12\/tampereen-ratikka-2025-aluekartta-935x1024.jpg\" alt=\"Ratikkajuhlan tapahtuma-alueen kartta\" class=\"wp-image-23311\" srcset=\"https:\/\/www.tampereenratikka.fi\/wp-content\/uploads\/2024\/12\/tampereen-ratikka-2025-aluekartta-935x1024.jpg 935w, https:\/\/www.tampereenratikka.fi\/wp-content\/uploads\/2024\/12\/tampereen-ratikka-2025-aluekartta-274x300.jpg 274w, https:\/\/www.tampereenratikka.fi\/wp-content\/uploads\/2024\/12\/tampereen-ratikka-2025-aluekartta-768x841.jpg 768w, https:\/\/www.tampereenratikka.fi\/wp-content\/uploads\/2024\/12\/tampereen-ratikka-2025-aluekartta-1403x1536.jpg 1403w, https:\/\/www.tampereenratikka.fi\/wp-content\/uploads\/2024\/12\/tampereen-ratikka-2025-aluekartta-1200x1314.jpg 1200w, https:\/\/www.tampereenratikka.fi\/wp-content\/uploads\/2024\/12\/tampereen-ratikka-2025-aluekartta-720x788.jpg 720w, https:\/\/www.tampereenratikka.fi\/wp-content\/uploads\/2024\/12\/tampereen-ratikka-2025-aluekartta.jpg 1852w\" sizes=\"auto, (max-width: 935px) 100vw, 935px\" \/><\/figure>\n\n\n\n<h3 class=\"wp-block-heading\">Pyh\u00e4ll\u00f6npuisto Park<\/h3>\n\n\n\n<p>During the <strong>Lent\u00e4v\u00e4nniemi Tram Festival<\/strong> there will be a free sausage offering (with both meat and vegetarian options) near the Pyh\u00e4ll\u00f6npuisto stop. The offering is provided by the Tram Alliance. You can also explore the new art piece, <em>Pyh\u00e4ll\u00f6npuiston Eli\u00f6t<\/em> (Creatures of Pyh\u00e4ll\u00f6npuisto), in the vicinity of the stop.<\/p>\n\n\n\n<p>A free <strong>Festival Tram<\/strong> will operate approximately every 20 minutes between Santalahti and the Lent\u00e4v\u00e4nniemi Pyh\u00e4ll\u00f6npuisto terminus during the event. You can recognize the tram by the &#8220;Ratikkajuhla&#8221; sign on the destination display. Please note that normal Nyssen fare rules apply for tram lines 1 and 3.<\/p>\n\n\n\n<p>We recommend arriving at <strong>Pyh\u00e4ll\u00f6npuisto<\/strong> using the <strong>Festival Tram<\/strong> or other public transport services. A free event parking area is available at <strong>Hiedanranta<\/strong>.<\/p>\n\n\n\n<h2 class=\"wp-block-heading\">Fares<\/h2>\n\n\n\n<p>The event is free of charge.<\/p>\n\n\n\n<p>The juice at Tehdasaukio and the sausages at Pyh\u00e4ll\u00f6npuisto are free of charge.<\/p>\n\n\n\n<h2 class=\"wp-block-heading\">Accessibility<\/h2>\n\n\n\n<p>The event area at Hiedanranta is accessible. The tram stops and trams are also accessible.<\/p>\n\n\n\n<p>Accessible portable toilets are available at both Tehdasaukio and Pyh\u00e4ll\u00f6npuisto. <\/p>\n\n\n\n<p>An accessible route to the event area is marked from the Tehdas tram stops and the event parking area. Accessible parking is located in close proximity to the event area, with parking attendants directing vehicles to the designated spots<\/p>\n\n\n\n<p>Please take the winter weather into account.<\/p>\n\n\n\n<p>Please note that the performances include strobe lights\/flashing lights and loud noises.<\/p>\n\n\n\n<h2 class=\"wp-block-heading\" id=\"juhlaratikat\">Festival Trams<\/h2>\n\n\n\n<p><strong>14.50\u201319.15 Festival Trams (2 trams) are operating between Santalahti and Pyh\u00e4ll\u00f6npuisto.<\/strong><\/p>\n\n\n\n<p>During the Tram Festival, you\u2019ll get a chance to ride the tram to Lent\u00e4v\u00e4nniemi three days before the actual service starts! Hop on one of the Festival Trams at the Santalahti or Pyh\u00e4ll\u00f6npuisto stops during the festival. The ride on the Festival Tram is free of charge. Regular Nysse fares apply for lines 1 and 3.<\/p>\n\n\n\n<p><strong>Note<\/strong>: A lot of people are expected to attend the event and not everyone may fit on the tram at once. If that\u2019s the case, just wait for the next Festival Tram. They run about every 20 minutes. You can also get to the Hiedanranta event area using other transport options.<\/p>\n\n\n\n<ul class=\"wp-block-list\">\n<li>The Festival Trams (2 trams) will run on&nbsp;<strong>Saturday, January 4, 2025<\/strong>, from&nbsp;<strong>14.50 to 19.15<\/strong>.<\/li>\n\n\n\n<li>Throughout the event, you\u2019ll catch a variety of performances onboard in the \u2013 expect some surprises!<\/li>\n\n\n\n<li>You can spot the Festival Trams by signs that say \u201c1R Ratikkajuhla.\u201d The trams are also decorated inside.<\/li>\n\n\n\n<li>The trams will run about every 20 minutes between Santalahti and Pyh\u00e4ll\u00f6npuisto. The first tram leaves from Santalahti and Pyh\u00e4ll\u00f6npuisto at&nbsp;<strong>14.50<\/strong>, and the last departure from Tehdas stop (event area) to Santalahti and Pyh\u00e4ll\u00f6npuisto is at&nbsp;<strong>19.15<\/strong>.<\/li>\n\n\n\n<li>The Festival Trams will stop at all the new route stops: Santalahti \u2013 Hiedanranta \u2013 Tehdas (event area) \u2013 Niemen kartano \u2013 Niemenranta \u2013 Lent\u00e4v\u00e4nniemi \u2013 Pyh\u00e4ll\u00f6npuisto.<\/li>\n\n\n\n<li>You can check the Festival Tram (route R1) schedule in the <a href=\"https:\/\/reittiopas.tampere.fi\/linjat\/tampere:1R\/pysakit\/tampere:1R:0:01?locale=en\" target=\"_blank\" rel=\"noreferrer noopener\">Nysse journey planner<\/a>.<\/li>\n<\/ul>\n\n\n\n<h2 class=\"wp-block-heading\">Safety <\/h2>\n\n\n\n<ul class=\"wp-block-list\">\n<li>Arrive at the event only when feeling healthy.<\/li>\n\n\n\n<li>Remember good coughing and sneezing hygiene.<\/li>\n\n\n\n<li>In case of emergency, call <strong>112<\/strong>.<\/li>\n\n\n\n<li>There is a first aid station at the event area. The first aid point can be identified by an ambulance and &#8220;EA&#8221; signs.<\/li>\n\n\n\n<li>This is an outdoor event, so please dress appropriately for the weather. The event area is maintained for winter conditions, but be mindful of winter weather challenges, such as potential slipperiness.<\/li>\n\n\n\n<li>The event will have security personnel.<\/li>\n\n\n\n<li>The event is smoke-free and substance-free.<\/li>\n<\/ul>\n\n\n\n<h2 class=\"wp-block-heading\">Contact information<\/h2>\n\n\n\n<p><strong>Contact Information<\/strong><\/p>\n\n\n\n<p>The Lent\u00e4v\u00e4nniemi Tram Festival is produced by <strong><a href=\"https:\/\/www.tampereenratikka.fi\/en\/tampere-tramway-ltd\/\">Tampere Tramway Ltd.<\/a><\/strong><\/p>\n\n\n\n<p><strong>Executive Producer<\/strong><br>Sari M\u00e4kel\u00e4<br>Communications Manager, Tampereen Tramway Ltd.<br>firstname.lastname (at) tampereenraitiotie.fi<\/p>\n\n\n\n<p><\/p>\n","protected":false},"excerpt":{"rendered":"<p>Info Location The Lent\u00e4v\u00e4nniemi Tram Festival will be held on Saturday, January 4th 2025, from 15.00 to 19.00 in Hiedanranta (Tehdasaukio square, Tehdaskartanonkatu 24, 33400 Tampere). During the event, there will be a sausage serving in Pyh\u00e4ll\u00f6npuisto park, in Lent\u00e4v\u00e4nniemi. During the event, Festival Trams will operate on the new route. The name of the [&hellip;]<\/p>\n","protected":false},"author":17,"featured_media":20518,"parent":22890,"menu_order":0,"comment_status":"closed","ping_status":"closed","template":"","meta":{"_acf_changed":false,"footnotes":""},"class_list":["post-22917","page","type-page","status-publish","has-post-thumbnail","hentry"],"acf":[],"yoast_head":"<!-- This site is optimized with the Yoast SEO plugin v27.2 - https:\/\/yoast.com\/product\/yoast-seo-wordpress\/ -->\n<title>Info | Tampereen Ratikka<\/title>\n<meta name=\"description\" content=\"The Tram Festival will be held on January 4th in Hiedanranta and Pyh\u00e4ll\u00f6npuisto. During the event, Festival Trams will operate on the new route.\" \/>\n<meta name=\"robots\" content=\"index, follow, max-snippet:-1, max-image-preview:large, max-video-preview:-1\" \/>\n<link rel=\"canonical\" href=\"https:\/\/www.tampereenratikka.fi\/en\/tram-festival\/info\/\" \/>\n<meta property=\"og:locale\" content=\"en_US\" \/>\n<meta property=\"og:type\" content=\"article\" \/>\n<meta property=\"og:title\" content=\"Info | Tampereen Ratikka\" \/>\n<meta property=\"og:description\" content=\"The Tram Festival will be held on January 4th in Hiedanranta and Pyh\u00e4ll\u00f6npuisto. During the event, Festival Trams will operate on the new route.\" \/>\n<meta property=\"og:url\" content=\"https:\/\/www.tampereenratikka.fi\/en\/tram-festival\/info\/\" \/>\n<meta property=\"og:site_name\" content=\"Tampereen Ratikka\" \/>\n<meta property=\"article:modified_time\" content=\"2025-01-04T09:17:58+00:00\" \/>\n<meta property=\"og:image\" content=\"https:\/\/www.tampereenratikka.fi\/wp-content\/uploads\/2024\/08\/Tampereen-Ratikka_24_Ratikkajuhla_header_1200x400_paiva.png\" \/>\n\t<meta property=\"og:image:width\" content=\"1200\" \/>\n\t<meta property=\"og:image:height\" content=\"400\" \/>\n\t<meta property=\"og:image:type\" content=\"image\/png\" \/>\n<meta name=\"twitter:card\" content=\"summary_large_image\" \/>\n<meta name=\"twitter:label1\" content=\"Est. reading time\" \/>\n\t<meta name=\"twitter:data1\" content=\"6 minutes\" \/>\n<script type=\"application\/ld+json\" class=\"yoast-schema-graph\">{\"@context\":\"https:\/\/schema.org\",\"@graph\":[{\"@type\":\"WebPage\",\"@id\":\"https:\/\/www.tampereenratikka.fi\/en\/tram-festival\/info\/\",\"url\":\"https:\/\/www.tampereenratikka.fi\/en\/tram-festival\/info\/\",\"name\":\"Info | Tampereen Ratikka\",\"isPartOf\":{\"@id\":\"https:\/\/www.tampereenratikka.fi\/en\/#website\"},\"primaryImageOfPage\":{\"@id\":\"https:\/\/www.tampereenratikka.fi\/en\/tram-festival\/info\/#primaryimage\"},\"image\":{\"@id\":\"https:\/\/www.tampereenratikka.fi\/en\/tram-festival\/info\/#primaryimage\"},\"thumbnailUrl\":\"https:\/\/www.tampereenratikka.fi\/wp-content\/uploads\/2024\/08\/Tampereen-Ratikka_24_Ratikkajuhla_header_1200x400_paiva.png\",\"datePublished\":\"2023-05-29T10:33:06+00:00\",\"dateModified\":\"2025-01-04T09:17:58+00:00\",\"description\":\"The Tram Festival will be held on January 4th in Hiedanranta and Pyh\u00e4ll\u00f6npuisto. During the event, Festival Trams will operate on the new route.\",\"breadcrumb\":{\"@id\":\"https:\/\/www.tampereenratikka.fi\/en\/tram-festival\/info\/#breadcrumb\"},\"inLanguage\":\"en-US\",\"potentialAction\":[{\"@type\":\"ReadAction\",\"target\":[\"https:\/\/www.tampereenratikka.fi\/en\/tram-festival\/info\/\"]}]},{\"@type\":\"ImageObject\",\"inLanguage\":\"en-US\",\"@id\":\"https:\/\/www.tampereenratikka.fi\/en\/tram-festival\/info\/#primaryimage\",\"url\":\"https:\/\/www.tampereenratikka.fi\/wp-content\/uploads\/2024\/08\/Tampereen-Ratikka_24_Ratikkajuhla_header_1200x400_paiva.png\",\"contentUrl\":\"https:\/\/www.tampereenratikka.fi\/wp-content\/uploads\/2024\/08\/Tampereen-Ratikka_24_Ratikkajuhla_header_1200x400_paiva.png\",\"width\":1200,\"height\":400,\"caption\":\"Lent\u00e4v\u00e4nniemen Ratikkajuhlaa vietet\u00e4\u00e4n 4.1.2024\"},{\"@type\":\"BreadcrumbList\",\"@id\":\"https:\/\/www.tampereenratikka.fi\/en\/tram-festival\/info\/#breadcrumb\",\"itemListElement\":[{\"@type\":\"ListItem\",\"position\":1,\"name\":\"\",\"item\":\"https:\/\/www.tampereenratikka.fi\/en\/\"},{\"@type\":\"ListItem\",\"position\":2,\"name\":\"Lent\u00e4v\u00e4nniemi Tram Festival 4.1.2025\",\"item\":\"https:\/\/www.tampereenratikka.fi\/en\/tram-festival\/\"},{\"@type\":\"ListItem\",\"position\":3,\"name\":\"Info\"}]},{\"@type\":\"WebSite\",\"@id\":\"https:\/\/www.tampereenratikka.fi\/en\/#website\",\"url\":\"https:\/\/www.tampereenratikka.fi\/en\/\",\"name\":\"Tampereen Ratikka\",\"description\":\"\",\"potentialAction\":[{\"@type\":\"SearchAction\",\"target\":{\"@type\":\"EntryPoint\",\"urlTemplate\":\"https:\/\/www.tampereenratikka.fi\/en\/?s={search_term_string}\"},\"query-input\":{\"@type\":\"PropertyValueSpecification\",\"valueRequired\":true,\"valueName\":\"search_term_string\"}}],\"inLanguage\":\"en-US\"}]}<\/script>\n<!-- \/ Yoast SEO plugin. -->","yoast_head_json":{"title":"Info | Tampereen Ratikka","description":"The Tram Festival will be held on January 4th in Hiedanranta and Pyh\u00e4ll\u00f6npuisto. During the event, Festival Trams will operate on the new route.","robots":{"index":"index","follow":"follow","max-snippet":"max-snippet:-1","max-image-preview":"max-image-preview:large","max-video-preview":"max-video-preview:-1"},"canonical":"https:\/\/www.tampereenratikka.fi\/en\/tram-festival\/info\/","og_locale":"en_US","og_type":"article","og_title":"Info | Tampereen Ratikka","og_description":"The Tram Festival will be held on January 4th in Hiedanranta and Pyh\u00e4ll\u00f6npuisto. During the event, Festival Trams will operate on the new route.","og_url":"https:\/\/www.tampereenratikka.fi\/en\/tram-festival\/info\/","og_site_name":"Tampereen Ratikka","article_modified_time":"2025-01-04T09:17:58+00:00","og_image":[{"width":1200,"height":400,"url":"https:\/\/www.tampereenratikka.fi\/wp-content\/uploads\/2024\/08\/Tampereen-Ratikka_24_Ratikkajuhla_header_1200x400_paiva.png","type":"image\/png"}],"twitter_card":"summary_large_image","twitter_misc":{"Est. reading time":"6 minutes"},"schema":{"@context":"https:\/\/schema.org","@graph":[{"@type":"WebPage","@id":"https:\/\/www.tampereenratikka.fi\/en\/tram-festival\/info\/","url":"https:\/\/www.tampereenratikka.fi\/en\/tram-festival\/info\/","name":"Info | Tampereen Ratikka","isPartOf":{"@id":"https:\/\/www.tampereenratikka.fi\/en\/#website"},"primaryImageOfPage":{"@id":"https:\/\/www.tampereenratikka.fi\/en\/tram-festival\/info\/#primaryimage"},"image":{"@id":"https:\/\/www.tampereenratikka.fi\/en\/tram-festival\/info\/#primaryimage"},"thumbnailUrl":"https:\/\/www.tampereenratikka.fi\/wp-content\/uploads\/2024\/08\/Tampereen-Ratikka_24_Ratikkajuhla_header_1200x400_paiva.png","datePublished":"2023-05-29T10:33:06+00:00","dateModified":"2025-01-04T09:17:58+00:00","description":"The Tram Festival will be held on January 4th in Hiedanranta and Pyh\u00e4ll\u00f6npuisto. During the event, Festival Trams will operate on the new route.","breadcrumb":{"@id":"https:\/\/www.tampereenratikka.fi\/en\/tram-festival\/info\/#breadcrumb"},"inLanguage":"en-US","potentialAction":[{"@type":"ReadAction","target":["https:\/\/www.tampereenratikka.fi\/en\/tram-festival\/info\/"]}]},{"@type":"ImageObject","inLanguage":"en-US","@id":"https:\/\/www.tampereenratikka.fi\/en\/tram-festival\/info\/#primaryimage","url":"https:\/\/www.tampereenratikka.fi\/wp-content\/uploads\/2024\/08\/Tampereen-Ratikka_24_Ratikkajuhla_header_1200x400_paiva.png","contentUrl":"https:\/\/www.tampereenratikka.fi\/wp-content\/uploads\/2024\/08\/Tampereen-Ratikka_24_Ratikkajuhla_header_1200x400_paiva.png","width":1200,"height":400,"caption":"Lent\u00e4v\u00e4nniemen Ratikkajuhlaa vietet\u00e4\u00e4n 4.1.2024"},{"@type":"BreadcrumbList","@id":"https:\/\/www.tampereenratikka.fi\/en\/tram-festival\/info\/#breadcrumb","itemListElement":[{"@type":"ListItem","position":1,"name":"","item":"https:\/\/www.tampereenratikka.fi\/en\/"},{"@type":"ListItem","position":2,"name":"Lent\u00e4v\u00e4nniemi Tram Festival 4.1.2025","item":"https:\/\/www.tampereenratikka.fi\/en\/tram-festival\/"},{"@type":"ListItem","position":3,"name":"Info"}]},{"@type":"WebSite","@id":"https:\/\/www.tampereenratikka.fi\/en\/#website","url":"https:\/\/www.tampereenratikka.fi\/en\/","name":"Tampereen Ratikka","description":"","potentialAction":[{"@type":"SearchAction","target":{"@type":"EntryPoint","urlTemplate":"https:\/\/www.tampereenratikka.fi\/en\/?s={search_term_string}"},"query-input":{"@type":"PropertyValueSpecification","valueRequired":true,"valueName":"search_term_string"}}],"inLanguage":"en-US"}]}},"_links":{"self":[{"href":"https:\/\/www.tampereenratikka.fi\/en\/wp-json\/wp\/v2\/pages\/22917","targetHints":{"allow":["GET"]}}],"collection":[{"href":"https:\/\/www.tampereenratikka.fi\/en\/wp-json\/wp\/v2\/pages"}],"about":[{"href":"https:\/\/www.tampereenratikka.fi\/en\/wp-json\/wp\/v2\/types\/page"}],"author":[{"embeddable":true,"href":"https:\/\/www.tampereenratikka.fi\/en\/wp-json\/wp\/v2\/users\/17"}],"replies":[{"embeddable":true,"href":"https:\/\/www.tampereenratikka.fi\/en\/wp-json\/wp\/v2\/comments?post=22917"}],"version-history":[{"count":23,"href":"https:\/\/www.tampereenratikka.fi\/en\/wp-json\/wp\/v2\/pages\/22917\/revisions"}],"predecessor-version":[{"id":23382,"href":"https:\/\/www.tampereenratikka.fi\/en\/wp-json\/wp\/v2\/pages\/22917\/revisions\/23382"}],"up":[{"embeddable":true,"href":"https:\/\/www.tampereenratikka.fi\/en\/wp-json\/wp\/v2\/pages\/22890"}],"wp:featuredmedia":[{"embeddable":true,"href":"https:\/\/www.tampereenratikka.fi\/en\/wp-json\/wp\/v2\/media\/20518"}],"wp:attachment":[{"href":"https:\/\/www.tampereenratikka.fi\/en\/wp-json\/wp\/v2\/media?parent=22917"}],"curies":[{"name":"wp","href":"https:\/\/api.w.org\/{rel}","templated":true}]}}