{"id":26609,"date":"2025-09-16T11:58:17","date_gmt":"2025-09-16T08:58:17","guid":{"rendered":"https:\/\/www.tampereenratikka.fi\/corporate-responsibility\/taloudellinen-ja-hallinnollinen-vastuullisuus\/"},"modified":"2025-10-16T14:02:05","modified_gmt":"2025-10-16T11:02:05","slug":"responsibility-in-governance","status":"publish","type":"page","link":"https:\/\/www.tampereenratikka.fi\/en\/corporate-responsibility\/responsibility-in-governance\/","title":{"rendered":"Responsibility in Governance"},"content":{"rendered":"\n<h2 class=\"wp-block-heading\">Good financial governance with life cycle sustainability in mind<\/h2>\n\n\n\n<div class=\"wp-block-columns is-layout-flex wp-container-core-columns-is-layout-9d6595d7 wp-block-columns-is-layout-flex\">\n<div class=\"wp-block-column is-layout-flow wp-block-column-is-layout-flow\">\n<p class=\"has-text-align-left\"><strong>In Tampere Tramway Ltd, we practice good financial governance, use resources efficiently and create steady, long-term financial benefits to our stakeholders. Life cycle sustainability is our top priority in making acquisitions and procurements and maintaining the tramway system. Responsibility in governance shows for example in our company\u2019s principles of governance, risk management and internal instructions. As Project Owner, we have a responsibility to make sure that our projects are implemented sustainably, on time and within budget.<\/strong><\/p>\n<\/div>\n\n\n\n<div class=\"wp-block-column is-layout-flow wp-block-column-is-layout-flow\" style=\"flex-basis:400px\"><div class=\"wp-block-image\">\n<figure class=\"alignleft size-full is-resized\"><img loading=\"lazy\" decoding=\"async\" width=\"1500\" height=\"1500\" src=\"https:\/\/www.tampereenratikka.fi\/wp-content\/uploads\/2025\/10\/E-WEB-Goal-08.png\" alt=\"Decent work and economic growth\" class=\"wp-image-26640\" style=\"width:170px;height:auto\" srcset=\"https:\/\/www.tampereenratikka.fi\/wp-content\/uploads\/2025\/10\/E-WEB-Goal-08.png 1500w, https:\/\/www.tampereenratikka.fi\/wp-content\/uploads\/2025\/10\/E-WEB-Goal-08-300x300.png 300w, https:\/\/www.tampereenratikka.fi\/wp-content\/uploads\/2025\/10\/E-WEB-Goal-08-1024x1024.png 1024w, https:\/\/www.tampereenratikka.fi\/wp-content\/uploads\/2025\/10\/E-WEB-Goal-08-150x150.png 150w, https:\/\/www.tampereenratikka.fi\/wp-content\/uploads\/2025\/10\/E-WEB-Goal-08-768x768.png 768w, https:\/\/www.tampereenratikka.fi\/wp-content\/uploads\/2025\/10\/E-WEB-Goal-08-160x160.png 160w, https:\/\/www.tampereenratikka.fi\/wp-content\/uploads\/2025\/10\/E-WEB-Goal-08-1200x1200.png 1200w, https:\/\/www.tampereenratikka.fi\/wp-content\/uploads\/2025\/10\/E-WEB-Goal-08-720x720.png 720w\" sizes=\"auto, (max-width: 1500px) 100vw, 1500px\" \/><\/figure>\n<\/div>\n\n<div class=\"wp-block-image\">\n<figure class=\"alignleft size-full is-resized\"><img loading=\"lazy\" decoding=\"async\" width=\"1500\" height=\"1500\" src=\"https:\/\/www.tampereenratikka.fi\/wp-content\/uploads\/2025\/10\/E-WEB-Goal-09.png\" alt=\"Decent work and economic growth\" class=\"wp-image-26651\" style=\"width:173px;height:auto\" srcset=\"https:\/\/www.tampereenratikka.fi\/wp-content\/uploads\/2025\/10\/E-WEB-Goal-09.png 1500w, https:\/\/www.tampereenratikka.fi\/wp-content\/uploads\/2025\/10\/E-WEB-Goal-09-300x300.png 300w, https:\/\/www.tampereenratikka.fi\/wp-content\/uploads\/2025\/10\/E-WEB-Goal-09-1024x1024.png 1024w, https:\/\/www.tampereenratikka.fi\/wp-content\/uploads\/2025\/10\/E-WEB-Goal-09-150x150.png 150w, https:\/\/www.tampereenratikka.fi\/wp-content\/uploads\/2025\/10\/E-WEB-Goal-09-768x768.png 768w, https:\/\/www.tampereenratikka.fi\/wp-content\/uploads\/2025\/10\/E-WEB-Goal-09-160x160.png 160w, https:\/\/www.tampereenratikka.fi\/wp-content\/uploads\/2025\/10\/E-WEB-Goal-09-1200x1200.png 1200w, https:\/\/www.tampereenratikka.fi\/wp-content\/uploads\/2025\/10\/E-WEB-Goal-09-720x720.png 720w\" sizes=\"auto, (max-width: 1500px) 100vw, 1500px\" \/><\/figure>\n<\/div><\/div>\n<\/div>\n\n\n\n<div style=\"height:30px\" aria-hidden=\"true\" class=\"wp-block-spacer\"><\/div>\n\n\n\n<figure class=\"wp-block-image size-full\"><img loading=\"lazy\" decoding=\"async\" width=\"6048\" height=\"4032\" src=\"https:\/\/ratikkadev.24.testivedos.com\/wp-content\/uploads\/2025\/06\/Tampereen-Ratikka-kesalla-2025-12-Mikko-Vares.jpg\" alt=\"Tampereen Ratikka Koskipuiston pys\u00e4kill\u00e4 kes\u00e4ll\u00e4 2025\" class=\"wp-image-24975\" style=\"aspect-ratio:16\/9;object-fit:cover\" srcset=\"https:\/\/www.tampereenratikka.fi\/wp-content\/uploads\/2025\/06\/Tampereen-Ratikka-kesalla-2025-12-Mikko-Vares.jpg 6048w, https:\/\/www.tampereenratikka.fi\/wp-content\/uploads\/2025\/06\/Tampereen-Ratikka-kesalla-2025-12-Mikko-Vares-300x200.jpg 300w, https:\/\/www.tampereenratikka.fi\/wp-content\/uploads\/2025\/06\/Tampereen-Ratikka-kesalla-2025-12-Mikko-Vares-1024x683.jpg 1024w, https:\/\/www.tampereenratikka.fi\/wp-content\/uploads\/2025\/06\/Tampereen-Ratikka-kesalla-2025-12-Mikko-Vares-768x512.jpg 768w, https:\/\/www.tampereenratikka.fi\/wp-content\/uploads\/2025\/06\/Tampereen-Ratikka-kesalla-2025-12-Mikko-Vares-1536x1024.jpg 1536w, https:\/\/www.tampereenratikka.fi\/wp-content\/uploads\/2025\/06\/Tampereen-Ratikka-kesalla-2025-12-Mikko-Vares-2048x1365.jpg 2048w, https:\/\/www.tampereenratikka.fi\/wp-content\/uploads\/2025\/06\/Tampereen-Ratikka-kesalla-2025-12-Mikko-Vares-1200x800.jpg 1200w, https:\/\/www.tampereenratikka.fi\/wp-content\/uploads\/2025\/06\/Tampereen-Ratikka-kesalla-2025-12-Mikko-Vares-1920x1280.jpg 1920w, https:\/\/www.tampereenratikka.fi\/wp-content\/uploads\/2025\/06\/Tampereen-Ratikka-kesalla-2025-12-Mikko-Vares-720x480.jpg 720w\" sizes=\"auto, (max-width: 6048px) 100vw, 6048px\" \/><\/figure>\n\n\n\n<h3 class=\"wp-block-heading\">Risk management and self-supervision<\/h3>\n\n\n\n<p>We practice risk management in all our company\u2019s operations. Risk management includes our company\u2019s business risks, project risks, sustainability and responsibility risks, and risks related to the operability and safety of the tramway system.<\/p>\n\n\n\n<p>The goal of our company\u2019s risk management and self-supervision activities is to ensure that we achieve our strategic, operational and financial goals, and to support our company in the management of its operations and in its operating activities.<\/p>\n\n\n\n<p>Our risk management policy, which is ratified by our board of directors, is based on the SFS-ISO 31000 standard, the Tampere City Group guidelines, and the safety management system of our company.<\/p>\n\n\n\n<div style=\"height:30px\" aria-hidden=\"true\" class=\"wp-block-spacer\"><\/div>\n\n\n\n<hr class=\"wp-block-separator has-text-color has-beige-color has-alpha-channel-opacity has-beige-background-color has-background is-style-wide\"\/>\n\n\n\n<h3 class=\"wp-block-heading\">Our Supplier Code of Conduct<\/h3>\n\n\n\n<p>Tampere Tramway Ltd\u2019s Supplier Code of Conduct is based on international conventions and regulations, national laws and good industry practice. The document sets the ethical, social and environmental requirements for the suppliers and service providers of our company. We send it to all suppliers, either in conjunction with the call for tender or as an appendix to a procurement agreement between the company and the supplier.<\/p>\n\n\n\n<div class=\"wp-block-buttons is-layout-flex wp-block-buttons-is-layout-flex\">\n<div class=\"wp-block-button\"><a class=\"wp-block-button__link wp-element-button\" href=\"https:\/\/tampereenraitiotie.cloudvault.m-files.com\/SharedLinks.aspx?accesskey=aafb1b1552d329a552bd799d76c1526c4bb0ae819f3092627e7d13c954e20fc5&amp;VaultGUID=56096bb6-e2fa-48fa-b6ed-07e003535852\" target=\"_blank\" rel=\"noreferrer noopener\">Supplier Code of Conduct<\/a><\/div>\n<\/div>\n\n\n\n<div style=\"height:30px\" aria-hidden=\"true\" class=\"wp-block-spacer\"><\/div>\n\n\n\n<hr class=\"wp-block-separator has-text-color has-beige-color has-alpha-channel-opacity has-beige-background-color has-background is-style-wide\"\/>\n\n\n\n<h3 class=\"wp-block-heading\">Tracking the costs of the Tampere Tramway<\/h3>\n\n\n\n<p>You can review the costs of the Tampere Tramway on our website.<\/p>\n\n\n\n<div class=\"wp-block-buttons is-layout-flex wp-block-buttons-is-layout-flex\">\n<div class=\"wp-block-button\"><a class=\"wp-block-button__link wp-element-button\" href=\"https:\/\/www.tampereenratikka.fi\/tampereen-ratikka\/ratikan-kustannukset\/\" target=\"_blank\" rel=\"noreferrer noopener\">Costs of the Tampere Tramway (page in Finnish)<\/a><\/div>\n<\/div>\n\n\n\n<hr class=\"wp-block-separator has-text-color has-beige-color has-alpha-channel-opacity has-beige-background-color has-background is-style-wide\"\/>\n\n\n\n<div style=\"height:5px\" aria-hidden=\"true\" class=\"wp-block-spacer\"><\/div>\n\n\n\n<div style=\"height:20px\" aria-hidden=\"true\" class=\"wp-block-spacer\"><\/div>\n\n\n\n<h3 class=\"wp-block-heading\">Expansion over the city borders in a responsible way<\/h3>\n\n\n\n<p>The Tampere Tramway route is being extended towards Linnainmaa and Pirkkala. In addition, drafting of a project plan for the <a href=\"https:\/\/www.tampereenratikka.fi\/suunnittelu\/lielahti-ylojarvi\/\">Lielahti-Yl\u00f6j\u00e4rvi tramway section<\/a>\u00a0began in autumn 2025, and a general plan for the <a href=\"https:\/\/www.tampereenratikka.fi\/suunnittelu\/vuores\/\">Vuores tramway section<\/a>\u00a0will be drafted during 2025.\u00a0<\/p>\n\n\n\n<h4 class=\"wp-block-heading\">The Pirkkala\u2013Linnainmaa Alliance for Tampere Tramway<\/h4>\n\n\n\n<div class=\"wp-block-media-text is-stacked-on-mobile\"><figure class=\"wp-block-media-text__media\"><img loading=\"lazy\" decoding=\"async\" width=\"1024\" height=\"576\" src=\"https:\/\/ratikkadev.24.testivedos.com\/wp-content\/uploads\/2024\/09\/Niihama-6-1024x576.png\" alt=\"\" class=\"wp-image-21294 size-full\" srcset=\"https:\/\/www.tampereenratikka.fi\/wp-content\/uploads\/2024\/09\/Niihama-6-1024x576.png 1024w, https:\/\/www.tampereenratikka.fi\/wp-content\/uploads\/2024\/09\/Niihama-6-300x169.png 300w, https:\/\/www.tampereenratikka.fi\/wp-content\/uploads\/2024\/09\/Niihama-6-768x432.png 768w, https:\/\/www.tampereenratikka.fi\/wp-content\/uploads\/2024\/09\/Niihama-6-1536x864.png 1536w, https:\/\/www.tampereenratikka.fi\/wp-content\/uploads\/2024\/09\/Niihama-6-2048x1152.png 2048w, https:\/\/www.tampereenratikka.fi\/wp-content\/uploads\/2024\/09\/Niihama-6-1200x675.png 1200w, https:\/\/www.tampereenratikka.fi\/wp-content\/uploads\/2024\/09\/Niihama-6-1920x1080.png 1920w, https:\/\/www.tampereenratikka.fi\/wp-content\/uploads\/2024\/09\/Niihama-6-720x405.png 720w\" sizes=\"auto, (max-width: 1024px) 100vw, 1024px\" \/><\/figure><div class=\"wp-block-media-text__content\">\n<p>The Pirkkala\u2013Linnainmaa Alliance for Tampere Tramway is a responsible tramway project. The project\u2019s functions and operations are guided by the responsibility goals of our company, Tampere City and Pirkkala Municipality. Responsible and sustainable construction is one of the Alliance\u2019s key result areas.<\/p>\n\n\n\n<p>The project develops our common urban space for present and future residents according to the principles of sustainable development. Environmentally, socially and economically responsible policies have been defined for the project.<\/p>\n\n\n\n<div class=\"wp-block-buttons is-layout-flex wp-block-buttons-is-layout-flex\">\n<div class=\"wp-block-button\"><a class=\"wp-block-button__link wp-element-button\" href=\"https:\/\/pirkkalalinnainmaa.fi\/vastuullisuus\/\" target=\"_blank\" rel=\"noreferrer noopener\">Responsibility in the Pirkkala-Linnainmaa Alliance for Tampere Tramway (in Finnish)<\/a><\/div>\n<\/div>\n<\/div><\/div>\n\n\n\n<hr class=\"wp-block-separator has-text-color has-beige-color has-alpha-channel-opacity has-beige-background-color has-background is-style-wide\"\/>\n\n\n\n<h3 class=\"wp-block-heading\">Smart urban transportation solutions and innovations<\/h3>\n\n\n\n<div class=\"wp-block-media-text has-media-on-the-right is-stacked-on-mobile\"><div class=\"wp-block-media-text__content\">\n<p>We create opportunities for groundbreaking tramway development activities and businesses by offering a hands-on testing platform \u2013 the Lyyli Living Lab. We encourage our own employees and service providers to come up with new approaches and innovative ideas.<\/p>\n\n\n\n<div class=\"wp-block-buttons is-layout-flex wp-block-buttons-is-layout-flex\">\n<div class=\"wp-block-button\"><a class=\"wp-block-button__link wp-element-button\" href=\"https:\/\/www.tampereenratikka.fi\/en\/lyyli-living-lab\/lyyli\/\" target=\"_blank\" rel=\"noreferrer noopener\">Lyyli &#8211; Living Lab<\/a><\/div>\n<\/div>\n<\/div><figure class=\"wp-block-media-text__media\"><img loading=\"lazy\" decoding=\"async\" width=\"1024\" height=\"683\" src=\"https:\/\/ratikkadev.24.testivedos.com\/wp-content\/uploads\/2022\/06\/WTN_3046-1-1024x683.jpg\" alt=\"Lyyli-ratikka varikolla\" class=\"wp-image-14023 size-full\" srcset=\"https:\/\/www.tampereenratikka.fi\/wp-content\/uploads\/2022\/06\/WTN_3046-1-1024x683.jpg 1024w, https:\/\/www.tampereenratikka.fi\/wp-content\/uploads\/2022\/06\/WTN_3046-1-300x200.jpg 300w, https:\/\/www.tampereenratikka.fi\/wp-content\/uploads\/2022\/06\/WTN_3046-1-768x512.jpg 768w, https:\/\/www.tampereenratikka.fi\/wp-content\/uploads\/2022\/06\/WTN_3046-1-1536x1024.jpg 1536w, https:\/\/www.tampereenratikka.fi\/wp-content\/uploads\/2022\/06\/WTN_3046-1-2048x1365.jpg 2048w, https:\/\/www.tampereenratikka.fi\/wp-content\/uploads\/2022\/06\/WTN_3046-1-1200x800.jpg 1200w, https:\/\/www.tampereenratikka.fi\/wp-content\/uploads\/2022\/06\/WTN_3046-1-1920x1280.jpg 1920w, https:\/\/www.tampereenratikka.fi\/wp-content\/uploads\/2022\/06\/WTN_3046-1-720x480.jpg 720w\" sizes=\"auto, (max-width: 1024px) 100vw, 1024px\" \/><\/figure><\/div>\n\n\n\n<div style=\"height:30px\" aria-hidden=\"true\" class=\"wp-block-spacer\"><\/div>\n\n\n\n<hr class=\"wp-block-separator has-text-color has-beige-color has-alpha-channel-opacity has-beige-background-color has-background is-style-wide\"\/>\n\n\n\n<div class=\"wp-block-buttons is-layout-flex wp-block-buttons-is-layout-flex\">\n<div class=\"wp-block-button\"><a class=\"wp-block-button__link wp-element-button\" href=\"https:\/\/www.tampereenratikka.fi\/en\/corporate-responsibility\/social-responsibility\/\">Sosial responsibility<\/a><\/div>\n\n\n\n<div class=\"wp-block-button\"><a class=\"wp-block-button__link wp-element-button\" href=\"https:\/\/www.tampereenratikka.fi\/en\/corporate-responsibility\/environmental-responsibility\/\">Environmental responsibility<\/a><\/div>\n<\/div>\n\n\n\n<p><\/p>\n","protected":false},"excerpt":{"rendered":"<p>Good financial governance with life cycle sustainability in mind In Tampere Tramway Ltd, we practice good financial governance, use resources efficiently and create steady, long-term financial benefits to our stakeholders. Life cycle sustainability is our top priority in making acquisitions and procurements and maintaining the tramway system. Responsibility in governance shows for example in our [&hellip;]<\/p>\n","protected":false},"author":17,"featured_media":21284,"parent":26573,"menu_order":0,"comment_status":"closed","ping_status":"closed","template":"","meta":{"_acf_changed":false,"footnotes":""},"class_list":["post-26609","page","type-page","status-publish","has-post-thumbnail","hentry"],"acf":[],"yoast_head":"<!-- This site is optimized with the Yoast SEO plugin v27.2 - https:\/\/yoast.com\/product\/yoast-seo-wordpress\/ -->\n<title>Responsibility in Governance | Tampereen Ratikka<\/title>\n<meta name=\"description\" content=\"We practice good financial governance, use resources efficiently and create steady, long-term financial benefits to our stakeholders.\" \/>\n<meta name=\"robots\" content=\"index, follow, max-snippet:-1, max-image-preview:large, max-video-preview:-1\" \/>\n<link rel=\"canonical\" href=\"https:\/\/www.tampereenratikka.fi\/en\/corporate-responsibility\/responsibility-in-governance\/\" \/>\n<meta property=\"og:locale\" content=\"en_US\" \/>\n<meta property=\"og:type\" content=\"article\" \/>\n<meta property=\"og:title\" content=\"Responsibility in Governance | Tampereen Ratikka\" \/>\n<meta property=\"og:description\" content=\"We practice good financial governance, use resources efficiently and create steady, long-term financial benefits to our stakeholders.\" \/>\n<meta property=\"og:url\" content=\"https:\/\/www.tampereenratikka.fi\/en\/corporate-responsibility\/responsibility-in-governance\/\" \/>\n<meta property=\"og:site_name\" content=\"Tampereen Ratikka\" \/>\n<meta property=\"article:modified_time\" content=\"2025-10-16T11:02:05+00:00\" \/>\n<meta property=\"og:image\" content=\"https:\/\/www.tampereenratikka.fi\/wp-content\/uploads\/2024\/10\/PirLi-Varikko-240829-0020-1024x678.jpg\" \/>\n\t<meta property=\"og:image:width\" content=\"1024\" \/>\n\t<meta property=\"og:image:height\" content=\"678\" \/>\n\t<meta property=\"og:image:type\" content=\"image\/jpeg\" \/>\n<meta name=\"twitter:card\" content=\"summary_large_image\" \/>\n<meta name=\"twitter:label1\" content=\"Est. reading time\" \/>\n\t<meta name=\"twitter:data1\" content=\"5 minutes\" \/>\n<script type=\"application\/ld+json\" class=\"yoast-schema-graph\">{\"@context\":\"https:\/\/schema.org\",\"@graph\":[{\"@type\":\"WebPage\",\"@id\":\"https:\/\/www.tampereenratikka.fi\/en\/corporate-responsibility\/responsibility-in-governance\/\",\"url\":\"https:\/\/www.tampereenratikka.fi\/en\/corporate-responsibility\/responsibility-in-governance\/\",\"name\":\"Responsibility in Governance | Tampereen Ratikka\",\"isPartOf\":{\"@id\":\"https:\/\/www.tampereenratikka.fi\/en\/#website\"},\"primaryImageOfPage\":{\"@id\":\"https:\/\/www.tampereenratikka.fi\/en\/corporate-responsibility\/responsibility-in-governance\/#primaryimage\"},\"image\":{\"@id\":\"https:\/\/www.tampereenratikka.fi\/en\/corporate-responsibility\/responsibility-in-governance\/#primaryimage\"},\"thumbnailUrl\":\"https:\/\/www.tampereenratikka.fi\/wp-content\/uploads\/2024\/10\/PirLi-Varikko-240829-0020.jpg\",\"datePublished\":\"2025-09-16T08:58:17+00:00\",\"dateModified\":\"2025-10-16T11:02:05+00:00\",\"description\":\"We practice good financial governance, use resources efficiently and create steady, long-term financial benefits to our stakeholders.\",\"breadcrumb\":{\"@id\":\"https:\/\/www.tampereenratikka.fi\/en\/corporate-responsibility\/responsibility-in-governance\/#breadcrumb\"},\"inLanguage\":\"en-US\",\"potentialAction\":[{\"@type\":\"ReadAction\",\"target\":[\"https:\/\/www.tampereenratikka.fi\/en\/corporate-responsibility\/responsibility-in-governance\/\"]}]},{\"@type\":\"ImageObject\",\"inLanguage\":\"en-US\",\"@id\":\"https:\/\/www.tampereenratikka.fi\/en\/corporate-responsibility\/responsibility-in-governance\/#primaryimage\",\"url\":\"https:\/\/www.tampereenratikka.fi\/wp-content\/uploads\/2024\/10\/PirLi-Varikko-240829-0020.jpg\",\"contentUrl\":\"https:\/\/www.tampereenratikka.fi\/wp-content\/uploads\/2024\/10\/PirLi-Varikko-240829-0020.jpg\",\"width\":6042,\"height\":4000,\"caption\":\"Varikon ilmakuva 2024\"},{\"@type\":\"BreadcrumbList\",\"@id\":\"https:\/\/www.tampereenratikka.fi\/en\/corporate-responsibility\/responsibility-in-governance\/#breadcrumb\",\"itemListElement\":[{\"@type\":\"ListItem\",\"position\":1,\"name\":\"\",\"item\":\"https:\/\/www.tampereenratikka.fi\/en\/\"},{\"@type\":\"ListItem\",\"position\":2,\"name\":\"Tampere Tramway Ltd\u2019s corporate responsibility\",\"item\":\"https:\/\/www.tampereenratikka.fi\/en\/corporate-responsibility\/\"},{\"@type\":\"ListItem\",\"position\":3,\"name\":\"Responsibility in Governance\"}]},{\"@type\":\"WebSite\",\"@id\":\"https:\/\/www.tampereenratikka.fi\/en\/#website\",\"url\":\"https:\/\/www.tampereenratikka.fi\/en\/\",\"name\":\"Tampereen Ratikka\",\"description\":\"\",\"potentialAction\":[{\"@type\":\"SearchAction\",\"target\":{\"@type\":\"EntryPoint\",\"urlTemplate\":\"https:\/\/www.tampereenratikka.fi\/en\/?s={search_term_string}\"},\"query-input\":{\"@type\":\"PropertyValueSpecification\",\"valueRequired\":true,\"valueName\":\"search_term_string\"}}],\"inLanguage\":\"en-US\"}]}<\/script>\n<!-- \/ Yoast SEO plugin. -->","yoast_head_json":{"title":"Responsibility in Governance | Tampereen Ratikka","description":"We practice good financial governance, use resources efficiently and create steady, long-term financial benefits to our stakeholders.","robots":{"index":"index","follow":"follow","max-snippet":"max-snippet:-1","max-image-preview":"max-image-preview:large","max-video-preview":"max-video-preview:-1"},"canonical":"https:\/\/www.tampereenratikka.fi\/en\/corporate-responsibility\/responsibility-in-governance\/","og_locale":"en_US","og_type":"article","og_title":"Responsibility in Governance | Tampereen Ratikka","og_description":"We practice good financial governance, use resources efficiently and create steady, long-term financial benefits to our stakeholders.","og_url":"https:\/\/www.tampereenratikka.fi\/en\/corporate-responsibility\/responsibility-in-governance\/","og_site_name":"Tampereen Ratikka","article_modified_time":"2025-10-16T11:02:05+00:00","og_image":[{"width":1024,"height":678,"url":"https:\/\/www.tampereenratikka.fi\/wp-content\/uploads\/2024\/10\/PirLi-Varikko-240829-0020-1024x678.jpg","type":"image\/jpeg"}],"twitter_card":"summary_large_image","twitter_misc":{"Est. reading time":"5 minutes"},"schema":{"@context":"https:\/\/schema.org","@graph":[{"@type":"WebPage","@id":"https:\/\/www.tampereenratikka.fi\/en\/corporate-responsibility\/responsibility-in-governance\/","url":"https:\/\/www.tampereenratikka.fi\/en\/corporate-responsibility\/responsibility-in-governance\/","name":"Responsibility in Governance | Tampereen Ratikka","isPartOf":{"@id":"https:\/\/www.tampereenratikka.fi\/en\/#website"},"primaryImageOfPage":{"@id":"https:\/\/www.tampereenratikka.fi\/en\/corporate-responsibility\/responsibility-in-governance\/#primaryimage"},"image":{"@id":"https:\/\/www.tampereenratikka.fi\/en\/corporate-responsibility\/responsibility-in-governance\/#primaryimage"},"thumbnailUrl":"https:\/\/www.tampereenratikka.fi\/wp-content\/uploads\/2024\/10\/PirLi-Varikko-240829-0020.jpg","datePublished":"2025-09-16T08:58:17+00:00","dateModified":"2025-10-16T11:02:05+00:00","description":"We practice good financial governance, use resources efficiently and create steady, long-term financial benefits to our stakeholders.","breadcrumb":{"@id":"https:\/\/www.tampereenratikka.fi\/en\/corporate-responsibility\/responsibility-in-governance\/#breadcrumb"},"inLanguage":"en-US","potentialAction":[{"@type":"ReadAction","target":["https:\/\/www.tampereenratikka.fi\/en\/corporate-responsibility\/responsibility-in-governance\/"]}]},{"@type":"ImageObject","inLanguage":"en-US","@id":"https:\/\/www.tampereenratikka.fi\/en\/corporate-responsibility\/responsibility-in-governance\/#primaryimage","url":"https:\/\/www.tampereenratikka.fi\/wp-content\/uploads\/2024\/10\/PirLi-Varikko-240829-0020.jpg","contentUrl":"https:\/\/www.tampereenratikka.fi\/wp-content\/uploads\/2024\/10\/PirLi-Varikko-240829-0020.jpg","width":6042,"height":4000,"caption":"Varikon ilmakuva 2024"},{"@type":"BreadcrumbList","@id":"https:\/\/www.tampereenratikka.fi\/en\/corporate-responsibility\/responsibility-in-governance\/#breadcrumb","itemListElement":[{"@type":"ListItem","position":1,"name":"","item":"https:\/\/www.tampereenratikka.fi\/en\/"},{"@type":"ListItem","position":2,"name":"Tampere Tramway Ltd\u2019s corporate responsibility","item":"https:\/\/www.tampereenratikka.fi\/en\/corporate-responsibility\/"},{"@type":"ListItem","position":3,"name":"Responsibility in Governance"}]},{"@type":"WebSite","@id":"https:\/\/www.tampereenratikka.fi\/en\/#website","url":"https:\/\/www.tampereenratikka.fi\/en\/","name":"Tampereen Ratikka","description":"","potentialAction":[{"@type":"SearchAction","target":{"@type":"EntryPoint","urlTemplate":"https:\/\/www.tampereenratikka.fi\/en\/?s={search_term_string}"},"query-input":{"@type":"PropertyValueSpecification","valueRequired":true,"valueName":"search_term_string"}}],"inLanguage":"en-US"}]}},"_links":{"self":[{"href":"https:\/\/www.tampereenratikka.fi\/en\/wp-json\/wp\/v2\/pages\/26609","targetHints":{"allow":["GET"]}}],"collection":[{"href":"https:\/\/www.tampereenratikka.fi\/en\/wp-json\/wp\/v2\/pages"}],"about":[{"href":"https:\/\/www.tampereenratikka.fi\/en\/wp-json\/wp\/v2\/types\/page"}],"author":[{"embeddable":true,"href":"https:\/\/www.tampereenratikka.fi\/en\/wp-json\/wp\/v2\/users\/17"}],"replies":[{"embeddable":true,"href":"https:\/\/www.tampereenratikka.fi\/en\/wp-json\/wp\/v2\/comments?post=26609"}],"version-history":[{"count":19,"href":"https:\/\/www.tampereenratikka.fi\/en\/wp-json\/wp\/v2\/pages\/26609\/revisions"}],"predecessor-version":[{"id":26670,"href":"https:\/\/www.tampereenratikka.fi\/en\/wp-json\/wp\/v2\/pages\/26609\/revisions\/26670"}],"up":[{"embeddable":true,"href":"https:\/\/www.tampereenratikka.fi\/en\/wp-json\/wp\/v2\/pages\/26573"}],"wp:featuredmedia":[{"embeddable":true,"href":"https:\/\/www.tampereenratikka.fi\/en\/wp-json\/wp\/v2\/media\/21284"}],"wp:attachment":[{"href":"https:\/\/www.tampereenratikka.fi\/en\/wp-json\/wp\/v2\/media?parent=26609"}],"curies":[{"name":"wp","href":"https:\/\/api.w.org\/{rel}","templated":true}]}}