{"id":4211,"date":"2019-06-10T09:22:10","date_gmt":"2019-06-10T09:22:10","guid":{"rendered":"https:\/\/www.tampereenratikka.fi\/ratikan-reitti\/"},"modified":"2026-01-19T14:34:22","modified_gmt":"2026-01-19T12:34:22","slug":"tram-routes","status":"publish","type":"page","link":"https:\/\/www.tampereenratikka.fi\/en\/tram-routes\/","title":{"rendered":"Tram routes"},"content":{"rendered":"\n<h2 class=\"wp-block-heading has-text-align-center\">Welcome aboard!<\/h2>\n\n\n\n<figure class=\"wp-block-pullquote\"><blockquote><p><strong>Tampere Tram runs on two lines.<\/strong> <strong>Line 1 runs from Kauppi campus area (Tays hospital) to Pyh\u00e4ll\u00f6npuisto and line 3 runs from Hervantaj\u00e4rvi to Sorin aukio square.<\/strong><\/p><\/blockquote><\/figure>\n\n\n\n<p class=\"has-text-align-left\">Tampere Tram runs every 7.5 minutes during the daytime. At transfer stops, passengers can change to buses under a covered platform without thresholds or the need to cross the street.<\/p>\n\n\n\n<p><strong>Line 1 Kaupin kampus\/Tays-Keskustori-<strong>Pyh\u00e4ll\u00f6npuisto<\/strong> includes 20 stops:<\/strong><\/p>\n\n\n\n<p>Kaupin kampus, Tays, Hippos, Kalevan kirkko, Sammonaukio, Tulli, Rautatieasema, Koskipuisto, Keskustori, Tuulensuu, Pyynikintori, S\u00e4rk\u00e4nniemi, Tikkutehdas, Santalahti, Hiedanranta, Tehdas, Niemen kartano, Niemenranta, Lent\u00e4v\u00e4nniemi, Pyh\u00e4ll\u00f6npuisto<\/p>\n\n\n\n<p><strong>Line 3 Hervanta-Hakamets\u00e4-Sorin aukio includes 17 stops:<\/strong><\/p>\n\n\n\n<p>Hervantaj\u00e4rvi, Etel\u00e4-Hervanta, Hervannan kampus, Hervantakeskus, Opiskelija, Pohjois-Hervanta, Hallila, Turtola, Hakamets\u00e4, Kalevanrinne, Uintikeskus, Kaleva, Sammonaukio, Tulli, Rautatieasema, Koskipuisto, Sorin aukio<\/p>\n\n\n\n<figure class=\"wp-block-image size-large\"><img loading=\"lazy\" decoding=\"async\" width=\"1024\" height=\"226\" src=\"https:\/\/www.tampereenratikka.fi\/wp-content\/uploads\/2024\/05\/ratikka_vaakakartta_2025-1-1024x226.png\" alt=\"Ratikan reitti 7.1.2025 alkaen.\" class=\"wp-image-19797\" srcset=\"https:\/\/www.tampereenratikka.fi\/wp-content\/uploads\/2024\/05\/ratikka_vaakakartta_2025-1-1024x226.png 1024w, https:\/\/www.tampereenratikka.fi\/wp-content\/uploads\/2024\/05\/ratikka_vaakakartta_2025-1-300x66.png 300w, https:\/\/www.tampereenratikka.fi\/wp-content\/uploads\/2024\/05\/ratikka_vaakakartta_2025-1-768x169.png 768w, https:\/\/www.tampereenratikka.fi\/wp-content\/uploads\/2024\/05\/ratikka_vaakakartta_2025-1-1536x339.png 1536w, https:\/\/www.tampereenratikka.fi\/wp-content\/uploads\/2024\/05\/ratikka_vaakakartta_2025-1-2048x451.png 2048w, https:\/\/www.tampereenratikka.fi\/wp-content\/uploads\/2024\/05\/ratikka_vaakakartta_2025-1-1200x264.png 1200w, https:\/\/www.tampereenratikka.fi\/wp-content\/uploads\/2024\/05\/ratikka_vaakakartta_2025-1-1920x423.png 1920w, https:\/\/www.tampereenratikka.fi\/wp-content\/uploads\/2024\/05\/ratikka_vaakakartta_2025-1-720x159.png 720w\" sizes=\"auto, (max-width: 1024px) 100vw, 1024px\" \/><\/figure>\n\n\n\n<h2 class=\"wp-block-heading\">Progress of Construction and Planning<\/h2>\n\n\n\n<p>The decision to build the Tampere tramway was made in November 2016, and construction began in the spring of 2017. Part 1 of the Tampere tramway was implemented between 2017 and 2021. In the first part, Tampere received tram tracks and stops from Pyynikintori to Hervantaj\u00e4rvi and from Kauppi campus (Tays area) to Sorin aukio square. Additionally, a tram depot was built in Hervanta. Traffic on the first part began on August 9, 2021.<\/p>\n\n\n\n<p>The decision to implement part 2 of the Tampere tramway was made by the Tampere City Council on October 19, 2020. Part 2 includes the section from Pyynikintori to Lent\u00e4v\u00e4nniemi through the areas of Santalahti, Hiedanranta, and Niemenranta. This part was taken into use in stages. Traffic on section 2A from Pyynikintori to Santalahti began on August 7, 2023, and on section 2B from Santalahti to Lent\u00e4v\u00e4nniemi on January 7, 2025.<\/p>\n\n\n\n<p>The total length of the tramway lines for parts 1 and 2 is 24 km.<\/p>\n\n\n\n<h2 class=\"wp-block-heading\">Next, Heading to Pirkkala and Linnainmaa<\/h2>\n\n\n\n<h3 class=\"wp-block-heading\">First Phase<\/h3>\n\n\n\n<p>The decision to build the Tampere Tramway from Pirkkala to Linnainmaa was made in October 2024, and construction began in December 2024. In the first phase, tramway sections from Sorin aukio square to Partola and from Kauppi campus to Ruotula will be built. The goal is to start traffic to these temporary terminal stops in August 2028. In the first phase, significant modifications will also be carried out at the Tampere Tram Depot located in Hervanta.<\/p>\n\n\n\n<p><strong>First Phase Stops:<\/strong><\/p>\n\n\n\n<p>Between Sorin Square and Partola, there will be 7 pairs of stops in the first phase: Viinikanlahti, Hatanp\u00e4\u00e4, Arboretum, Rantaperki\u00f6, H\u00e4rm\u00e4l\u00e4, H\u00e4rm\u00e4l\u00e4nranta, and Partola.<\/p>\n\n\n\n<p>Between Kauppi Campus and Ruotula, there will be 1 pair of stops in the first phase: Ruotula.<\/p>\n\n\n\n<h3 class=\"wp-block-heading\">Second Phase<\/h3>\n\n\n\n<p>In phase 2 (2028\u20132032), sections from Partola to Suuppa and from Ruotula to Linnainmaa will be built. Traffic to Suuppa and Linnainmaa could begin in early 2032. The implementation of the second phase requires confirmation of state support.<\/p>\n\n\n\n<p><strong>Second Phase Stops:<\/strong><\/p>\n\n\n\n<p>Upon completion of the second phase, there will be a total of 11 pairs of stops between Sorin Square and Suuppa: Viinikanlahti, Hatanp\u00e4\u00e4, Arboretum, Rantaperki\u00f6, H\u00e4rm\u00e4l\u00e4, H\u00e4rm\u00e4l\u00e4nranta, Partola, Pakkalankulma, Killo, Haikka, and Pirkkala.<\/p>\n\n\n\n<p>Between Kauppi Campus and Linnainmaa, there will be a total of 4 pairs of stops: Ruotula, Kaupinlaakso, Pappila, and Linnainmaa.<\/p>\n\n\n\n<p>Learn more about the project on the Tampere Tramway Pirkkala-Linnainmaa Alliance website.<\/p>\n\n\n\n<figure class=\"wp-block-image size-full\"><img loading=\"lazy\" decoding=\"async\" width=\"1024\" height=\"629\" src=\"https:\/\/www.tampereenratikka.fi\/wp-content\/uploads\/2025\/07\/Pirkkala-Linnainmaa-raitiotien_kartta.jpg\" alt=\"Pirkkala-Linnainmaa-raitiotien_kartta\" class=\"wp-image-25674\" srcset=\"https:\/\/www.tampereenratikka.fi\/wp-content\/uploads\/2025\/07\/Pirkkala-Linnainmaa-raitiotien_kartta.jpg 1024w, https:\/\/www.tampereenratikka.fi\/wp-content\/uploads\/2025\/07\/Pirkkala-Linnainmaa-raitiotien_kartta-300x184.jpg 300w, https:\/\/www.tampereenratikka.fi\/wp-content\/uploads\/2025\/07\/Pirkkala-Linnainmaa-raitiotien_kartta-768x472.jpg 768w, https:\/\/www.tampereenratikka.fi\/wp-content\/uploads\/2025\/07\/Pirkkala-Linnainmaa-raitiotien_kartta-720x442.jpg 720w\" sizes=\"auto, (max-width: 1024px) 100vw, 1024px\" \/><figcaption class=\"wp-element-caption\"><em>Pirkkala-Linnainmaa Tramway route<\/em><\/figcaption><\/figure>\n\n\n\n<figure class=\"wp-block-image size-full\"><img loading=\"lazy\" decoding=\"async\" width=\"1024\" height=\"551\" src=\"https:\/\/www.tampereenratikka.fi\/wp-content\/uploads\/2025\/07\/Pirkkala-Linnainmaa_Pysakit-ja-matka-ajat.png\" alt=\"Pirkkala-Linnainmaa -raitiotien pys\u00e4kit ja matka-ajat\" class=\"wp-image-25676\" srcset=\"https:\/\/www.tampereenratikka.fi\/wp-content\/uploads\/2025\/07\/Pirkkala-Linnainmaa_Pysakit-ja-matka-ajat.png 1024w, https:\/\/www.tampereenratikka.fi\/wp-content\/uploads\/2025\/07\/Pirkkala-Linnainmaa_Pysakit-ja-matka-ajat-300x161.png 300w, https:\/\/www.tampereenratikka.fi\/wp-content\/uploads\/2025\/07\/Pirkkala-Linnainmaa_Pysakit-ja-matka-ajat-768x413.png 768w, https:\/\/www.tampereenratikka.fi\/wp-content\/uploads\/2025\/07\/Pirkkala-Linnainmaa_Pysakit-ja-matka-ajat-720x387.png 720w\" sizes=\"auto, (max-width: 1024px) 100vw, 1024px\" \/><figcaption class=\"wp-element-caption\"><em>Pirkkala-Linnainmaa Tramway stops and travel times<\/em><\/figcaption><\/figure>\n\n\n\n<div class=\"wp-block-buttons is-layout-flex wp-block-buttons-is-layout-flex\">\n<div class=\"wp-block-button\"><a class=\"wp-block-button__link wp-element-button\" href=\"https:\/\/pirkkalalinnainmaa.fi\/in-english\/\" target=\"_blank\" rel=\"noreferrer noopener\">Pirkkala-Linnainmaa Alliance<\/a><\/div>\n<\/div>\n","protected":false},"excerpt":{"rendered":"<p>Welcome aboard! Tampere Tram runs on two lines. Line 1 runs from Kauppi campus area (Tays hospital) to Pyh\u00e4ll\u00f6npuisto and line 3 runs from Hervantaj\u00e4rvi to Sorin aukio square. Tampere Tram runs every 7.5 minutes during the daytime. At transfer stops, passengers can change to buses under a covered platform without thresholds or the need [&hellip;]<\/p>\n","protected":false},"author":23,"featured_media":24996,"parent":0,"menu_order":0,"comment_status":"closed","ping_status":"closed","template":"","meta":{"_acf_changed":false,"footnotes":""},"class_list":["post-4211","page","type-page","status-publish","has-post-thumbnail","hentry"],"acf":[],"yoast_head":"<!-- This site is optimized with the Yoast SEO plugin v27.2 - https:\/\/yoast.com\/product\/yoast-seo-wordpress\/ -->\n<title>Tram routes | Tampereen Ratikka<\/title>\n<meta name=\"description\" content=\"Tampere Tram runs on two lines. Line 1 runs from Kauppi campus area to Pyh\u00e4ll\u00f6npuisto and line 3 runs from Hervantaj\u00e4rvi to Sorin aukio.\" \/>\n<meta name=\"robots\" content=\"index, follow, max-snippet:-1, max-image-preview:large, max-video-preview:-1\" \/>\n<link rel=\"canonical\" href=\"https:\/\/www.tampereenratikka.fi\/en\/tram-routes\/\" \/>\n<meta property=\"og:locale\" content=\"en_US\" \/>\n<meta property=\"og:type\" content=\"article\" \/>\n<meta property=\"og:title\" content=\"Tram routes | Tampereen Ratikka\" \/>\n<meta property=\"og:description\" content=\"Tampere Tram runs on two lines. Line 1 runs from Kauppi campus area to Pyh\u00e4ll\u00f6npuisto and line 3 runs from Hervantaj\u00e4rvi to Sorin aukio.\" \/>\n<meta property=\"og:url\" content=\"https:\/\/www.tampereenratikka.fi\/en\/tram-routes\/\" \/>\n<meta property=\"og:site_name\" content=\"Tampereen Ratikka\" \/>\n<meta property=\"article:modified_time\" content=\"2026-01-19T12:34:22+00:00\" \/>\n<meta property=\"og:image\" content=\"https:\/\/www.tampereenratikka.fi\/wp-content\/uploads\/2025\/06\/Visit-Tampere-Tampere-City-Centre-Summer-Mikko-Vares-1024x683.jpg\" \/>\n\t<meta property=\"og:image:width\" content=\"1024\" \/>\n\t<meta property=\"og:image:height\" content=\"683\" \/>\n\t<meta property=\"og:image:type\" content=\"image\/jpeg\" \/>\n<meta name=\"twitter:card\" content=\"summary_large_image\" \/>\n<meta name=\"twitter:label1\" content=\"Est. reading time\" \/>\n\t<meta name=\"twitter:data1\" content=\"4 minutes\" \/>\n<script type=\"application\/ld+json\" class=\"yoast-schema-graph\">{\"@context\":\"https:\/\/schema.org\",\"@graph\":[{\"@type\":\"WebPage\",\"@id\":\"https:\/\/www.tampereenratikka.fi\/en\/tram-routes\/\",\"url\":\"https:\/\/www.tampereenratikka.fi\/en\/tram-routes\/\",\"name\":\"Tram routes | Tampereen Ratikka\",\"isPartOf\":{\"@id\":\"https:\/\/www.tampereenratikka.fi\/en\/#website\"},\"primaryImageOfPage\":{\"@id\":\"https:\/\/www.tampereenratikka.fi\/en\/tram-routes\/#primaryimage\"},\"image\":{\"@id\":\"https:\/\/www.tampereenratikka.fi\/en\/tram-routes\/#primaryimage\"},\"thumbnailUrl\":\"https:\/\/www.tampereenratikka.fi\/wp-content\/uploads\/2025\/06\/Visit-Tampere-Tampere-City-Centre-Summer-Mikko-Vares.jpg\",\"datePublished\":\"2019-06-10T09:22:10+00:00\",\"dateModified\":\"2026-01-19T12:34:22+00:00\",\"description\":\"Tampere Tram runs on two lines. Line 1 runs from Kauppi campus area to Pyh\u00e4ll\u00f6npuisto and line 3 runs from Hervantaj\u00e4rvi to Sorin aukio.\",\"breadcrumb\":{\"@id\":\"https:\/\/www.tampereenratikka.fi\/en\/tram-routes\/#breadcrumb\"},\"inLanguage\":\"en-US\",\"potentialAction\":[{\"@type\":\"ReadAction\",\"target\":[\"https:\/\/www.tampereenratikka.fi\/en\/tram-routes\/\"]}]},{\"@type\":\"ImageObject\",\"inLanguage\":\"en-US\",\"@id\":\"https:\/\/www.tampereenratikka.fi\/en\/tram-routes\/#primaryimage\",\"url\":\"https:\/\/www.tampereenratikka.fi\/wp-content\/uploads\/2025\/06\/Visit-Tampere-Tampere-City-Centre-Summer-Mikko-Vares.jpg\",\"contentUrl\":\"https:\/\/www.tampereenratikka.fi\/wp-content\/uploads\/2025\/06\/Visit-Tampere-Tampere-City-Centre-Summer-Mikko-Vares.jpg\",\"width\":6048,\"height\":4032,\"caption\":\"Kuva: Mikko Vares\/ Visit Tampere\"},{\"@type\":\"BreadcrumbList\",\"@id\":\"https:\/\/www.tampereenratikka.fi\/en\/tram-routes\/#breadcrumb\",\"itemListElement\":[{\"@type\":\"ListItem\",\"position\":1,\"name\":\"\",\"item\":\"https:\/\/www.tampereenratikka.fi\/en\/\"},{\"@type\":\"ListItem\",\"position\":2,\"name\":\"Tram routes\"}]},{\"@type\":\"WebSite\",\"@id\":\"https:\/\/www.tampereenratikka.fi\/en\/#website\",\"url\":\"https:\/\/www.tampereenratikka.fi\/en\/\",\"name\":\"Tampereen Ratikka\",\"description\":\"\",\"potentialAction\":[{\"@type\":\"SearchAction\",\"target\":{\"@type\":\"EntryPoint\",\"urlTemplate\":\"https:\/\/www.tampereenratikka.fi\/en\/?s={search_term_string}\"},\"query-input\":{\"@type\":\"PropertyValueSpecification\",\"valueRequired\":true,\"valueName\":\"search_term_string\"}}],\"inLanguage\":\"en-US\"}]}<\/script>\n<!-- \/ Yoast SEO plugin. -->","yoast_head_json":{"title":"Tram routes | Tampereen Ratikka","description":"Tampere Tram runs on two lines. Line 1 runs from Kauppi campus area to Pyh\u00e4ll\u00f6npuisto and line 3 runs from Hervantaj\u00e4rvi to Sorin aukio.","robots":{"index":"index","follow":"follow","max-snippet":"max-snippet:-1","max-image-preview":"max-image-preview:large","max-video-preview":"max-video-preview:-1"},"canonical":"https:\/\/www.tampereenratikka.fi\/en\/tram-routes\/","og_locale":"en_US","og_type":"article","og_title":"Tram routes | Tampereen Ratikka","og_description":"Tampere Tram runs on two lines. Line 1 runs from Kauppi campus area to Pyh\u00e4ll\u00f6npuisto and line 3 runs from Hervantaj\u00e4rvi to Sorin aukio.","og_url":"https:\/\/www.tampereenratikka.fi\/en\/tram-routes\/","og_site_name":"Tampereen Ratikka","article_modified_time":"2026-01-19T12:34:22+00:00","og_image":[{"width":1024,"height":683,"url":"https:\/\/www.tampereenratikka.fi\/wp-content\/uploads\/2025\/06\/Visit-Tampere-Tampere-City-Centre-Summer-Mikko-Vares-1024x683.jpg","type":"image\/jpeg"}],"twitter_card":"summary_large_image","twitter_misc":{"Est. reading time":"4 minutes"},"schema":{"@context":"https:\/\/schema.org","@graph":[{"@type":"WebPage","@id":"https:\/\/www.tampereenratikka.fi\/en\/tram-routes\/","url":"https:\/\/www.tampereenratikka.fi\/en\/tram-routes\/","name":"Tram routes | Tampereen Ratikka","isPartOf":{"@id":"https:\/\/www.tampereenratikka.fi\/en\/#website"},"primaryImageOfPage":{"@id":"https:\/\/www.tampereenratikka.fi\/en\/tram-routes\/#primaryimage"},"image":{"@id":"https:\/\/www.tampereenratikka.fi\/en\/tram-routes\/#primaryimage"},"thumbnailUrl":"https:\/\/www.tampereenratikka.fi\/wp-content\/uploads\/2025\/06\/Visit-Tampere-Tampere-City-Centre-Summer-Mikko-Vares.jpg","datePublished":"2019-06-10T09:22:10+00:00","dateModified":"2026-01-19T12:34:22+00:00","description":"Tampere Tram runs on two lines. Line 1 runs from Kauppi campus area to Pyh\u00e4ll\u00f6npuisto and line 3 runs from Hervantaj\u00e4rvi to Sorin aukio.","breadcrumb":{"@id":"https:\/\/www.tampereenratikka.fi\/en\/tram-routes\/#breadcrumb"},"inLanguage":"en-US","potentialAction":[{"@type":"ReadAction","target":["https:\/\/www.tampereenratikka.fi\/en\/tram-routes\/"]}]},{"@type":"ImageObject","inLanguage":"en-US","@id":"https:\/\/www.tampereenratikka.fi\/en\/tram-routes\/#primaryimage","url":"https:\/\/www.tampereenratikka.fi\/wp-content\/uploads\/2025\/06\/Visit-Tampere-Tampere-City-Centre-Summer-Mikko-Vares.jpg","contentUrl":"https:\/\/www.tampereenratikka.fi\/wp-content\/uploads\/2025\/06\/Visit-Tampere-Tampere-City-Centre-Summer-Mikko-Vares.jpg","width":6048,"height":4032,"caption":"Kuva: Mikko Vares\/ Visit Tampere"},{"@type":"BreadcrumbList","@id":"https:\/\/www.tampereenratikka.fi\/en\/tram-routes\/#breadcrumb","itemListElement":[{"@type":"ListItem","position":1,"name":"","item":"https:\/\/www.tampereenratikka.fi\/en\/"},{"@type":"ListItem","position":2,"name":"Tram routes"}]},{"@type":"WebSite","@id":"https:\/\/www.tampereenratikka.fi\/en\/#website","url":"https:\/\/www.tampereenratikka.fi\/en\/","name":"Tampereen Ratikka","description":"","potentialAction":[{"@type":"SearchAction","target":{"@type":"EntryPoint","urlTemplate":"https:\/\/www.tampereenratikka.fi\/en\/?s={search_term_string}"},"query-input":{"@type":"PropertyValueSpecification","valueRequired":true,"valueName":"search_term_string"}}],"inLanguage":"en-US"}]}},"_links":{"self":[{"href":"https:\/\/www.tampereenratikka.fi\/en\/wp-json\/wp\/v2\/pages\/4211","targetHints":{"allow":["GET"]}}],"collection":[{"href":"https:\/\/www.tampereenratikka.fi\/en\/wp-json\/wp\/v2\/pages"}],"about":[{"href":"https:\/\/www.tampereenratikka.fi\/en\/wp-json\/wp\/v2\/types\/page"}],"author":[{"embeddable":true,"href":"https:\/\/www.tampereenratikka.fi\/en\/wp-json\/wp\/v2\/users\/23"}],"replies":[{"embeddable":true,"href":"https:\/\/www.tampereenratikka.fi\/en\/wp-json\/wp\/v2\/comments?post=4211"}],"version-history":[{"count":34,"href":"https:\/\/www.tampereenratikka.fi\/en\/wp-json\/wp\/v2\/pages\/4211\/revisions"}],"predecessor-version":[{"id":27195,"href":"https:\/\/www.tampereenratikka.fi\/en\/wp-json\/wp\/v2\/pages\/4211\/revisions\/27195"}],"wp:featuredmedia":[{"embeddable":true,"href":"https:\/\/www.tampereenratikka.fi\/en\/wp-json\/wp\/v2\/media\/24996"}],"wp:attachment":[{"href":"https:\/\/www.tampereenratikka.fi\/en\/wp-json\/wp\/v2\/media?parent=4211"}],"curies":[{"name":"wp","href":"https:\/\/api.w.org\/{rel}","templated":true}]}}