{"id":5834,"date":"2020-03-04T11:11:30","date_gmt":"2020-03-04T11:11:30","guid":{"rendered":"https:\/\/www.tampereenratikka.fi\/liikenneturvallisuus\/"},"modified":"2024-10-07T09:55:31","modified_gmt":"2024-10-07T06:55:31","slug":"traffic-safety","status":"publish","type":"page","link":"https:\/\/www.tampereenratikka.fi\/en\/traffic-safety\/","title":{"rendered":"Traffic safety"},"content":{"rendered":"\n<h2 class=\"wp-block-heading has-text-align-center\">Let&#8217;s stay alert together in traffic<\/h2>\n\n\n\n<hr class=\"wp-block-separator has-text-color has-red-color has-css-opacity has-red-background-color has-background\"\/>\n\n\n\n<figure class=\"wp-block-pullquote\"><blockquote><p><strong>Smooth traffic flow is achieved by considering others and following the rules. Improve your tram skills and review the traffic rules of Tram City to ensure smooth traffic.<\/strong><\/p><\/blockquote><\/figure>\n\n\n\n<h2 class=\"wp-block-heading\">Traffic rules of Tramway city<\/h2>\n\n\n\n<h3 class=\"wp-block-heading\">Tram traffic lights<\/h3>\n\n\n\n<p>The tram traffic light is a triangular signal with two red lights at the top and one yellow light at the bottom.<\/p>\n\n\n\n<ul class=\"wp-block-list\">\n<li>The tram traffic lights work on a different principle than the traditional traffic lights. When there is no tram in the vicinity, the tram traffic light are off and the traffic follows familiar rules.<\/li>\n\n\n\n<li>Tram traffic lights are used to direct other traffic in order to ensure free passage for the tram.<\/li>\n\n\n\n<li>Tram traffic lights provide the tram with right of way also in a traffic circle.<\/li>\n\n\n\n<li>Special attention is needed at intersections. Road traffic must anticipate when driving at an intersection that it will be able to cross throughout the intersection during the green light.<\/li>\n<\/ul>\n\n\n\n<div class=\"wp-block-media-text has-media-on-the-right is-stacked-on-mobile\" style=\"grid-template-columns:auto 15%\"><div class=\"wp-block-media-text__content\">\n<h4 class=\"wp-block-heading\">Operating principle of tram traffic lights:<\/h4>\n\n\n\n<ol class=\"wp-block-list\">\n<li>A signal that displays a rapidly flashing yellow light tells road users to <strong>be extra cautious<\/strong>.<\/li>\n\n\n\n<li>When a solid yellow light goes on for 3-5 seconds, cars should <strong>stop<\/strong> if this can be done safely. The tram is approaching!<\/li>\n\n\n\n<li>One\/two solid red lights go on, which means that <strong>cars must not enter an intersection<\/strong> because the tram is coming.<\/li>\n\n\n\n<li>After the tram has passed, the tram traffic light will flash yellow for a few seconds and then the lights will go off and traffic can continue according to the normal rules.<\/li>\n<\/ol>\n<\/div><figure class=\"wp-block-media-text__media\"><img loading=\"lazy\" decoding=\"async\" width=\"386\" height=\"518\" src=\"https:\/\/www.tampereenratikka.fi\/wp-content\/uploads\/2024\/05\/Raitiovaunuvalot-Tampereen-Ratikka.png\" alt=\"Raitiovaunuvalot\" class=\"wp-image-19810 size-full\" srcset=\"https:\/\/www.tampereenratikka.fi\/wp-content\/uploads\/2024\/05\/Raitiovaunuvalot-Tampereen-Ratikka.png 386w, https:\/\/www.tampereenratikka.fi\/wp-content\/uploads\/2024\/05\/Raitiovaunuvalot-Tampereen-Ratikka-224x300.png 224w\" sizes=\"auto, (max-width: 386px) 100vw, 386px\" \/><\/figure><\/div>\n\n\n\n<figure class=\"wp-block-embed is-type-video is-provider-youtube wp-block-embed-youtube wp-embed-aspect-16-9 wp-has-aspect-ratio\"><div class=\"wp-block-embed__wrapper\">\n<iframe loading=\"lazy\" title=\"Tampereen Ratikka - Raitiovaunuvalojen toiminta\" width=\"500\" height=\"281\" src=\"https:\/\/www.youtube.com\/embed\/E4M-Zm1u0rI?feature=oembed\" frameborder=\"0\" allow=\"accelerometer; autoplay; clipboard-write; encrypted-media; gyroscope; picture-in-picture; web-share\" referrerpolicy=\"strict-origin-when-cross-origin\" allowfullscreen><\/iframe>\n<\/div><\/figure>\n\n\n\n<h3 class=\"wp-block-heading\">The tram at an uncontrolled intersection<\/h3>\n\n\n\n<p>The tram has right of way at an uncontrolled intersection, so drivers should get used to also looking to the left when arriving at an intersection.<\/p>\n\n\n\n<figure class=\"wp-block-embed is-type-video is-provider-youtube wp-block-embed-youtube wp-embed-aspect-16-9 wp-has-aspect-ratio\"><div class=\"wp-block-embed__wrapper\">\n<iframe loading=\"lazy\" title=\"Tampereen Ratikka - Ratikan v\u00e4ist\u00e4minen\" width=\"500\" height=\"281\" src=\"https:\/\/www.youtube.com\/embed\/uLoVh0ki6BU?feature=oembed\" frameborder=\"0\" allow=\"accelerometer; autoplay; clipboard-write; encrypted-media; gyroscope; picture-in-picture; web-share\" referrerpolicy=\"strict-origin-when-cross-origin\" allowfullscreen><\/iframe>\n<\/div><\/figure>\n\n\n\n<h3 class=\"wp-block-heading\">Pedestrian crossings<\/h3>\n\n\n\n<ul class=\"wp-block-list\">\n<li><strong>At pedestrian crossings<\/strong>, pavement markings (a zebra crossing) run across the road and track. Usually, there are also traffic lights at a pedestrian crossing<\/li>\n\n\n\n<li>The tram will yield to you at a pedestrian crossing<\/li>\n\n\n\n<li>Remember to always look both ways to make sure it\u2019s safe to cross the track. The Tampere tram is a quiet mode of transport and it cannot stop suddenly.<\/li>\n\n\n\n<li>In H\u00e4meenkatu, there are light-guided pedestrian crossings at Rautatienkatu, Pellavatehtaankatu, N\u00e4silinnankatu, Aleksis Kiven katu and H\u00e4meenpuisto. All pedestrian crossings in Pirkankatu are light-guided.<\/li>\n\n\n\n<li>In addition to pedestrian crossings, pedestrians have the option of crossing the street at designated crossovers.<\/li>\n<\/ul>\n\n\n\n<h3 class=\"wp-block-heading\">Designated crossovers<\/h3>\n\n\n\n<ul class=\"wp-block-list\">\n<li><strong>At designated crossover&nbsp;<\/strong>there are no pavement markings running across the road and track<\/li>\n\n\n\n<li>At designated crossovers, pedestrians must give way to trams, buses and other approaching vehicles<\/li>\n\n\n\n<li>Attention is always necessary, as a heavy tram cannot suddenly stop and swerve around pedestrians<\/li>\n\n\n\n<li>Check the markings (traffic signs and\/or pavement markings) so you know when you are entering a pedestrian crossing!<\/li>\n<\/ul>\n\n\n\n<figure class=\"wp-block-embed is-type-video is-provider-youtube wp-block-embed-youtube wp-embed-aspect-16-9 wp-has-aspect-ratio\"><div class=\"wp-block-embed__wrapper\">\n<iframe loading=\"lazy\" title=\"Tampereen Ratikka - Raitiotien ylityspaikat\" width=\"500\" height=\"281\" src=\"https:\/\/www.youtube.com\/embed\/HP8KR9HDhqE?feature=oembed\" frameborder=\"0\" allow=\"accelerometer; autoplay; clipboard-write; encrypted-media; gyroscope; picture-in-picture; web-share\" referrerpolicy=\"strict-origin-when-cross-origin\" allowfullscreen><\/iframe>\n<\/div><\/figure>\n\n\n\n<h3 class=\"wp-block-heading\">Roundabouts<\/h3>\n\n\n\n<ul class=\"wp-block-list\">\n<li>At roundabouts, motorists are guided by tram traffic lights. They give priority for the tram at the roundabout.<\/li>\n\n\n\n<li>Tram traffic light control is needed at roundabouts because the tramway has a right of way and it would be difficult for motorists to spot the tram coming from behind, for example.<\/li>\n\n\n\n<li>In situations where the tram is not coming, motorists should behave in the same way as at any roundabout.<\/li>\n<\/ul>\n\n\n\n<h3 class=\"wp-block-heading\">Mixed traffic lanes<\/h3>\n\n\n\n<ul class=\"wp-block-list\">\n<li>Cars and the tram will be using the same lane in Insin\u00f6\u00f6rinkatu and Tekunkatu.<\/li>\n\n\n\n<li>Buses, taxis and service traffic run on H\u00e4meenkatu in the same lanes as the tram<br>\u2022 The speed limit on H\u00e4meenkatu is 20 km\/h<\/li>\n\n\n\n<li>If there are parking places on the edge of the lane, be careful when you park to ensure that the tram can get by.<\/li>\n<\/ul>\n\n\n\n<figure class=\"wp-block-embed is-type-video is-provider-youtube wp-block-embed-youtube wp-embed-aspect-16-9 wp-has-aspect-ratio\"><div class=\"wp-block-embed__wrapper\">\n<iframe loading=\"lazy\" title=\"Tampereen Ratikka - Sekaliikennekatu\" width=\"500\" height=\"281\" src=\"https:\/\/www.youtube.com\/embed\/ZPA3Y-W0YWw?feature=oembed\" frameborder=\"0\" allow=\"accelerometer; autoplay; clipboard-write; encrypted-media; gyroscope; picture-in-picture; web-share\" referrerpolicy=\"strict-origin-when-cross-origin\" allowfullscreen><\/iframe>\n<\/div><\/figure>\n\n\n\n<h3 class=\"wp-block-heading\">Public transport corridor<\/h3>\n\n\n\n<ul class=\"wp-block-list\">\n<li>A public transport corridor is a place where only buses, trams and taxis can drive.<\/li>\n\n\n\n<li>Driving for service purposes and driving into yards is only permitted when indicated by an additional panel.<\/li>\n\n\n\n<li>Public transport corridors have transfer stop areas where passengers can transfer from a tram to bus and vice versa.<\/li>\n\n\n\n<li>Special attention should be focused on Insin\u00f6\u00f6rinkatu: there is a public transport corridor between Orivedenkatu and Opiskelijankatu and at the site of the Duo Shopping Centre. Taxis are permitted to drive to this public transport corridor \u2013 other traffic not<\/li>\n\n\n\n<li>It\u2019s a good idea to get used to driving into the shopping centre parking hall and parking lot via Hervannan valtav\u00e4yl\u00e4.<\/li>\n\n\n\n<li>Driving into yards is permitted on the public transport corridor section between Ahvenispolku and Teekkarinkatu, but driving through Insin\u00f6\u00f6rinkatu to Lindforsinkatu is forbidden.<\/li>\n\n\n\n<li>H\u00e4meenkatu is a walking-oriented public transportation street<\/li>\n<\/ul>\n\n\n\n<h2 class=\"wp-block-heading\">Materials for schools and daycares<\/h2>\n\n\n\n<div class=\"wp-block-file\"><a id=\"wp-block-file--media-aebcbdc7-303b-45c9-84ab-2ee8f5eb960d\" href=\"https:\/\/www.tampereenratikka.fi\/wp-content\/uploads\/2024\/07\/Tampereen-Ratikka-liikenneturvallisuus-kouluille-ja-paivakodeille-englanti-2024.pptx\">Tampere Tramway Traffic Safety for schools and daycare<\/a><a href=\"https:\/\/www.tampereenratikka.fi\/wp-content\/uploads\/2024\/07\/Tampereen-Ratikka-liikenneturvallisuus-kouluille-ja-paivakodeille-englanti-2024.pptx\" class=\"wp-block-file__button wp-element-button\" download aria-describedby=\"wp-block-file--media-aebcbdc7-303b-45c9-84ab-2ee8f5eb960d\">Lataa<\/a><\/div>\n\n\n\n<h3 class=\"wp-block-heading\">Tram news<\/h3>\n\n\n\n<p>Tram News explain elementary school students about the&nbsp;news events&nbsp;of the Tramway city in an inspiring and understandable way.<\/p>\n\n\n\n<p>The video has been made in collaboration with Wiwi L\u00f6nn School, Class 5B.<\/p>\n\n\n\n<figure class=\"wp-block-embed is-type-video is-provider-youtube wp-block-embed-youtube wp-embed-aspect-16-9 wp-has-aspect-ratio\"><div class=\"wp-block-embed__wrapper\">\n<iframe loading=\"lazy\" title=\"Tampereen Ratikka - Ratikka-Uutiset\" width=\"500\" height=\"281\" src=\"https:\/\/www.youtube.com\/embed\/1qkOrG6gmH4?feature=oembed\" frameborder=\"0\" allow=\"accelerometer; autoplay; clipboard-write; encrypted-media; gyroscope; picture-in-picture; web-share\" referrerpolicy=\"strict-origin-when-cross-origin\" allowfullscreen><\/iframe>\n<\/div><\/figure>\n\n\n\n<h3 class=\"wp-block-heading\">  R.A. Tikka and Ratikkabongari &#8211; At the tram stop<\/h3>\n\n\n\n<figure class=\"wp-block-embed is-type-video is-provider-youtube wp-block-embed-youtube wp-embed-aspect-16-9 wp-has-aspect-ratio\"><div class=\"wp-block-embed__wrapper\">\n<iframe loading=\"lazy\" title=\"Tampereen Ratikka - R.A. Tikka ja Ratikkabongari Ratikkapys\u00e4kill\u00e4\" width=\"500\" height=\"281\" src=\"https:\/\/www.youtube.com\/embed\/YifQFmBNbLY?start=1&#038;feature=oembed\" frameborder=\"0\" allow=\"accelerometer; autoplay; clipboard-write; encrypted-media; gyroscope; picture-in-picture; web-share\" referrerpolicy=\"strict-origin-when-cross-origin\" allowfullscreen><\/iframe>\n<\/div><\/figure>\n\n\n\n<h3 class=\"wp-block-heading\"> R.A. Tikka and Ratikkabongari &#8211; Crossing tracks<\/h3>\n\n\n\n<figure class=\"wp-block-embed is-type-video is-provider-youtube wp-block-embed-youtube wp-embed-aspect-16-9 wp-has-aspect-ratio\"><div class=\"wp-block-embed__wrapper\">\n<iframe loading=\"lazy\" title=\"Tampereen Ratikka - Raiteiden ylitt\u00e4minen R.A. Tikan ja Ratikkabongarin kanssa\" width=\"500\" height=\"281\" src=\"https:\/\/www.youtube.com\/embed\/BEfMh6Qnf44?start=10&#038;feature=oembed\" frameborder=\"0\" allow=\"accelerometer; autoplay; clipboard-write; encrypted-media; gyroscope; picture-in-picture; web-share\" referrerpolicy=\"strict-origin-when-cross-origin\" allowfullscreen><\/iframe>\n<\/div><\/figure>\n\n\n\n<h3 class=\"wp-block-heading\">R.A. Tikka and Ratikkabongari &#8211; The ABC of Tram travel<\/h3>\n\n\n\n<figure class=\"wp-block-embed is-type-video is-provider-youtube wp-block-embed-youtube wp-embed-aspect-16-9 wp-has-aspect-ratio\"><div class=\"wp-block-embed__wrapper\">\n<iframe loading=\"lazy\" title=\"Tampereen Ratikka - Ratikalla matkustamisen ABC  R.A. Tikan ja Ratikkabongarin kanssa\" width=\"500\" height=\"281\" src=\"https:\/\/www.youtube.com\/embed\/3pqwARTMuVY?start=3&#038;feature=oembed\" frameborder=\"0\" allow=\"accelerometer; autoplay; clipboard-write; encrypted-media; gyroscope; picture-in-picture; web-share\" referrerpolicy=\"strict-origin-when-cross-origin\" allowfullscreen><\/iframe>\n<\/div><\/figure>\n","protected":false},"excerpt":{"rendered":"<p>Let&#8217;s stay alert together in traffic Smooth traffic flow is achieved by considering others and following the rules. Improve your tram skills and review the traffic rules of Tram City to ensure smooth traffic. Traffic rules of Tramway city Tram traffic lights The tram traffic light is a triangular signal with two red lights at [&hellip;]<\/p>\n","protected":false},"author":17,"featured_media":6090,"parent":0,"menu_order":0,"comment_status":"closed","ping_status":"closed","template":"","meta":{"_acf_changed":false,"footnotes":""},"class_list":["post-5834","page","type-page","status-publish","has-post-thumbnail","hentry"],"acf":[],"yoast_head":"<!-- This site is optimized with the Yoast SEO plugin v27.4 - https:\/\/yoast.com\/product\/yoast-seo-wordpress\/ -->\n<title>Traffic safety | Tampereen Ratikka<\/title>\n<meta name=\"description\" content=\"On this page, you will find information about traffic safety in a Tram city. You can also download traffic safety materials for your use.\" \/>\n<meta name=\"robots\" content=\"index, follow, max-snippet:-1, max-image-preview:large, max-video-preview:-1\" \/>\n<link rel=\"canonical\" href=\"https:\/\/www.tampereenratikka.fi\/en\/traffic-safety\/\" \/>\n<meta property=\"og:locale\" content=\"en_US\" \/>\n<meta property=\"og:type\" content=\"article\" \/>\n<meta property=\"og:title\" content=\"Traffic safety | Tampereen Ratikka\" \/>\n<meta property=\"og:description\" content=\"Tampereen Ratikka-aika alkaa maaliskuussa koeajoilla. Tutustu Ratikkakaupungin liikennes\u00e4\u00e4nt\u00f6ihin ja liikenneturvallisuusmateriaaleihin.\" \/>\n<meta property=\"og:url\" content=\"https:\/\/www.tampereenratikka.fi\/en\/traffic-safety\/\" \/>\n<meta property=\"og:site_name\" content=\"Tampereen Ratikka\" \/>\n<meta property=\"article:modified_time\" content=\"2024-10-07T06:55:31+00:00\" \/>\n<meta property=\"og:image\" content=\"https:\/\/www.tampereenratikka.fi\/wp-content\/uploads\/2020\/06\/RATIKKA_liikennesaannot_header_EN-scaled.jpg\" \/>\n\t<meta property=\"og:image:width\" content=\"9583\" \/>\n\t<meta property=\"og:image:height\" content=\"2417\" \/>\n\t<meta property=\"og:image:type\" content=\"image\/jpeg\" \/>\n<meta name=\"twitter:card\" content=\"summary_large_image\" \/>\n<meta name=\"twitter:label1\" content=\"Est. reading time\" \/>\n\t<meta name=\"twitter:data1\" content=\"6 minutes\" \/>\n<script type=\"application\/ld+json\" class=\"yoast-schema-graph\">{\"@context\":\"https:\\\/\\\/schema.org\",\"@graph\":[{\"@type\":\"WebPage\",\"@id\":\"https:\\\/\\\/www.tampereenratikka.fi\\\/en\\\/traffic-safety\\\/\",\"url\":\"https:\\\/\\\/www.tampereenratikka.fi\\\/en\\\/traffic-safety\\\/\",\"name\":\"Traffic safety | Tampereen Ratikka\",\"isPartOf\":{\"@id\":\"https:\\\/\\\/www.tampereenratikka.fi\\\/en\\\/#website\"},\"primaryImageOfPage\":{\"@id\":\"https:\\\/\\\/www.tampereenratikka.fi\\\/en\\\/traffic-safety\\\/#primaryimage\"},\"image\":{\"@id\":\"https:\\\/\\\/www.tampereenratikka.fi\\\/en\\\/traffic-safety\\\/#primaryimage\"},\"thumbnailUrl\":\"https:\\\/\\\/www.tampereenratikka.fi\\\/wp-content\\\/uploads\\\/2020\\\/06\\\/RATIKKA_liikennesaannot_header_EN-scaled.jpg\",\"datePublished\":\"2020-03-04T11:11:30+00:00\",\"dateModified\":\"2024-10-07T06:55:31+00:00\",\"description\":\"On this page, you will find information about traffic safety in a Tram city. You can also download traffic safety materials for your use.\",\"breadcrumb\":{\"@id\":\"https:\\\/\\\/www.tampereenratikka.fi\\\/en\\\/traffic-safety\\\/#breadcrumb\"},\"inLanguage\":\"en-US\",\"potentialAction\":[{\"@type\":\"ReadAction\",\"target\":[\"https:\\\/\\\/www.tampereenratikka.fi\\\/en\\\/traffic-safety\\\/\"]}]},{\"@type\":\"ImageObject\",\"inLanguage\":\"en-US\",\"@id\":\"https:\\\/\\\/www.tampereenratikka.fi\\\/en\\\/traffic-safety\\\/#primaryimage\",\"url\":\"https:\\\/\\\/www.tampereenratikka.fi\\\/wp-content\\\/uploads\\\/2020\\\/06\\\/RATIKKA_liikennesaannot_header_EN-scaled.jpg\",\"contentUrl\":\"https:\\\/\\\/www.tampereenratikka.fi\\\/wp-content\\\/uploads\\\/2020\\\/06\\\/RATIKKA_liikennesaannot_header_EN-scaled.jpg\",\"width\":9583,\"height\":2417},{\"@type\":\"BreadcrumbList\",\"@id\":\"https:\\\/\\\/www.tampereenratikka.fi\\\/en\\\/traffic-safety\\\/#breadcrumb\",\"itemListElement\":[{\"@type\":\"ListItem\",\"position\":1,\"name\":\"\",\"item\":\"https:\\\/\\\/www.tampereenratikka.fi\\\/en\\\/\"},{\"@type\":\"ListItem\",\"position\":2,\"name\":\"Traffic safety\"}]},{\"@type\":\"WebSite\",\"@id\":\"https:\\\/\\\/www.tampereenratikka.fi\\\/en\\\/#website\",\"url\":\"https:\\\/\\\/www.tampereenratikka.fi\\\/en\\\/\",\"name\":\"Tampereen Ratikka\",\"description\":\"\",\"potentialAction\":[{\"@type\":\"SearchAction\",\"target\":{\"@type\":\"EntryPoint\",\"urlTemplate\":\"https:\\\/\\\/www.tampereenratikka.fi\\\/en\\\/?s={search_term_string}\"},\"query-input\":{\"@type\":\"PropertyValueSpecification\",\"valueRequired\":true,\"valueName\":\"search_term_string\"}}],\"inLanguage\":\"en-US\"}]}<\/script>\n<!-- \/ Yoast SEO plugin. -->","yoast_head_json":{"title":"Traffic safety | Tampereen Ratikka","description":"On this page, you will find information about traffic safety in a Tram city. You can also download traffic safety materials for your use.","robots":{"index":"index","follow":"follow","max-snippet":"max-snippet:-1","max-image-preview":"max-image-preview:large","max-video-preview":"max-video-preview:-1"},"canonical":"https:\/\/www.tampereenratikka.fi\/en\/traffic-safety\/","og_locale":"en_US","og_type":"article","og_title":"Traffic safety | Tampereen Ratikka","og_description":"Tampereen Ratikka-aika alkaa maaliskuussa koeajoilla. Tutustu Ratikkakaupungin liikennes\u00e4\u00e4nt\u00f6ihin ja liikenneturvallisuusmateriaaleihin.","og_url":"https:\/\/www.tampereenratikka.fi\/en\/traffic-safety\/","og_site_name":"Tampereen Ratikka","article_modified_time":"2024-10-07T06:55:31+00:00","og_image":[{"width":9583,"height":2417,"url":"https:\/\/www.tampereenratikka.fi\/wp-content\/uploads\/2020\/06\/RATIKKA_liikennesaannot_header_EN-scaled.jpg","type":"image\/jpeg"}],"twitter_card":"summary_large_image","twitter_misc":{"Est. reading time":"6 minutes"},"schema":{"@context":"https:\/\/schema.org","@graph":[{"@type":"WebPage","@id":"https:\/\/www.tampereenratikka.fi\/en\/traffic-safety\/","url":"https:\/\/www.tampereenratikka.fi\/en\/traffic-safety\/","name":"Traffic safety | Tampereen Ratikka","isPartOf":{"@id":"https:\/\/www.tampereenratikka.fi\/en\/#website"},"primaryImageOfPage":{"@id":"https:\/\/www.tampereenratikka.fi\/en\/traffic-safety\/#primaryimage"},"image":{"@id":"https:\/\/www.tampereenratikka.fi\/en\/traffic-safety\/#primaryimage"},"thumbnailUrl":"https:\/\/www.tampereenratikka.fi\/wp-content\/uploads\/2020\/06\/RATIKKA_liikennesaannot_header_EN-scaled.jpg","datePublished":"2020-03-04T11:11:30+00:00","dateModified":"2024-10-07T06:55:31+00:00","description":"On this page, you will find information about traffic safety in a Tram city. You can also download traffic safety materials for your use.","breadcrumb":{"@id":"https:\/\/www.tampereenratikka.fi\/en\/traffic-safety\/#breadcrumb"},"inLanguage":"en-US","potentialAction":[{"@type":"ReadAction","target":["https:\/\/www.tampereenratikka.fi\/en\/traffic-safety\/"]}]},{"@type":"ImageObject","inLanguage":"en-US","@id":"https:\/\/www.tampereenratikka.fi\/en\/traffic-safety\/#primaryimage","url":"https:\/\/www.tampereenratikka.fi\/wp-content\/uploads\/2020\/06\/RATIKKA_liikennesaannot_header_EN-scaled.jpg","contentUrl":"https:\/\/www.tampereenratikka.fi\/wp-content\/uploads\/2020\/06\/RATIKKA_liikennesaannot_header_EN-scaled.jpg","width":9583,"height":2417},{"@type":"BreadcrumbList","@id":"https:\/\/www.tampereenratikka.fi\/en\/traffic-safety\/#breadcrumb","itemListElement":[{"@type":"ListItem","position":1,"name":"","item":"https:\/\/www.tampereenratikka.fi\/en\/"},{"@type":"ListItem","position":2,"name":"Traffic safety"}]},{"@type":"WebSite","@id":"https:\/\/www.tampereenratikka.fi\/en\/#website","url":"https:\/\/www.tampereenratikka.fi\/en\/","name":"Tampereen Ratikka","description":"","potentialAction":[{"@type":"SearchAction","target":{"@type":"EntryPoint","urlTemplate":"https:\/\/www.tampereenratikka.fi\/en\/?s={search_term_string}"},"query-input":{"@type":"PropertyValueSpecification","valueRequired":true,"valueName":"search_term_string"}}],"inLanguage":"en-US"}]}},"_links":{"self":[{"href":"https:\/\/www.tampereenratikka.fi\/en\/wp-json\/wp\/v2\/pages\/5834","targetHints":{"allow":["GET"]}}],"collection":[{"href":"https:\/\/www.tampereenratikka.fi\/en\/wp-json\/wp\/v2\/pages"}],"about":[{"href":"https:\/\/www.tampereenratikka.fi\/en\/wp-json\/wp\/v2\/types\/page"}],"author":[{"embeddable":true,"href":"https:\/\/www.tampereenratikka.fi\/en\/wp-json\/wp\/v2\/users\/17"}],"replies":[{"embeddable":true,"href":"https:\/\/www.tampereenratikka.fi\/en\/wp-json\/wp\/v2\/comments?post=5834"}],"version-history":[{"count":50,"href":"https:\/\/www.tampereenratikka.fi\/en\/wp-json\/wp\/v2\/pages\/5834\/revisions"}],"predecessor-version":[{"id":21217,"href":"https:\/\/www.tampereenratikka.fi\/en\/wp-json\/wp\/v2\/pages\/5834\/revisions\/21217"}],"wp:featuredmedia":[{"embeddable":true,"href":"https:\/\/www.tampereenratikka.fi\/en\/wp-json\/wp\/v2\/media\/6090"}],"wp:attachment":[{"href":"https:\/\/www.tampereenratikka.fi\/en\/wp-json\/wp\/v2\/media?parent=5834"}],"curies":[{"name":"wp","href":"https:\/\/api.w.org\/{rel}","templated":true}]}}